{"id":332,"date":"2020-12-27T13:40:49","date_gmt":"2020-12-27T13:40:49","guid":{"rendered":"https:\/\/pandagreens.com\/?post_type=product&#038;p=332"},"modified":"2021-02-23T01:04:24","modified_gmt":"2021-02-23T01:04:24","slug":"artificial-boxwood-hedges-milan","status":"publish","type":"product","link":"https:\/\/pandagreens.com\/es\/producto\/artificial-boxwood-hedges-milan\/","title":{"rendered":"Setos de boj artificial-Mil\u00e1n"},"content":{"rendered":"<p>Nuestras esteras para setos artificiales de boj tienen un tama\u00f1o normal de 50 cm x 50 cm y se pueden personalizar. Cubra las hojas con un panel de pl\u00e1stico resistente, flexible para que pueda crear curvas y esquinas de forma natural.<\/p>\n<p>Todos los paneles de setos artificiales que proporcionamos est\u00e1n hechos de polietileno en bruto no t\u00f3xico. Es totalmente reciclable, apto para ni\u00f1os y mascotas.<\/p>\n<h3>Detalles de producto<\/h3>\n<p><img loading=\"lazy\" decoding=\"async\" class=\"wp-image-346 size-full alignnone\" src=\"https:\/\/pandagreens.com\/wp-content\/uploads\/2020\/12\/Artificial-hedge-Mat-Milan-Details-01.jpg\" alt=\"\" width=\"652\" height=\"828\" srcset=\"https:\/\/pandagreens.com\/wp-content\/uploads\/2020\/12\/Artificial-hedge-Mat-Milan-Details-01.jpg 652w, https:\/\/pandagreens.com\/wp-content\/uploads\/2020\/12\/Artificial-hedge-Mat-Milan-Details-01-472x600.jpg 472w, https:\/\/pandagreens.com\/wp-content\/uploads\/2020\/12\/Artificial-hedge-Mat-Milan-Details-01-510x648.jpg 510w\" sizes=\"auto, (max-width: 652px) 100vw, 652px\" \/><\/p>\n<div class=\"row\"  id=\"row-577022509\">\n\n\n\t<div id=\"col-2057699226\" class=\"col small-12 large-12\"  >\n\t\t\t\t<div class=\"col-inner\"  >\n\t\t\t\n\t\t\t\n\n<h3>Tama\u00f1o y embalaje:\u00a0<\/h3>\n<p>El tama\u00f1o est\u00e1ndar: 50 cm x 50 cm por pieza;<br \/>Tama\u00f1o del cart\u00f3n: 52 cm * 52 cm * 30 cm<br \/>Cantidad: 12 piezas \/ cart\u00f3n<\/p>\n<p><img loading=\"lazy\" decoding=\"async\" class=\"alignnone wp-image-350 size-full\" src=\"https:\/\/pandagreens.com\/wp-content\/uploads\/2020\/12\/Artificial-Hedge-Packing.jpg\" alt=\"\" width=\"750\" height=\"804\" srcset=\"https:\/\/pandagreens.com\/wp-content\/uploads\/2020\/12\/Artificial-Hedge-Packing.jpg 750w, https:\/\/pandagreens.com\/wp-content\/uploads\/2020\/12\/Artificial-Hedge-Packing-560x600.jpg 560w, https:\/\/pandagreens.com\/wp-content\/uploads\/2020\/12\/Artificial-Hedge-Packing-510x547.jpg 510w\" sizes=\"auto, (max-width: 750px) 100vw, 750px\" \/><\/p>\n\n\t\t<\/div>\n\t\t\t\t\t<\/div>\n\n\t\n\n<\/div>\n<div class=\"row\"  id=\"row-606787780\">\n\n\n\t<div id=\"col-791481239\" class=\"col small-12 large-12\"  >\n\t\t\t\t<div class=\"col-inner\"  >\n\t\t\t\n\t\t\t\n\n<h3>\u00bfPor qu\u00e9 los paneles de cobertura artificiales PandaGreens?<\/h3>\n<p><strong>100% PE fresco<br \/><\/strong>PandaGreens utiliza polietileno fresco 100% para hacer las hojas, flores y rejilla. Esto asegura la larga vida \u00fatil de nuestros productos de cobertura artificial. A diferencia de algunos proveedores que venden coberturas falsas baratas hechas con materiales reciclados, que envejecer\u00e1n y se desvanecer\u00e1n r\u00e1pidamente.<\/p>\n<p><strong>Resistencia a los rayos UV \/ resistencia al fuego (opcional)<br \/><\/strong>La resistencia a los rayos UV es una caracter\u00edstica obligatoria para los setos artificiales al aire libre. Ofrecemos 3 a\u00f1os de garant\u00eda para setos con clasificaci\u00f3n UV. La vida \u00fatil esperada puede ser de 5 a\u00f1os para uso en exteriores y de 8 a\u00f1os para uso en interiores. Tambi\u00e9n se encuentran disponibles paneles de setos artificiales resistentes al fuego personalizados.<\/p>\n<p><strong>Realista y de colores brillantes<br \/><\/strong>PandaGreens ofrece casi los setos artificiales m\u00e1s realistas del mercado. Tenemos una l\u00ednea completa de productos que incluyen esteras para setos artificiales, paneles de jard\u00edn verticales vivos, hojas artificiales separadas, flores ... Todas estas plantas son tan buenas como las naturales, sin mantenimiento.<\/p>\n\n\t\t<\/div>\n\t\t\t\t\t<\/div>\n\n\t\n\n<\/div>","protected":false},"excerpt":{"rendered":"<p>Es uno de nuestros paneles de setos artificiales m\u00e1s populares, el seto de boj artificial PandaGreen Mil\u00e1n es un producto excelente para agregar belleza natural a cualquier dise\u00f1o. Con los paneles de setos artificiales de Mil\u00e1n, puede agregar f\u00e1cilmente una vegetaci\u00f3n exuberante dentro de su hogar o negocio, o para usos exteriores.<\/p>\n<p>C\u00d3DIGO DEL ART\u00cdCULO: M4P \/ M4F<br \/>\nMATERIAL: 100% nuevo PE fresco<br \/>\nTAMA\u00d1O REGULAR: 50 cm x 50 cm (20 \u2033 * 20 \u2033)<br \/>\nESTABLE UV \/ RESISTENTE AL FUEGO: S\u00ed u Opcional<br \/>\nOCASI\u00d3N: Exterior; interior<br \/>\nGARANT\u00cdA: Exterior 3 a\u00f1os; interior 5 a\u00f1os<br \/>\nMOQ: 100 metros cuadrados<\/p>","protected":false},"featured_media":329,"comment_status":"closed","ping_status":"closed","template":"","meta":[],"product_brand":[],"product_cat":[15],"product_tag":[],"class_list":{"0":"post-332","1":"product","2":"type-product","3":"status-publish","4":"has-post-thumbnail","6":"product_cat-artificial-hedge-mat","8":"first","9":"instock","10":"featured","11":"shipping-taxable","12":"product-type-simple"},"_links":{"self":[{"href":"https:\/\/pandagreens.com\/es\/wp-json\/wp\/v2\/product\/332","targetHints":{"allow":["GET"]}}],"collection":[{"href":"https:\/\/pandagreens.com\/es\/wp-json\/wp\/v2\/product"}],"about":[{"href":"https:\/\/pandagreens.com\/es\/wp-json\/wp\/v2\/types\/product"}],"replies":[{"embeddable":true,"href":"https:\/\/pandagreens.com\/es\/wp-json\/wp\/v2\/comments?post=332"}],"wp:featuredmedia":[{"embeddable":true,"href":"https:\/\/pandagreens.com\/es\/wp-json\/wp\/v2\/media\/329"}],"wp:attachment":[{"href":"https:\/\/pandagreens.com\/es\/wp-json\/wp\/v2\/media?parent=332"}],"wp:term":[{"taxonomy":"product_brand","embeddable":true,"href":"https:\/\/pandagreens.com\/es\/wp-json\/wp\/v2\/product_brand?post=332"},{"taxonomy":"product_cat","embeddable":true,"href":"https:\/\/pandagreens.com\/es\/wp-json\/wp\/v2\/product_cat?post=332"},{"taxonomy":"product_tag","embeddable":true,"href":"https:\/\/pandagreens.com\/es\/wp-json\/wp\/v2\/product_tag?post=332"}],"curies":[{"name":"wp","href":"https:\/\/api.w.org\/{rel}","templated":true}]}}