{"id":357,"date":"2020-12-31T11:51:47","date_gmt":"2020-12-31T11:51:47","guid":{"rendered":"https:\/\/pandagreens.com\/?post_type=product&#038;p=357"},"modified":"2021-01-20T09:25:30","modified_gmt":"2021-01-20T09:25:30","slug":"vertical-garden-panel-x97","status":"publish","type":"product","link":"https:\/\/pandagreens.com\/es\/producto\/vertical-garden-panel-x97\/","title":{"rendered":"Panel de jard\u00edn vertical X97"},"content":{"rendered":"<p>Un producto de panel de pared vivo realista. Parece un bosque en miniatura, que contiene varios tipos de hojas artificiales. Todas las plantas se fabrican con polietileno fresco 100%. No solo se ven muy realistas, sino que tambi\u00e9n se sienten muy realistas. Tama\u00f1o del panel 100 cm * 100 cm. Es la forma ecol\u00f3gica perfecta de proporcionar vegetaci\u00f3n sin mantenimiento en interiores o exteriores.<\/p>\n<p><img loading=\"lazy\" decoding=\"async\" class=\"alignnone wp-image-492\" src=\"https:\/\/pandagreens.com\/wp-content\/uploads\/2021\/01\/Vertical-Garden-Panel-X97-600x453.jpg\" alt=\"\" width=\"500\" height=\"377\" srcset=\"https:\/\/pandagreens.com\/wp-content\/uploads\/2021\/01\/Vertical-Garden-Panel-X97-600x453.jpg 600w, https:\/\/pandagreens.com\/wp-content\/uploads\/2021\/01\/Vertical-Garden-Panel-X97-768x580.jpg 768w, https:\/\/pandagreens.com\/wp-content\/uploads\/2021\/01\/Vertical-Garden-Panel-X97-510x385.jpg 510w, https:\/\/pandagreens.com\/wp-content\/uploads\/2021\/01\/Vertical-Garden-Panel-X97.jpg 800w\" sizes=\"auto, (max-width: 500px) 100vw, 500px\" \/><\/p>\n<p style=\"user-select: auto;\">\n<div class=\"row\"  id=\"row-564819168\">\n\n<\/p>\n<p style=\"user-select: auto;\">\n\n\t<div id=\"col-1817601606\" class=\"col small-12 large-12\"  >\n\t\t\t\t<div class=\"col-inner\"  >\n\t\t\t\n\t\t\t\n\n<h3>Una mini selva tropical<\/h3>\n<p>Plantas frondosas de estilo tropical cuidadosamente seleccionadas combinadas para proporcionar una apariencia realista. Los paneles de jard\u00edn verticales est\u00e1n hechos con varios tipos de plantas a varias profundidades, ensambladas a una alta densidad, pareciendo una mini selva tropical. Cada hoja est\u00e1 moldeada individualmente para proporcionar un seto que no se distingue del real.<\/p>\n<h3 style=\"user-select: auto;\">Tama\u00f1o y embalaje:<\/h3>\n<p style=\"user-select: auto;\">Tama\u00f1o est\u00e1ndar del panel: 100 cm x 100 cm por pieza;<br \/>Tama\u00f1o del cart\u00f3n: 102 cm * 52 cm * 40 cm<br style=\"user-select: auto;\" \/>Cantidad: 5 piezas \/ cart\u00f3n<\/p>\n<p style=\"user-select: auto;\"><img loading=\"lazy\" decoding=\"async\" class=\"alignnone wp-image-350 size-full\" style=\"user-select: auto;\" src=\"https:\/\/pandagreens.com\/wp-content\/uploads\/2020\/12\/Artificial-Hedge-Packing.jpg\" alt=\"\" width=\"750\" height=\"804\" srcset=\"https:\/\/pandagreens.com\/wp-content\/uploads\/2020\/12\/Artificial-Hedge-Packing.jpg 750w, https:\/\/pandagreens.com\/wp-content\/uploads\/2020\/12\/Artificial-Hedge-Packing-560x600.jpg 560w, https:\/\/pandagreens.com\/wp-content\/uploads\/2020\/12\/Artificial-Hedge-Packing-510x547.jpg 510w\" sizes=\"auto, (max-width: 750px) 100vw, 750px\" \/><\/p>\n<p style=\"user-select: auto;\">\u00a0<\/p>\n\n\t\t<\/div>\n\t\t\t\t\t<\/div>\n\n\t\n<\/p>\n<p style=\"user-select: auto;\">\n\n<\/div>\n<\/p>\n<div class=\"row\"  id=\"row-1554345068\">\n\n\n\t<div id=\"col-1127704004\" class=\"col small-12 large-12\"  >\n\t\t\t\t<div class=\"col-inner\"  >\n\t\t\t\n\t\t\t\n\n<h3>\u00bfPor qu\u00e9 los paneles de cobertura artificiales PandaGreens?<\/h3>\n<p><strong>100% PE fresco<br \/><\/strong>PandaGreens utiliza polietileno fresco 100% para hacer las hojas, flores y rejilla. Esto asegura la larga vida \u00fatil de nuestros productos de cobertura artificial. A diferencia de algunos proveedores que venden coberturas falsas baratas hechas con materiales reciclados, que envejecer\u00e1n y se desvanecer\u00e1n r\u00e1pidamente.<\/p>\n<p><strong>Resistencia a los rayos UV \/ resistencia al fuego (opcional)<br \/><\/strong>La resistencia a los rayos UV es una caracter\u00edstica obligatoria para los setos artificiales al aire libre. Ofrecemos 3 a\u00f1os de garant\u00eda para setos con clasificaci\u00f3n UV. La vida \u00fatil esperada puede ser de 5 a\u00f1os para uso en exteriores y de 8 a\u00f1os para uso en interiores. Tambi\u00e9n se encuentran disponibles paneles de setos artificiales resistentes al fuego personalizados.<\/p>\n<p><strong>Realista y de colores brillantes<br \/><\/strong>PandaGreens ofrece casi los setos artificiales m\u00e1s realistas del mercado. Tenemos una l\u00ednea completa de productos que incluyen esteras para setos artificiales, paneles de jard\u00edn verticales vivos, hojas artificiales separadas, flores ... Todas estas plantas son tan buenas como las naturales, sin mantenimiento.<\/p>\n\n\t\t<\/div>\n\t\t\t\t\t<\/div>\n\n\t\n\n<\/div>","protected":false},"excerpt":{"rendered":"<p>Panel de pared verde artificial con varios tipos de follaje, adornado con flores violetas. Es uno de nuestros setos artificiales m\u00e1s populares. Este producto se puede instalar simplemente para cubrir cualquier superficie, interior o exterior.<\/p>\n<p>C\u00d3DIGO DEL ART\u00cdCULO: X97<br \/>\nMATERIAL: 100% nuevo PE fresco<br \/>\nTAMA\u00d1O NORMAL :: 100 cm x 100 cm (40 \u2033 * 40 \u2033)<br \/>\nESTABLE UV \/ RESISTENTE AL FUEGO: S\u00ed u Opcional<br \/>\nOCASI\u00d3N: Exterior; interior<br \/>\nGARANT\u00cdA: Exterior 3 a\u00f1os; interior 5 a\u00f1os<br \/>\nMOQ: 100 metros cuadrados<\/p>","protected":false},"featured_media":358,"comment_status":"closed","ping_status":"closed","template":"","meta":[],"product_brand":[],"product_cat":[18],"product_tag":[],"class_list":{"0":"post-357","1":"product","2":"type-product","3":"status-publish","4":"has-post-thumbnail","6":"product_cat-vertical-garden-panel","8":"first","9":"instock","10":"shipping-taxable","11":"product-type-simple"},"_links":{"self":[{"href":"https:\/\/pandagreens.com\/es\/wp-json\/wp\/v2\/product\/357","targetHints":{"allow":["GET"]}}],"collection":[{"href":"https:\/\/pandagreens.com\/es\/wp-json\/wp\/v2\/product"}],"about":[{"href":"https:\/\/pandagreens.com\/es\/wp-json\/wp\/v2\/types\/product"}],"replies":[{"embeddable":true,"href":"https:\/\/pandagreens.com\/es\/wp-json\/wp\/v2\/comments?post=357"}],"wp:featuredmedia":[{"embeddable":true,"href":"https:\/\/pandagreens.com\/es\/wp-json\/wp\/v2\/media\/358"}],"wp:attachment":[{"href":"https:\/\/pandagreens.com\/es\/wp-json\/wp\/v2\/media?parent=357"}],"wp:term":[{"taxonomy":"product_brand","embeddable":true,"href":"https:\/\/pandagreens.com\/es\/wp-json\/wp\/v2\/product_brand?post=357"},{"taxonomy":"product_cat","embeddable":true,"href":"https:\/\/pandagreens.com\/es\/wp-json\/wp\/v2\/product_cat?post=357"},{"taxonomy":"product_tag","embeddable":true,"href":"https:\/\/pandagreens.com\/es\/wp-json\/wp\/v2\/product_tag?post=357"}],"curies":[{"name":"wp","href":"https:\/\/api.w.org\/{rel}","templated":true}]}}