{"id":505,"date":"2021-01-14T13:21:51","date_gmt":"2021-01-14T13:21:51","guid":{"rendered":"https:\/\/pandagreens.com\/?post_type=product&#038;p=505"},"modified":"2021-01-14T14:00:11","modified_gmt":"2021-01-14T14:00:11","slug":"artificial-hedge-greenery-panels-m32","status":"publish","type":"product","link":"https:\/\/pandagreens.com\/es\/producto\/artificial-hedge-greenery-panels-m32\/","title":{"rendered":"Paneles de vegetaci\u00f3n artificial para setos-M32"},"content":{"rendered":"<p>Estos paneles de vegetaci\u00f3n de setos artificiales de boj pueden convertir una pared blanda, una caja el\u00e9ctrica, una cerca de cadena e innumerables otras \u00e1reas antiest\u00e9ticas en una vista exuberante. Crea una pared verde viva, viste tu puerta de entrada, configura un tel\u00f3n de fondo para fotograf\u00edas, cubre tu balc\u00f3n p\u00fablico; Las aplicaciones son ilimitadas tanto en interiores como en exteriores, ya que no experimentar\u00e1 decoloraci\u00f3n o marchitamiento incluso en condiciones clim\u00e1ticas adversas. Ideal tanto para uso residencial como comercial.<\/p>\n<div class=\"row\"  id=\"row-259288021\">\n\n\n\t<div id=\"col-1254034692\" class=\"col small-12 large-12\"  >\n\t\t\t\t<div class=\"col-inner\"  >\n\t\t\t\n\t\t\t\n\n<h3>Tama\u00f1o y embalaje:\u00a0<\/h3>\n<p>El tama\u00f1o est\u00e1ndar: 50 cm x 50 cm por pieza;<br \/>Tama\u00f1o del cart\u00f3n: 52 cm * 52 cm * 30 cm<br \/>Cantidad: 12 piezas \/ cart\u00f3n<\/p>\n<p><img loading=\"lazy\" decoding=\"async\" class=\"alignnone wp-image-350 size-full\" src=\"https:\/\/pandagreens.com\/wp-content\/uploads\/2020\/12\/Artificial-Hedge-Packing.jpg\" alt=\"\" width=\"750\" height=\"804\" srcset=\"https:\/\/pandagreens.com\/wp-content\/uploads\/2020\/12\/Artificial-Hedge-Packing.jpg 750w, https:\/\/pandagreens.com\/wp-content\/uploads\/2020\/12\/Artificial-Hedge-Packing-560x600.jpg 560w, https:\/\/pandagreens.com\/wp-content\/uploads\/2020\/12\/Artificial-Hedge-Packing-510x547.jpg 510w\" sizes=\"auto, (max-width: 750px) 100vw, 750px\" \/><\/p>\n\n\t\t<\/div>\n\t\t\t\t\t<\/div>\n\n\t\n\n<\/div>\n<div class=\"row\"  id=\"row-1821714686\">\n\n\n\t<div id=\"col-1715736819\" class=\"col small-12 large-12\"  >\n\t\t\t\t<div class=\"col-inner\"  >\n\t\t\t\n\t\t\t\n\n<h3>\u00bfPor qu\u00e9 los paneles de cobertura artificiales PandaGreens?<\/h3>\n<p><strong>100% PE fresco<br \/><\/strong>PandaGreens utiliza polietileno fresco 100% para hacer las hojas, flores y rejilla. Esto asegura la larga vida \u00fatil de nuestros productos de cobertura artificial. A diferencia de algunos proveedores que venden coberturas falsas baratas hechas con materiales reciclados, que envejecer\u00e1n y se desvanecer\u00e1n r\u00e1pidamente.<\/p>\n<p><strong>Resistencia a los rayos UV \/ resistencia al fuego (opcional)<br \/><\/strong>La resistencia a los rayos UV es una caracter\u00edstica obligatoria para los setos artificiales al aire libre. Ofrecemos 3 a\u00f1os de garant\u00eda para setos con clasificaci\u00f3n UV. La vida \u00fatil esperada puede ser de 5 a\u00f1os para uso en exteriores y de 8 a\u00f1os para uso en interiores. Tambi\u00e9n se encuentran disponibles paneles de setos artificiales resistentes al fuego personalizados.<\/p>\n<p><strong>Realista y de colores brillantes<br \/><\/strong>PandaGreens ofrece casi los setos artificiales m\u00e1s realistas del mercado. Tenemos una l\u00ednea completa de productos que incluyen esteras para setos artificiales, paneles de jard\u00edn verticales vivos, hojas artificiales separadas, flores ... Todas estas plantas son tan buenas como las naturales, sin mantenimiento.<\/p>\n\n\t\t<\/div>\n\t\t\t\t\t<\/div>\n\n\t\n\n<\/div>","protected":false},"excerpt":{"rendered":"<p>Los paneles de vegetaci\u00f3n de setos artificiales de boj est\u00e1n hechos con cuidado con los mejores materiales, ideales para aplicaciones de paredes verdes en interiores y exteriores, limitados solo por su imaginaci\u00f3n.<\/p>\n<p>C\u00d3DIGO DEL ART\u00cdCULO: M32<br \/>\nMATERIAL: 100% nuevo PE fresco<br \/>\nTAMA\u00d1O REGULAR: 50 cm x 50 cm (20 \u2033 * 20 \u2033)<br \/>\nESTABLE UV \/ RESISTENTE AL FUEGO: S\u00ed u Opcional<br \/>\nOCASI\u00d3N: Exterior; interior<br \/>\nGARANT\u00cdA: Exterior 3 a\u00f1os; interior 5 a\u00f1os<br \/>\nMOQ: 100 metros cuadrados<\/p>","protected":false},"featured_media":506,"comment_status":"closed","ping_status":"closed","template":"","meta":[],"product_brand":[],"product_cat":[15],"product_tag":[],"class_list":{"0":"post-505","1":"product","2":"type-product","3":"status-publish","4":"has-post-thumbnail","6":"product_cat-artificial-hedge-mat","8":"first","9":"instock","10":"shipping-taxable","11":"product-type-simple"},"_links":{"self":[{"href":"https:\/\/pandagreens.com\/es\/wp-json\/wp\/v2\/product\/505","targetHints":{"allow":["GET"]}}],"collection":[{"href":"https:\/\/pandagreens.com\/es\/wp-json\/wp\/v2\/product"}],"about":[{"href":"https:\/\/pandagreens.com\/es\/wp-json\/wp\/v2\/types\/product"}],"replies":[{"embeddable":true,"href":"https:\/\/pandagreens.com\/es\/wp-json\/wp\/v2\/comments?post=505"}],"wp:featuredmedia":[{"embeddable":true,"href":"https:\/\/pandagreens.com\/es\/wp-json\/wp\/v2\/media\/506"}],"wp:attachment":[{"href":"https:\/\/pandagreens.com\/es\/wp-json\/wp\/v2\/media?parent=505"}],"wp:term":[{"taxonomy":"product_brand","embeddable":true,"href":"https:\/\/pandagreens.com\/es\/wp-json\/wp\/v2\/product_brand?post=505"},{"taxonomy":"product_cat","embeddable":true,"href":"https:\/\/pandagreens.com\/es\/wp-json\/wp\/v2\/product_cat?post=505"},{"taxonomy":"product_tag","embeddable":true,"href":"https:\/\/pandagreens.com\/es\/wp-json\/wp\/v2\/product_tag?post=505"}],"curies":[{"name":"wp","href":"https:\/\/api.w.org\/{rel}","templated":true}]}}