{"id":676,"date":"2021-02-22T12:11:52","date_gmt":"2021-02-22T12:11:52","guid":{"rendered":"https:\/\/pandagreens.com\/?post_type=product&#038;p=676"},"modified":"2021-02-22T12:11:52","modified_gmt":"2021-02-22T12:11:52","slug":"artificial-ivy-screening-roll","status":"publish","type":"product","link":"https:\/\/pandagreens.com\/es\/producto\/artificial-ivy-screening-roll\/","title":{"rendered":"Rollo de cribado de hiedra artificial"},"content":{"rendered":"<p>Esta cerca de hiedra artificial es una gran soluci\u00f3n para \u00e1reas con cercas antiest\u00e9ticas, paredes de ladrillos viejos o incluso vecinos entrometidos. R\u00e1pido y f\u00e1cil de instalar, esta pantalla puede crear la ilusi\u00f3n de un seto completamente desarrollado en solo un par de horas.<\/p>\n<p><strong>Especificaciones<\/strong><br \/>\nTama\u00f1o: 3 m (ancho) x 1 m (alto)<br \/>\nSuministrado en rollo<\/p>","protected":false},"excerpt":{"rendered":"<p>Perfecto para embellecer paredes y vallas antiest\u00e9ticas. Esta alternativa realista a la cobertura tradicional cultivada es una excelente manera de disfrazar cercas y muros o agregar un poco de privacidad adicional a sus instalaciones. Los rollos de valla de hiedra artificial son r\u00e1pidos y f\u00e1ciles de instalar, no requieren mantenimiento y duran a\u00f1os. Tambi\u00e9n se pueden usar sobre p\u00e9rgolas y p\u00e9rgolas, creando un \u00e1rea sombreada suave debajo.<\/p>","protected":false},"featured_media":677,"comment_status":"closed","ping_status":"closed","template":"","meta":[],"product_brand":[],"product_cat":[48],"product_tag":[],"class_list":{"0":"post-676","1":"product","2":"type-product","3":"status-publish","4":"has-post-thumbnail","6":"product_cat-fence-screen-roll","8":"first","9":"instock","10":"shipping-taxable","11":"product-type-simple"},"_links":{"self":[{"href":"https:\/\/pandagreens.com\/es\/wp-json\/wp\/v2\/product\/676","targetHints":{"allow":["GET"]}}],"collection":[{"href":"https:\/\/pandagreens.com\/es\/wp-json\/wp\/v2\/product"}],"about":[{"href":"https:\/\/pandagreens.com\/es\/wp-json\/wp\/v2\/types\/product"}],"replies":[{"embeddable":true,"href":"https:\/\/pandagreens.com\/es\/wp-json\/wp\/v2\/comments?post=676"}],"wp:featuredmedia":[{"embeddable":true,"href":"https:\/\/pandagreens.com\/es\/wp-json\/wp\/v2\/media\/677"}],"wp:attachment":[{"href":"https:\/\/pandagreens.com\/es\/wp-json\/wp\/v2\/media?parent=676"}],"wp:term":[{"taxonomy":"product_brand","embeddable":true,"href":"https:\/\/pandagreens.com\/es\/wp-json\/wp\/v2\/product_brand?post=676"},{"taxonomy":"product_cat","embeddable":true,"href":"https:\/\/pandagreens.com\/es\/wp-json\/wp\/v2\/product_cat?post=676"},{"taxonomy":"product_tag","embeddable":true,"href":"https:\/\/pandagreens.com\/es\/wp-json\/wp\/v2\/product_tag?post=676"}],"curies":[{"name":"wp","href":"https:\/\/api.w.org\/{rel}","templated":true}]}}