{"id":679,"date":"2021-02-22T12:17:07","date_gmt":"2021-02-22T12:17:07","guid":{"rendered":"https:\/\/pandagreens.com\/?post_type=product&#038;p=679"},"modified":"2021-02-22T12:21:40","modified_gmt":"2021-02-22T12:21:40","slug":"artificial-ivy-hedge-roll","status":"publish","type":"product","link":"https:\/\/pandagreens.com\/es\/producto\/artificial-ivy-hedge-roll\/","title":{"rendered":"Rollo de seto de hiedra artificial"},"content":{"rendered":"<p>Cada rollo de nuestro seto artificial Ivy cubre un \u00e1rea de 3 metros de ancho x 1 metro de alto proporcionando un impresionante nivel de cobertura por unidad. Adem\u00e1s, el montaje de los rollos con respaldo de alambre, que ahorra costos, est\u00e1 dise\u00f1ado para su colocaci\u00f3n en exteriores, por lo que su color y construcci\u00f3n resistir\u00e1n cualquier clima.<\/p>\n<p>F\u00e1cil de instalar con las bridas verdes provistas y perfecto para patios delanteros, patios traseros, balcones, terrazas, piscinas, jacuzzis, restaurantes, caf\u00e9s, escenarios inmobiliarios, apartamentos, alquileres, eventos especiales y muchos m\u00e1s. Los rollos de hiedra artificial tambi\u00e9n son 100% ECO amigables y sostenibles.<\/p>\n<p><strong>Especificaciones<\/strong><br \/>\nTama\u00f1o: 3 m (ancho) x 1 m (alto)<br \/>\nSuministrado en rollo<\/p>","protected":false},"excerpt":{"rendered":"<p>Los rollos de hiedra artificiales son la forma m\u00e1s r\u00e1pida y econ\u00f3mica de llevar la vegetaci\u00f3n y la cobertura de un seto natural a cualquier cerca, pared u otra superficie al aire libre.<\/p>","protected":false},"featured_media":680,"comment_status":"closed","ping_status":"closed","template":"","meta":[],"product_brand":[],"product_cat":[48],"product_tag":[],"class_list":{"0":"post-679","1":"product","2":"type-product","3":"status-publish","4":"has-post-thumbnail","6":"product_cat-fence-screen-roll","8":"first","9":"instock","10":"shipping-taxable","11":"product-type-simple"},"_links":{"self":[{"href":"https:\/\/pandagreens.com\/es\/wp-json\/wp\/v2\/product\/679","targetHints":{"allow":["GET"]}}],"collection":[{"href":"https:\/\/pandagreens.com\/es\/wp-json\/wp\/v2\/product"}],"about":[{"href":"https:\/\/pandagreens.com\/es\/wp-json\/wp\/v2\/types\/product"}],"replies":[{"embeddable":true,"href":"https:\/\/pandagreens.com\/es\/wp-json\/wp\/v2\/comments?post=679"}],"wp:featuredmedia":[{"embeddable":true,"href":"https:\/\/pandagreens.com\/es\/wp-json\/wp\/v2\/media\/680"}],"wp:attachment":[{"href":"https:\/\/pandagreens.com\/es\/wp-json\/wp\/v2\/media?parent=679"}],"wp:term":[{"taxonomy":"product_brand","embeddable":true,"href":"https:\/\/pandagreens.com\/es\/wp-json\/wp\/v2\/product_brand?post=679"},{"taxonomy":"product_cat","embeddable":true,"href":"https:\/\/pandagreens.com\/es\/wp-json\/wp\/v2\/product_cat?post=679"},{"taxonomy":"product_tag","embeddable":true,"href":"https:\/\/pandagreens.com\/es\/wp-json\/wp\/v2\/product_tag?post=679"}],"curies":[{"name":"wp","href":"https:\/\/api.w.org\/{rel}","templated":true}]}}