{"id":700,"date":"2021-03-20T06:41:01","date_gmt":"2021-03-20T06:41:01","guid":{"rendered":"https:\/\/pandagreens.com\/?post_type=product&#038;p=700"},"modified":"2021-03-20T07:04:03","modified_gmt":"2021-03-20T07:04:03","slug":"premium-quality-artificial-fence","status":"publish","type":"product","link":"https:\/\/pandagreens.com\/es\/producto\/premium-quality-artificial-fence\/","title":{"rendered":"Valla artificial de calidad superior para exteriores \/ interiores"},"content":{"rendered":"<p>Esta cerca artificial de primera calidad es perfecta para hacer una pared de declaraci\u00f3n peculiar y darle un toque bot\u00e1nico a su espacio. Si tiene paredes antiest\u00e9ticas, esta es una manera perfecta de proyectar el \u00e1rea y transformarla en un espect\u00e1culo.<\/p>\n<h3>Detalles de producto<\/h3>\n<p>&nbsp;<\/p>\n\n  \n    <div class=\"row large-columns-2 medium-columns- small-columns-\" >\n  <div class=\"gallery-col col\" >\n          <div class=\"col-inner\">\n            <a class=\"image-lightbox lightbox-gallery\" href=\"https:\/\/pandagreens.com\/wp-content\/uploads\/2021\/03\/Outdoor-Premium-Quality-Artificial-Fence-Pandagreens.jpg\" title=\"\">            <div class=\"box has-hover gallery-box box-overlay dark\">\n              <div class=\"box-image\" >\n                <img loading=\"lazy\" decoding=\"async\" width=\"600\" height=\"386\" src=\"https:\/\/pandagreens.com\/wp-content\/uploads\/2021\/03\/Outdoor-Premium-Quality-Artificial-Fence-Pandagreens-600x386.jpg\" class=\"attachment-medium size-medium\" alt=\"\" ids=\"705\" columns=\"2\" srcset=\"https:\/\/pandagreens.com\/wp-content\/uploads\/2021\/03\/Outdoor-Premium-Quality-Artificial-Fence-Pandagreens-600x386.jpg 600w, https:\/\/pandagreens.com\/wp-content\/uploads\/2021\/03\/Outdoor-Premium-Quality-Artificial-Fence-Pandagreens-768x494.jpg 768w, https:\/\/pandagreens.com\/wp-content\/uploads\/2021\/03\/Outdoor-Premium-Quality-Artificial-Fence-Pandagreens-16x10.jpg 16w, https:\/\/pandagreens.com\/wp-content\/uploads\/2021\/03\/Outdoor-Premium-Quality-Artificial-Fence-Pandagreens-510x328.jpg 510w, https:\/\/pandagreens.com\/wp-content\/uploads\/2021\/03\/Outdoor-Premium-Quality-Artificial-Fence-Pandagreens.jpg 1011w\" sizes=\"auto, (max-width: 600px) 100vw, 600px\" \/>                                  <div class=\"overlay fill\"\n                      style=\"background-color: rgba(0,0,0,.15)\">\n                  <\/div>\n                                                              <\/div>\n              <div class=\"box-text text-left\" >\n                 <p><\/p>\n              <\/div>\n            <\/div>\n            <\/a>          <\/div>\n         <\/div><\/div>\n<div class=\"row\"  id=\"row-1676544816\">\n\n\n\t<div id=\"col-164749376\" class=\"col small-12 large-12\"  >\n\t\t\t\t<div class=\"col-inner\"  >\n\t\t\t\n\t\t\t\n\n<h3>Tama\u00f1o y embalaje:\u00a0<\/h3>\n<p>El tama\u00f1o est\u00e1ndar: 50 cm x 50 cm por pieza;<br \/>Tama\u00f1o del cart\u00f3n: 52 cm * 52 cm * 30 cm<br \/>Cantidad: 12 piezas \/ cart\u00f3n<\/p>\n<p><img loading=\"lazy\" decoding=\"async\" class=\"alignnone wp-image-350 size-full\" src=\"https:\/\/pandagreens.com\/wp-content\/uploads\/2020\/12\/Artificial-Hedge-Packing.jpg\" alt=\"\" width=\"750\" height=\"804\" srcset=\"https:\/\/pandagreens.com\/wp-content\/uploads\/2020\/12\/Artificial-Hedge-Packing.jpg 750w, https:\/\/pandagreens.com\/wp-content\/uploads\/2020\/12\/Artificial-Hedge-Packing-560x600.jpg 560w, https:\/\/pandagreens.com\/wp-content\/uploads\/2020\/12\/Artificial-Hedge-Packing-510x547.jpg 510w\" sizes=\"auto, (max-width: 750px) 100vw, 750px\" \/><\/p>\n\n\t\t<\/div>\n\t\t\t\t\t<\/div>\n\n\t\n\n<\/div>\n<div class=\"row\"  id=\"row-1313395256\">\n\n\n\t<div id=\"col-953699509\" class=\"col small-12 large-12\"  >\n\t\t\t\t<div class=\"col-inner\"  >\n\t\t\t\n\t\t\t\n\n<h3>\u00bfPor qu\u00e9 los paneles de cobertura artificiales PandaGreens?<\/h3>\n<p><strong>100% PE fresco<br \/><\/strong>PandaGreens utiliza polietileno fresco 100% para hacer las hojas, flores y rejilla. Esto asegura la larga vida \u00fatil de nuestros productos de cobertura artificial. A diferencia de algunos proveedores que venden coberturas falsas baratas hechas con materiales reciclados, que envejecer\u00e1n y se desvanecer\u00e1n r\u00e1pidamente.<\/p>\n<p><strong>Resistencia a los rayos UV \/ resistencia al fuego (opcional)<br \/><\/strong>La resistencia a los rayos UV es una caracter\u00edstica obligatoria para los setos artificiales al aire libre. Ofrecemos 3 a\u00f1os de garant\u00eda para setos con clasificaci\u00f3n UV. La vida \u00fatil esperada puede ser de 5 a\u00f1os para uso en exteriores y de 8 a\u00f1os para uso en interiores. Tambi\u00e9n se encuentran disponibles paneles de setos artificiales resistentes al fuego personalizados.<\/p>\n<p><strong>Realista y de colores brillantes<br \/><\/strong>PandaGreens ofrece casi los setos artificiales m\u00e1s realistas del mercado. Tenemos una l\u00ednea completa de productos que incluyen esteras para setos artificiales, paneles de jard\u00edn verticales vivos, hojas artificiales separadas, flores ... Todas estas plantas son tan buenas como las naturales, sin mantenimiento.<\/p>\n\n\t\t<\/div>\n\t\t\t\t\t<\/div>\n\n\t\n\n<\/div>","protected":false},"excerpt":{"rendered":"<p>Un seto artificial de boj de aspecto extremadamente natural con hojas densas. Es estable a los rayos UV, lo que protege contra cualquier decoloraci\u00f3n o decoloraci\u00f3n, lo que permite que este seto de boj artificial se mantenga en su mejor aspecto tanto en exteriores como en interiores durante largos a\u00f1os.<\/p>\n<p>C\u00d3DIGO DEL ART\u00cdCULO: Cerca artificial de calidad superior para exteriores \/ interiores<br \/>\nMATERIAL: 100% nuevo PE fresco<br \/>\nTAMA\u00d1O REGULAR: 50 cm x 50 cm (20 \u2033 * 20 \u2033)<br \/>\nESTABLE UV \/ RESISTENTE AL FUEGO: S\u00ed u Opcional<br \/>\nOCASI\u00d3N: Exterior; interior<br \/>\nGARANT\u00cdA: Exterior 3 a\u00f1os; interior 5 a\u00f1os<br \/>\nMOQ: 100 metros cuadrados<\/p>","protected":false},"featured_media":701,"comment_status":"closed","ping_status":"closed","template":"","meta":[],"product_brand":[],"product_cat":[15],"product_tag":[],"class_list":{"0":"post-700","1":"product","2":"type-product","3":"status-publish","4":"has-post-thumbnail","6":"product_cat-artificial-hedge-mat","8":"first","9":"instock","10":"featured","11":"shipping-taxable","12":"product-type-simple"},"_links":{"self":[{"href":"https:\/\/pandagreens.com\/es\/wp-json\/wp\/v2\/product\/700","targetHints":{"allow":["GET"]}}],"collection":[{"href":"https:\/\/pandagreens.com\/es\/wp-json\/wp\/v2\/product"}],"about":[{"href":"https:\/\/pandagreens.com\/es\/wp-json\/wp\/v2\/types\/product"}],"replies":[{"embeddable":true,"href":"https:\/\/pandagreens.com\/es\/wp-json\/wp\/v2\/comments?post=700"}],"wp:featuredmedia":[{"embeddable":true,"href":"https:\/\/pandagreens.com\/es\/wp-json\/wp\/v2\/media\/701"}],"wp:attachment":[{"href":"https:\/\/pandagreens.com\/es\/wp-json\/wp\/v2\/media?parent=700"}],"wp:term":[{"taxonomy":"product_brand","embeddable":true,"href":"https:\/\/pandagreens.com\/es\/wp-json\/wp\/v2\/product_brand?post=700"},{"taxonomy":"product_cat","embeddable":true,"href":"https:\/\/pandagreens.com\/es\/wp-json\/wp\/v2\/product_cat?post=700"},{"taxonomy":"product_tag","embeddable":true,"href":"https:\/\/pandagreens.com\/es\/wp-json\/wp\/v2\/product_tag?post=700"}],"curies":[{"name":"wp","href":"https:\/\/api.w.org\/{rel}","templated":true}]}}