{"id":708,"date":"2021-03-20T13:07:20","date_gmt":"2021-03-20T13:07:20","guid":{"rendered":"https:\/\/pandagreens.com\/?post_type=product&#038;p=708"},"modified":"2021-03-20T13:23:29","modified_gmt":"2021-03-20T13:23:29","slug":"premium-artificial-fence-with-great-uv-resistance","status":"publish","type":"product","link":"https:\/\/pandagreens.com\/es\/producto\/premium-artificial-fence-with-great-uv-resistance\/","title":{"rendered":"Valla artificial de primera calidad con gran resistencia a los rayos UV"},"content":{"rendered":"<p>Esta cerca artificial contiene varios tipos de plantas artificiales. Estas plantas se seleccionan cuidadosamente para hacer una combinaci\u00f3n. Cada planta \/ hoja artificial es extremadamente realista. Incluso cada panel parece un verdadero mini bosque, cuando muchos paneles conectados entre s\u00ed, tendr\u00e1s una verdadera selva tropical. Lo m\u00e1s importante es que esta cerca artificial est\u00e1 hecha de los mejores materiales y ofrecemos una s\u00f3lida garant\u00eda de calidad.<\/p>\n<p style=\"user-select: auto;\">\n<div class=\"row\"  id=\"row-1631278011\">\n\n<\/p>\n<p style=\"user-select: auto;\">\n\n\t<div id=\"col-2050589815\" class=\"col small-12 large-12\"  >\n\t\t\t\t<div class=\"col-inner\"  >\n\t\t\t\n\t\t\t\n\n<h3>Una mini selva tropical<\/h3>\n<p>Plantas frondosas de estilo tropical cuidadosamente seleccionadas combinadas para proporcionar una apariencia realista. Los paneles de jard\u00edn verticales est\u00e1n hechos con varios tipos de plantas a varias profundidades, ensambladas a una alta densidad, pareciendo una mini selva tropical. Cada hoja est\u00e1 moldeada individualmente para proporcionar un seto que no se distingue del real.<\/p>\n<h3 style=\"user-select: auto;\">Tama\u00f1o y embalaje:<\/h3>\n<p style=\"user-select: auto;\">Tama\u00f1o est\u00e1ndar del panel: 100 cm x 100 cm por pieza;<br \/>Tama\u00f1o del cart\u00f3n: 102 cm * 52 cm * 40 cm<br style=\"user-select: auto;\" \/>Cantidad: 5 piezas \/ cart\u00f3n<\/p>\n<p style=\"user-select: auto;\"><img loading=\"lazy\" decoding=\"async\" class=\"alignnone wp-image-350 size-full\" style=\"user-select: auto;\" src=\"https:\/\/pandagreens.com\/wp-content\/uploads\/2020\/12\/Artificial-Hedge-Packing.jpg\" alt=\"\" width=\"750\" height=\"804\" srcset=\"https:\/\/pandagreens.com\/wp-content\/uploads\/2020\/12\/Artificial-Hedge-Packing.jpg 750w, https:\/\/pandagreens.com\/wp-content\/uploads\/2020\/12\/Artificial-Hedge-Packing-560x600.jpg 560w, https:\/\/pandagreens.com\/wp-content\/uploads\/2020\/12\/Artificial-Hedge-Packing-510x547.jpg 510w\" sizes=\"auto, (max-width: 750px) 100vw, 750px\" \/><\/p>\n<p style=\"user-select: auto;\">\u00a0<\/p>\n\n\t\t<\/div>\n\t\t\t\t\t<\/div>\n\n\t\n<\/p>\n<p style=\"user-select: auto;\">\n\n<\/div>\n<\/p>\n<div class=\"row\"  id=\"row-1411860233\">\n\n\n\t<div id=\"col-1406357570\" class=\"col small-12 large-12\"  >\n\t\t\t\t<div class=\"col-inner\"  >\n\t\t\t\n\t\t\t\n\n<h3>\u00bfPor qu\u00e9 los paneles de cobertura artificiales PandaGreens?<\/h3>\n<p><strong>100% PE fresco<br \/><\/strong>PandaGreens utiliza polietileno fresco 100% para hacer las hojas, flores y rejilla. Esto asegura la larga vida \u00fatil de nuestros productos de cobertura artificial. A diferencia de algunos proveedores que venden coberturas falsas baratas hechas con materiales reciclados, que envejecer\u00e1n y se desvanecer\u00e1n r\u00e1pidamente.<\/p>\n<p><strong>Resistencia a los rayos UV \/ resistencia al fuego (opcional)<br \/><\/strong>La resistencia a los rayos UV es una caracter\u00edstica obligatoria para los setos artificiales al aire libre. Ofrecemos 3 a\u00f1os de garant\u00eda para setos con clasificaci\u00f3n UV. La vida \u00fatil esperada puede ser de 5 a\u00f1os para uso en exteriores y de 8 a\u00f1os para uso en interiores. Tambi\u00e9n se encuentran disponibles paneles de setos artificiales resistentes al fuego personalizados.<\/p>\n<p><strong>Realista y de colores brillantes<br \/><\/strong>PandaGreens ofrece casi los setos artificiales m\u00e1s realistas del mercado. Tenemos una l\u00ednea completa de productos que incluyen esteras para setos artificiales, paneles de jard\u00edn verticales vivos, hojas artificiales separadas, flores ... Todas estas plantas son tan buenas como las naturales, sin mantenimiento.<\/p>\n\n\t\t<\/div>\n\t\t\t\t\t<\/div>\n\n\t\n\n<\/div>","protected":false},"excerpt":{"rendered":"<p>Una valla artificial de aspecto extremadamente natural fabricada con los mejores materiales. Gran protecci\u00f3n UV, ideal para aplicaciones al aire libre y ciertamente excelente tambi\u00e9n para uso en interiores. Ofrecemos 5 a\u00f1os de garant\u00eda de resistencia a los rayos UV para este producto.<\/p>\n<p>C\u00d3DIGO DEL ART\u00cdCULO: Valla artificial para exteriores de primera calidad con gran resistencia a los rayos UV<br \/>\nMATERIAL: 100% nuevo PE fresco<br \/>\nTAMA\u00d1O NORMAL :: 100 cm x 100 cm (40 \u2033 * 40 \u2033)<br \/>\nESTABLE UV \/ RESISTENTE AL FUEGO: S\u00ed u Opcional<br \/>\nOCASI\u00d3N: Exterior; interior<br \/>\nGARANT\u00cdA: Exterior 5+ a\u00f1os; interior 8+ a\u00f1os<br \/>\nMOQ: 100 metros cuadrados<\/p>","protected":false},"featured_media":709,"comment_status":"closed","ping_status":"closed","template":"","meta":[],"product_brand":[],"product_cat":[18],"product_tag":[],"class_list":{"0":"post-708","1":"product","2":"type-product","3":"status-publish","4":"has-post-thumbnail","6":"product_cat-vertical-garden-panel","8":"first","9":"instock","10":"shipping-taxable","11":"product-type-simple"},"_links":{"self":[{"href":"https:\/\/pandagreens.com\/es\/wp-json\/wp\/v2\/product\/708","targetHints":{"allow":["GET"]}}],"collection":[{"href":"https:\/\/pandagreens.com\/es\/wp-json\/wp\/v2\/product"}],"about":[{"href":"https:\/\/pandagreens.com\/es\/wp-json\/wp\/v2\/types\/product"}],"replies":[{"embeddable":true,"href":"https:\/\/pandagreens.com\/es\/wp-json\/wp\/v2\/comments?post=708"}],"wp:featuredmedia":[{"embeddable":true,"href":"https:\/\/pandagreens.com\/es\/wp-json\/wp\/v2\/media\/709"}],"wp:attachment":[{"href":"https:\/\/pandagreens.com\/es\/wp-json\/wp\/v2\/media?parent=708"}],"wp:term":[{"taxonomy":"product_brand","embeddable":true,"href":"https:\/\/pandagreens.com\/es\/wp-json\/wp\/v2\/product_brand?post=708"},{"taxonomy":"product_cat","embeddable":true,"href":"https:\/\/pandagreens.com\/es\/wp-json\/wp\/v2\/product_cat?post=708"},{"taxonomy":"product_tag","embeddable":true,"href":"https:\/\/pandagreens.com\/es\/wp-json\/wp\/v2\/product_tag?post=708"}],"curies":[{"name":"wp","href":"https:\/\/api.w.org\/{rel}","templated":true}]}}