{"id":819,"date":"2021-04-10T01:53:29","date_gmt":"2021-04-10T01:53:29","guid":{"rendered":"https:\/\/pandagreens.com\/?post_type=product&#038;p=819"},"modified":"2021-04-10T02:15:47","modified_gmt":"2021-04-10T02:15:47","slug":"artificial-boxwood-hedge-greenery-panels","status":"publish","type":"product","link":"https:\/\/pandagreens.com\/es\/producto\/artificial-boxwood-hedge-greenery-panels\/","title":{"rendered":"Paneles de vegetaci\u00f3n de setos de boj artificial"},"content":{"rendered":"<div>Disfrute de la ausencia de mantenimiento, recorte o cualquier otro mantenimiento habitual, como el riego. Estos paneles de vegetaci\u00f3n de setos artificiales de boj pueden crear una apariencia espectacular al tiempo que ayudan a reducir los niveles de eco y ruido en habitaciones de cualquier tama\u00f1o.<\/div>\n<div>\u00a0<\/div>\n<div>Estos paneles de setos artificiales est\u00e1n ensamblados con el follaje artificial m\u00e1s realista y de la m\u00e1s alta calidad y un tablero de pl\u00e1stico resistente. Evita todos los inconvenientes de la instalaci\u00f3n. El propietario \/ instalador puede instalar este panel en interiores o exteriores al instante sin preparaci\u00f3n de la pared, como paneles de madera, pintura. Permite a las personas usar paneles para hacer obras de arte o decoraci\u00f3n del hogar utilizando paneles de cobertura artificial mucho m\u00e1s f\u00e1cil que antes.<\/div>\n<div>\u00a0<\/div>\n<div><strong>Aplicaciones decorativas de interior<\/strong> incluyen balc\u00f3n, sala de estar, enrejado, sala de estudio, terraza, ba\u00f1o, \u00e1rea de trabajo de oficina, hoteles, restaurantes, lobby, bodas, recepci\u00f3n y otros lugares, una forma rentable de embellecer y aumentar est\u00e9ticamente el valor de su propiedad, f\u00e1cil configurar en minutos.<\/div>\n<div>\u00a0<\/div>\n<div><strong>Aplicaciones exteriores<\/strong> incluyen uso en patio, porche, pantallas de privacidad, cercas de madera, patio, patio trasero, pasillos, fachada de hogar y oficina, tel\u00f3n de fondo de fotograf\u00eda de boda, tel\u00f3n de fondo de escenario y m\u00e1s.<\/div>\n\t<div id=\"gap-1046922018\" class=\"gap-element clearfix\" style=\"display:block; height:auto;\">\n\t\t\n<style>\n#gap-1046922018 {\n  padding-top: 30px;\n}\n<\/style>\n\t<\/div>\n\t\n<div class=\"row\"  id=\"row-1191100565\">\n\n\n\t<div id=\"col-1208404820\" class=\"col small-12 large-12\"  >\n\t\t\t\t<div class=\"col-inner\"  >\n\t\t\t\n\t\t\t\n\n<h3>Tama\u00f1o y embalaje:\u00a0<\/h3>\n<p>El tama\u00f1o est\u00e1ndar: 50 cm x 50 cm por pieza;<br \/>Tama\u00f1o del cart\u00f3n: 52 cm * 52 cm * 30 cm<br \/>Cantidad: 12 piezas \/ cart\u00f3n<\/p>\n<p><img loading=\"lazy\" decoding=\"async\" class=\"alignnone wp-image-350 size-full\" src=\"https:\/\/pandagreens.com\/wp-content\/uploads\/2020\/12\/Artificial-Hedge-Packing.jpg\" alt=\"\" width=\"750\" height=\"804\" srcset=\"https:\/\/pandagreens.com\/wp-content\/uploads\/2020\/12\/Artificial-Hedge-Packing.jpg 750w, https:\/\/pandagreens.com\/wp-content\/uploads\/2020\/12\/Artificial-Hedge-Packing-560x600.jpg 560w, https:\/\/pandagreens.com\/wp-content\/uploads\/2020\/12\/Artificial-Hedge-Packing-510x547.jpg 510w\" sizes=\"auto, (max-width: 750px) 100vw, 750px\" \/><\/p>\n\n\t\t<\/div>\n\t\t\t\t\t<\/div>\n\n\t\n\n<\/div>\n<div class=\"row\"  id=\"row-1785838931\">\n\n\n\t<div id=\"col-271360089\" class=\"col small-12 large-12\"  >\n\t\t\t\t<div class=\"col-inner\"  >\n\t\t\t\n\t\t\t\n\n<h3>\u00bfPor qu\u00e9 los paneles de cobertura artificiales PandaGreens?<\/h3>\n<p><strong>100% PE fresco<br \/><\/strong>PandaGreens utiliza polietileno fresco 100% para hacer las hojas, flores y rejilla. Esto asegura la larga vida \u00fatil de nuestros productos de cobertura artificial. A diferencia de algunos proveedores que venden coberturas falsas baratas hechas con materiales reciclados, que envejecer\u00e1n y se desvanecer\u00e1n r\u00e1pidamente.<\/p>\n<p><strong>Resistencia a los rayos UV \/ resistencia al fuego (opcional)<br \/><\/strong>La resistencia a los rayos UV es una caracter\u00edstica obligatoria para los setos artificiales al aire libre. Ofrecemos 3 a\u00f1os de garant\u00eda para setos con clasificaci\u00f3n UV. La vida \u00fatil esperada puede ser de 5 a\u00f1os para uso en exteriores y de 8 a\u00f1os para uso en interiores. Tambi\u00e9n se encuentran disponibles paneles de setos artificiales resistentes al fuego personalizados.<\/p>\n<p><strong>Realista y de colores brillantes<br \/><\/strong>PandaGreens ofrece casi los setos artificiales m\u00e1s realistas del mercado. Tenemos una l\u00ednea completa de productos que incluyen esteras para setos artificiales, paneles de jard\u00edn verticales vivos, hojas artificiales separadas, flores ... Todas estas plantas son tan buenas como las naturales, sin mantenimiento.<\/p>\n\n\t\t<\/div>\n\t\t\t\t\t<\/div>\n\n\t\n\n<\/div>","protected":false},"excerpt":{"rendered":"<p>Los paneles de vegetaci\u00f3n de setos de boj artificial son conocidos por su dise\u00f1o sobresaliente. Estos paneles son perfectos para agregar privacidad con estilo a un lugar interior o exterior. Instalado en una pared o a lo largo de una cerca en su jard\u00edn o una baranda en su patio, la propiedad de su casa ser\u00e1 mucho m\u00e1s atractiva.<\/p>\n<p>C\u00d3DIGO DEL ART\u00cdCULO: LUCKY GRASS<br \/>\nMATERIAL: 100% nuevo PE fresco<br \/>\nTAMA\u00d1O REGULAR: 50 cm x 50 cm (20 \u2033 * 20 \u2033)<br \/>\nESTABLE UV \/ RESISTENTE AL FUEGO: S\u00ed u Opcional<br \/>\nOCASI\u00d3N: Exterior; interior<br \/>\nGARANT\u00cdA: Exterior 3 a\u00f1os; interior 5 a\u00f1os<br \/>\nMOQ: 100 metros cuadrados<\/p>","protected":false},"featured_media":821,"comment_status":"closed","ping_status":"closed","template":"","meta":[],"product_brand":[],"product_cat":[15],"product_tag":[],"class_list":{"0":"post-819","1":"product","2":"type-product","3":"status-publish","4":"has-post-thumbnail","6":"product_cat-artificial-hedge-mat","8":"first","9":"instock","10":"featured","11":"shipping-taxable","12":"product-type-simple"},"_links":{"self":[{"href":"https:\/\/pandagreens.com\/es\/wp-json\/wp\/v2\/product\/819","targetHints":{"allow":["GET"]}}],"collection":[{"href":"https:\/\/pandagreens.com\/es\/wp-json\/wp\/v2\/product"}],"about":[{"href":"https:\/\/pandagreens.com\/es\/wp-json\/wp\/v2\/types\/product"}],"replies":[{"embeddable":true,"href":"https:\/\/pandagreens.com\/es\/wp-json\/wp\/v2\/comments?post=819"}],"wp:featuredmedia":[{"embeddable":true,"href":"https:\/\/pandagreens.com\/es\/wp-json\/wp\/v2\/media\/821"}],"wp:attachment":[{"href":"https:\/\/pandagreens.com\/es\/wp-json\/wp\/v2\/media?parent=819"}],"wp:term":[{"taxonomy":"product_brand","embeddable":true,"href":"https:\/\/pandagreens.com\/es\/wp-json\/wp\/v2\/product_brand?post=819"},{"taxonomy":"product_cat","embeddable":true,"href":"https:\/\/pandagreens.com\/es\/wp-json\/wp\/v2\/product_cat?post=819"},{"taxonomy":"product_tag","embeddable":true,"href":"https:\/\/pandagreens.com\/es\/wp-json\/wp\/v2\/product_tag?post=819"}],"curies":[{"name":"wp","href":"https:\/\/api.w.org\/{rel}","templated":true}]}}