{"id":823,"date":"2021-04-10T03:52:27","date_gmt":"2021-04-10T03:52:27","guid":{"rendered":"https:\/\/pandagreens.com\/?post_type=product&#038;p=823"},"modified":"2021-04-11T07:12:14","modified_gmt":"2021-04-11T07:12:14","slug":"cable-ties-for-artificial-hedge-panels-installation","status":"publish","type":"product","link":"https:\/\/pandagreens.com\/es\/producto\/cable-ties-for-artificial-hedge-panels-installation\/","title":{"rendered":"Sujetacables para la instalaci\u00f3n de paneles de cobertura artificiales"},"content":{"rendered":"<p>Especificaci\u00f3n:<br \/>\nNombre del producto: Zip Tie \/ Cable Tie \/ Cable Clip<br \/>\nMaterial: pl\u00e1stico de alta calidad.<br \/>\nAncho: 3 mm (consulte con nosotros para otras opciones)<br \/>\nLongitud: 15 mm (consulte con nosotros para otras opciones)<\/p>\n<p>Cada pieza de panel de seto artificial tiene un dise\u00f1o entrelazado, se pueden conectar f\u00e1cilmente simplemente haciendo coincidir y hacer clic. Pero para un proyecto grande, es posible que deba usar bridas \/ bridas para asegurar y mejorar la conexi\u00f3n.<\/p>\n<p>Si va a instalar los paneles de setos artificiales en una rejilla de alambre o una cerca existente, debe usar bridas \/ bridas para sujetar los paneles de setos artificiales a la rejilla de alambre \/ cerca existente.<\/p>\n<p>Caracter\u00edstica:<br \/>\n1. Su color verde hace que las bridas no se vean despu\u00e9s de la instalaci\u00f3n.<br \/>\n2. La brida \/ brida para cables \/ clip para cables est\u00e1 hecha de material pl\u00e1stico de alta calidad: respetuoso con el medio ambiente, no t\u00f3xico y dif\u00edcil de desvanecer. El producto no solo es duradero, sino tambi\u00e9n estable de usar para una vida \u00fatil prolongada.<br \/>\n3. Estas bridas facilitan mucho la instalaci\u00f3n del seto artificial. Le cuesta un poco de tiempo, le ahorra energ\u00eda y tiempo.<br \/>\n4. Perfecto control de calidad y detalles. Excelente mano de obra, rendimiento estable y maravilloso.<\/p>","protected":false},"excerpt":{"rendered":"<p>\u00bfCu\u00e1ndo necesitar\u00e1 las bridas \/ bridas para cables?<br \/>\n1. Asegure y mejore la conexi\u00f3n entre los paneles de cobertura artificial.<br \/>\n2. Adjunto una pieza conectada de setos artificiales a la rejilla de alambre.<\/p>","protected":false},"featured_media":824,"comment_status":"closed","ping_status":"closed","template":"","meta":[],"product_brand":[],"product_cat":[49],"product_tag":[],"class_list":{"0":"post-823","1":"product","2":"type-product","3":"status-publish","4":"has-post-thumbnail","6":"product_cat-accessories","8":"first","9":"instock","10":"shipping-taxable","11":"product-type-simple"},"_links":{"self":[{"href":"https:\/\/pandagreens.com\/es\/wp-json\/wp\/v2\/product\/823","targetHints":{"allow":["GET"]}}],"collection":[{"href":"https:\/\/pandagreens.com\/es\/wp-json\/wp\/v2\/product"}],"about":[{"href":"https:\/\/pandagreens.com\/es\/wp-json\/wp\/v2\/types\/product"}],"replies":[{"embeddable":true,"href":"https:\/\/pandagreens.com\/es\/wp-json\/wp\/v2\/comments?post=823"}],"wp:featuredmedia":[{"embeddable":true,"href":"https:\/\/pandagreens.com\/es\/wp-json\/wp\/v2\/media\/824"}],"wp:attachment":[{"href":"https:\/\/pandagreens.com\/es\/wp-json\/wp\/v2\/media?parent=823"}],"wp:term":[{"taxonomy":"product_brand","embeddable":true,"href":"https:\/\/pandagreens.com\/es\/wp-json\/wp\/v2\/product_brand?post=823"},{"taxonomy":"product_cat","embeddable":true,"href":"https:\/\/pandagreens.com\/es\/wp-json\/wp\/v2\/product_cat?post=823"},{"taxonomy":"product_tag","embeddable":true,"href":"https:\/\/pandagreens.com\/es\/wp-json\/wp\/v2\/product_tag?post=823"}],"curies":[{"name":"wp","href":"https:\/\/api.w.org\/{rel}","templated":true}]}}