{"id":15,"date":"2018-08-28T14:36:02","date_gmt":"2018-08-28T14:36:02","guid":{"rendered":"https:\/\/pandagreens.com\/?page_id=15"},"modified":"2023-06-16T13:09:33","modified_gmt":"2023-06-16T13:09:33","slug":"about","status":"publish","type":"page","link":"https:\/\/pandagreens.com\/fr\/about\/","title":{"rendered":"\u00c0 propos de nous"},"content":{"rendered":"<div class=\"banner has-hover\" id=\"banner-489295381\">\n          <div class=\"banner-inner fill\">\n        <div class=\"banner-bg fill\" >\n            <div class=\"bg fill bg-fill\"><\/div>\n                                    \n                    <\/div>\n\t\t\n        <div class=\"banner-layers container\">\n            <div class=\"fill banner-link\"><\/div>            \n\n   <div id=\"text-box-861983529\" class=\"text-box banner-layer x50 md-x50 lg-x50 y50 md-y50 lg-y50 res-text\">\n                                <div class=\"text-box-content text dark\">\n              \n              <div class=\"text-inner text-center\">\n                  \n\n\n              <\/div>\n           <\/div>\n                            \n<style>\n#text-box-861983529 {\n  width: 60%;\n}\n#text-box-861983529 .text-box-content {\n  font-size: 100%;\n}\n@media (min-width:550px) {\n  #text-box-861983529 {\n    width: 60%;\n  }\n}\n<\/style>\n    <\/div>\n \n\n        <\/div>\n      <\/div>\n\n            \n<style>\n#banner-489295381 {\n  padding-top: 350px;\n}\n#banner-489295381 .bg.bg-loaded {\n  background-image: url(https:\/\/pandagreens.com\/wp-content\/uploads\/2021\/02\/PandaGreens-Artificial-Hedge-Factory.jpg);\n}\n<\/style>\n  <\/div>\n\n\n\t<section class=\"section\" id=\"section_240945004\">\n\t\t<div class=\"bg section-bg fill bg-fill  bg-loaded\" >\n\n\t\t\t\n\t\t\t\n\t\t\t\n\n\t\t<\/div>\n\n\t\t\n\n\t\t<div class=\"section-content relative\">\n\t\t\t\n\n<div class=\"row\"  id=\"row-1326470983\">\n\n\n\t<div id=\"col-571177689\" class=\"col medium-4 small-10 large-4\"  >\n\t\t\t\t<div class=\"col-inner\"  >\n\t\t\t\n\t\t\t\n\n<h1 class=\"uppercase\" style=\"user-select: auto;\"><span style=\"font-size: 85%;\">Un des principaux fabricants de haies artificielles en Chine<\/span><\/h1>\n<a href=\"https:\/\/pandagreens.com\/fr\/contact\/\" target=\"_self\" class=\"button primary is-link\"  >\n    <span>Prenez contact avec nous<\/span>\n  <i class=\"icon-angle-right\" aria-hidden=\"true\" ><\/i><\/a>\n\n\n<\/p>\n<p style=\"user-select: auto;\">\n\n\t\t<\/div>\n\t\t\t\t\t<\/div>\n\n\t\n\n\t<div id=\"col-1905465758\" class=\"col medium-8 small-10 large-8\"  >\n\t\t\t\t<div class=\"col-inner\"  >\n\t\t\t\n\t\t\t\n\n<p>PandaGreens est un fabricant fiable et leader bas\u00e9 en Chine, sp\u00e9cialis\u00e9 dans les haies artificielles de haute qualit\u00e9, l&#039;herbe murale, les panneaux de jardin verticaux, les boules vertes, les cl\u00f4tures et les produits connexes. Avec un engagement envers la durabilit\u00e9 et le r\u00e9alisme, nous r\u00e9pondons au march\u00e9 mondial. Nos services rapides et utiles garantissent la satisfaction du client alors que nous travaillons ensemble pour atteindre les r\u00e9sultats souhait\u00e9s. Nous envisageons un monde o\u00f9 la verdure ne se fane jamais.<\/p>\n<p>Nos produits sont fabriqu\u00e9s \u00e0 partir de mat\u00e9riaux de premi\u00e8re qualit\u00e9, enti\u00e8rement recyclables et con\u00e7us pour \u00eatre adapt\u00e9s aux enfants et aux animaux domestiques. D\u00e9couvrez la commodit\u00e9 des plantes artificielles sans entretien qui r\u00e9pondent aux besoins de chacun.<\/p>\n<p>En tant que filiale de Team Sports Industry Limited, \u00e9galement connue sous le nom de Arturf, nous avons excell\u00e9 dans le sport et le paysage <a href=\"https:\/\/arturf.com\/\" target=\"_blank\" rel=\"noopener\">fabrication de gazon artificiel<\/a> depuis plus de 20 ans. Tout en donnant toujours la priorit\u00e9 au gazon artificiel, nous avons \u00e9largi notre activit\u00e9 pour inclure des solutions de rev\u00eatement de sol et des haies artificielles depuis 2016.<\/p>\n\n\t\t<\/div>\n\t\t\t\t\t<\/div>\n\n\t\n\n<\/div>\n\n\t\t<\/div>\n\n\t\t\n<style>\n#section_240945004 {\n  padding-top: 30px;\n  padding-bottom: 30px;\n}\n<\/style>\n\t<\/section>","protected":false},"excerpt":{"rendered":"","protected":false},"author":1,"featured_media":0,"parent":0,"menu_order":0,"comment_status":"closed","ping_status":"closed","template":"page-blank.php","meta":{"footnotes":""},"class_list":["post-15","page","type-page","status-publish","hentry"],"_links":{"self":[{"href":"https:\/\/pandagreens.com\/fr\/wp-json\/wp\/v2\/pages\/15","targetHints":{"allow":["GET"]}}],"collection":[{"href":"https:\/\/pandagreens.com\/fr\/wp-json\/wp\/v2\/pages"}],"about":[{"href":"https:\/\/pandagreens.com\/fr\/wp-json\/wp\/v2\/types\/page"}],"author":[{"embeddable":true,"href":"https:\/\/pandagreens.com\/fr\/wp-json\/wp\/v2\/users\/1"}],"replies":[{"embeddable":true,"href":"https:\/\/pandagreens.com\/fr\/wp-json\/wp\/v2\/comments?post=15"}],"version-history":[{"count":4,"href":"https:\/\/pandagreens.com\/fr\/wp-json\/wp\/v2\/pages\/15\/revisions"}],"predecessor-version":[{"id":1474,"href":"https:\/\/pandagreens.com\/fr\/wp-json\/wp\/v2\/pages\/15\/revisions\/1474"}],"wp:attachment":[{"href":"https:\/\/pandagreens.com\/fr\/wp-json\/wp\/v2\/media?parent=15"}],"curies":[{"name":"wp","href":"https:\/\/api.w.org\/{rel}","templated":true}]}}