{"id":18,"date":"2018-08-28T14:37:46","date_gmt":"2018-08-28T14:37:46","guid":{"rendered":"https:\/\/pandagreens.com\/?page_id=18"},"modified":"2023-06-16T12:32:52","modified_gmt":"2023-06-16T12:32:52","slug":"contact","status":"publish","type":"page","link":"https:\/\/pandagreens.com\/fr\/contact\/","title":{"rendered":"Contact"},"content":{"rendered":"<section class=\"section PandaGreensBG\" id=\"section_126010991\">\n\t\t<div class=\"bg section-bg fill bg-fill  bg-loaded\" >\n\n\t\t\t\n\t\t\t\n\t\t\t\n\n\t\t<\/div>\n\n\t\t\n\n\t\t<div class=\"section-content relative\">\n\t\t\t\n\n<div class=\"row align-equal\"  id=\"row-1798739782\">\n\n\n\t<div id=\"col-1553608607\" class=\"col medium-6 small-12 large-6\"  >\n\t\t\t\t<div class=\"col-inner box-shadow-3\"  >\n\t\t\t\n\t\t\t\n\n<h3 class=\"uppercase\"><span style=\"font-size: 90%;\"><strong>ENTRER EN CONTACT<\/strong><\/span><\/h3>\n<p>Contactez-nous pour demander des \u00e9chantillons gratuits de nos haies artificielles et recevoir des devis.<\/p>\n<p>Nous accueillons \u00e9galement les demandes de renseignements pour devenir revendeur dans votre pays\/r\u00e9gion, offrant nos produits de qualit\u00e9 sup\u00e9rieure et une assistance compl\u00e8te.<\/p>\n<p><strong>PandaGreens<br>Adresse:<\/strong> &nbsp;<em>No.5 Chengnan 1st Road, South District, Zhongshan, Guangdong, Chine<\/em><br><strong>T\u00e9l\u00e9phone:<\/strong><em> (+86) 760 87994998<\/em><br><strong>Email:<\/strong><em> info@PandaGreens.com<\/em><\/p>\n\n\t\t<\/div>\n\t\t\t\t\t<\/div>\n\n\t\n\n\t<div id=\"col-1087440333\" class=\"col medium-6 small-12 large-6\"  >\n\t\t\t\t<div class=\"col-inner box-shadow-3\"  >\n\t\t\t\n\t\t\t\n\n\t<div id=\"gap-1311529229\" class=\"gap-element clearfix\" style=\"display:block; height:auto;\">\n\t\t\n<style>\n#gap-1311529229 {\n  padding-top: 35px;\n}\n<\/style>\n\t<\/div>\n\t\n\n<p>Remplissez le formulaire ci-dessous pour nous contacter pour des questions ou de l&#039;assistance.<\/p>\n<form id=\"forminator-module-927\" class=\"forminator-custom-form forminator-custom-form-927\" method=\"post\" data-forminator-render=\"0\" data-uid=\"69d5251b5a2a4\" action=\"\"><div role=\"alert\" aria-live=\"polite\" class=\"forminator-response-message forminator-error\" aria-hidden=\"true\"><\/div><input type=\"hidden\" name=\"trp-form-language\" value=\"fr\"\/><\/form>\n\n\n\t\t<\/div>\n\t\t\t\t\t<\/div>\n\n\t\n\n\n<style>\n#row-1798739782 > .col > .col-inner {\n  padding: 40px 80px 0px 40px;\n  background-color: rgb(253, 253, 253);\n}\n<\/style>\n<\/div>\n\n\t\t<\/div>\n\n\t\t\n<style>\n#section_126010991 {\n  padding-top: 30px;\n  padding-bottom: 30px;\n}\n<\/style>\n\t<\/section>","protected":false},"excerpt":{"rendered":"","protected":false},"author":1,"featured_media":0,"parent":0,"menu_order":0,"comment_status":"closed","ping_status":"closed","template":"page-blank.php","meta":{"footnotes":""},"class_list":["post-18","page","type-page","status-publish","hentry"],"_links":{"self":[{"href":"https:\/\/pandagreens.com\/fr\/wp-json\/wp\/v2\/pages\/18","targetHints":{"allow":["GET"]}}],"collection":[{"href":"https:\/\/pandagreens.com\/fr\/wp-json\/wp\/v2\/pages"}],"about":[{"href":"https:\/\/pandagreens.com\/fr\/wp-json\/wp\/v2\/types\/page"}],"author":[{"embeddable":true,"href":"https:\/\/pandagreens.com\/fr\/wp-json\/wp\/v2\/users\/1"}],"replies":[{"embeddable":true,"href":"https:\/\/pandagreens.com\/fr\/wp-json\/wp\/v2\/comments?post=18"}],"version-history":[{"count":6,"href":"https:\/\/pandagreens.com\/fr\/wp-json\/wp\/v2\/pages\/18\/revisions"}],"predecessor-version":[{"id":1466,"href":"https:\/\/pandagreens.com\/fr\/wp-json\/wp\/v2\/pages\/18\/revisions\/1466"}],"wp:attachment":[{"href":"https:\/\/pandagreens.com\/fr\/wp-json\/wp\/v2\/media?parent=18"}],"curies":[{"name":"wp","href":"https:\/\/api.w.org\/{rel}","templated":true}]}}