{"id":478,"date":"2021-01-14T07:46:46","date_gmt":"2021-01-14T07:46:46","guid":{"rendered":"https:\/\/pandagreens.com\/?post_type=product&#038;p=478"},"modified":"2021-01-20T08:52:54","modified_gmt":"2021-01-20T08:52:54","slug":"artificial-leaf-hedge-for-privacy-fence-screen","status":"publish","type":"product","link":"https:\/\/pandagreens.com\/fr\/produit\/artificial-leaf-hedge-for-privacy-fence-screen\/","title":{"rendered":"Haie de feuilles artificielles pour \u00e9cran de cl\u00f4ture de confidentialit\u00e9"},"content":{"rendered":"<p>Id\u00e9al pour les murs v\u00e9g\u00e9talis\u00e9s et les \u00e9crans d&#039;intimit\u00e9. Notre tapis de haie de feuilles artificielles d&#039;ext\u00e9rieur est fabriqu\u00e9 \u00e0 partir de nouveaux mat\u00e9riaux PE 100% avec des inhibiteurs UV pour prot\u00e9ger contre la d\u00e9coloration.<\/p>\n<p>La taille r\u00e9guli\u00e8re est de 50 cm * 50 cm et nous pouvons la faire 100 cm * 100 cm si n\u00e9cessaire. Les tapis peuvent \u00eatre coup\u00e9s pour s&#039;adapter \u00e0 des zones irr\u00e9guli\u00e8res et peuvent \u00eatre install\u00e9s facilement sur des surfaces courbes ou ondul\u00e9es.<\/p>\n<div class=\"row\"  id=\"row-551180105\">\n\n\n\t<div id=\"col-677088426\" class=\"col small-12 large-12\"  >\n\t\t\t\t<div class=\"col-inner\"  >\n\t\t\t\n\t\t\t\n\n<h3>Taille et emballage:\u00a0<\/h3>\n<p>La taille standard: 50 cm x 50 cm par pi\u00e8ce;<br \/>Taille du carton: 52 cm * 52 cm * 30 cm<br \/>Quantit\u00e9: 12 pi\u00e8ces \/ carton<\/p>\n<p><img loading=\"lazy\" decoding=\"async\" class=\"alignnone wp-image-350 size-full\" src=\"https:\/\/pandagreens.com\/wp-content\/uploads\/2020\/12\/Artificial-Hedge-Packing.jpg\" alt=\"\" width=\"750\" height=\"804\" srcset=\"https:\/\/pandagreens.com\/wp-content\/uploads\/2020\/12\/Artificial-Hedge-Packing.jpg 750w, https:\/\/pandagreens.com\/wp-content\/uploads\/2020\/12\/Artificial-Hedge-Packing-560x600.jpg 560w, https:\/\/pandagreens.com\/wp-content\/uploads\/2020\/12\/Artificial-Hedge-Packing-510x547.jpg 510w\" sizes=\"auto, (max-width: 750px) 100vw, 750px\" \/><\/p>\n\n\t\t<\/div>\n\t\t\t\t\t<\/div>\n\n\t\n\n<\/div>\n<div class=\"row\"  id=\"row-2070831119\">\n\n\n\t<div id=\"col-1122525724\" class=\"col small-12 large-12\"  >\n\t\t\t\t<div class=\"col-inner\"  >\n\t\t\t\n\t\t\t\n\n<h3>Pourquoi les panneaux de haie artificiels PandaGreens?<\/h3>\n<p><strong>100% PE frais<br \/><\/strong>PandaGreens utilise du poly\u00e9thyl\u00e8ne frais 100% pour fabriquer les feuilles, les fleurs et la grille. Cela garantit la longue dur\u00e9e de vie de nos produits de haies artificielles. Contrairement \u00e0 certains fournisseurs qui vendent de fausses haies bon march\u00e9 faites de mat\u00e9riaux recycl\u00e9s, qui vieilliront et dispara\u00eetront rapidement.<\/p>\n<p><strong>R\u00e9sistance aux UV \/ r\u00e9sistance au feu (en option)<br \/><\/strong>La r\u00e9sistance aux UV est une caract\u00e9ristique obligatoire pour les haies artificielles d&#039;ext\u00e9rieur. Nous offrons une garantie de 3 ans pour les haies r\u00e9sistantes aux UV. La dur\u00e9e de vie pr\u00e9vue peut \u00eatre de 5 ans pour l&#039;ext\u00e9rieur et de 8 ans pour une utilisation int\u00e9rieure. Des panneaux de haie artificiels r\u00e9sistants au feu sont \u00e9galement disponibles.<\/p>\n<p><strong>Couleur r\u00e9aliste et brillante<br \/><\/strong>PandaGreens fournit presque les haies artificielles les plus r\u00e9alistes du march\u00e9. Nous avons une gamme compl\u00e8te de produits comprenant des nattes artificielles, des panneaux de jardin verticaux vivants, des feuilles artificielles s\u00e9par\u00e9es, des fleurs ... Toutes ces verdures sont aussi bonnes que naturelles, sans entretien.<\/p>\n\n\t\t<\/div>\n\t\t\t\t\t<\/div>\n\n\t\n\n<\/div>","protected":false},"excerpt":{"rendered":"<p>C&#039;est un produit de haie artificielle tr\u00e8s populaire largement utilis\u00e9 pour les murs verts et les cl\u00f4tures d&#039;intimit\u00e9. Fabriqu\u00e9 \u00e0 partir de poly\u00e9thyl\u00e8ne de premi\u00e8re qualit\u00e9. Les mat\u00e9riaux frais 100% assurent \u00e0 nos haies artificielles une longue dur\u00e9e de vie.<\/p>\n<p>CODE DE L&#039;ARTICLE: M78 \/ M79<br \/>\nMAT\u00c9RIEL: 100% nouveau PE frais<br \/>\nTAILLE R\u00c9GULI\u00c8RE :: 50 cm x 50 cm (20 \u2033 * 20 \u2033)<br \/>\nUV STABLE \/ R\u00c9SISTANT AU FEU: Oui ou en option<br \/>\nOCCASION: Ext\u00e9rieur; int\u00e9rieur<br \/>\nGARANTIE: Ext\u00e9rieur 3 ans; indoor 5 ans<br \/>\nMOQ: 100 m2<\/p>","protected":false},"featured_media":479,"comment_status":"closed","ping_status":"closed","template":"","meta":[],"product_brand":[],"product_cat":[15],"product_tag":[],"class_list":{"0":"post-478","1":"product","2":"type-product","3":"status-publish","4":"has-post-thumbnail","6":"product_cat-artificial-hedge-mat","8":"first","9":"instock","10":"shipping-taxable","11":"product-type-simple"},"_links":{"self":[{"href":"https:\/\/pandagreens.com\/fr\/wp-json\/wp\/v2\/product\/478","targetHints":{"allow":["GET"]}}],"collection":[{"href":"https:\/\/pandagreens.com\/fr\/wp-json\/wp\/v2\/product"}],"about":[{"href":"https:\/\/pandagreens.com\/fr\/wp-json\/wp\/v2\/types\/product"}],"replies":[{"embeddable":true,"href":"https:\/\/pandagreens.com\/fr\/wp-json\/wp\/v2\/comments?post=478"}],"wp:featuredmedia":[{"embeddable":true,"href":"https:\/\/pandagreens.com\/fr\/wp-json\/wp\/v2\/media\/479"}],"wp:attachment":[{"href":"https:\/\/pandagreens.com\/fr\/wp-json\/wp\/v2\/media?parent=478"}],"wp:term":[{"taxonomy":"product_brand","embeddable":true,"href":"https:\/\/pandagreens.com\/fr\/wp-json\/wp\/v2\/product_brand?post=478"},{"taxonomy":"product_cat","embeddable":true,"href":"https:\/\/pandagreens.com\/fr\/wp-json\/wp\/v2\/product_cat?post=478"},{"taxonomy":"product_tag","embeddable":true,"href":"https:\/\/pandagreens.com\/fr\/wp-json\/wp\/v2\/product_tag?post=478"}],"curies":[{"name":"wp","href":"https:\/\/api.w.org\/{rel}","templated":true}]}}