{"id":499,"date":"2021-01-14T12:02:11","date_gmt":"2021-01-14T12:02:11","guid":{"rendered":"https:\/\/pandagreens.com\/?post_type=product&#038;p=499"},"modified":"2021-01-20T09:17:27","modified_gmt":"2021-01-20T09:17:27","slug":"artificial-vertical-garden-panel-x06","status":"publish","type":"product","link":"https:\/\/pandagreens.com\/fr\/produit\/artificial-vertical-garden-panel-x06\/","title":{"rendered":"Panneau de jardin vertical artificiel-X06"},"content":{"rendered":"<p>Les panneaux de jardin verticaux artificiels combinent le m\u00e9lange parfait d&#039;herbes, de verdure, de feuilles de lierre, de foug\u00e8res et de branches \u00e9tendues. Si vous recherchez le mur v\u00e9g\u00e9tal parfait, ne cherchez pas plus loin que cette magnifique projection. Il peut \u00eatre utilis\u00e9 pour red\u00e9corer de vieilles structures, comme un mur ext\u00e9rieur ou une cl\u00f4ture. Ou, si vous souhaitez apporter un peu de verdure \u00e0 l&#039;int\u00e9rieur, vous pouvez utiliser plusieurs panneaux pour recouvrir un mur int\u00e9rieur fade et faire une d\u00e9claration audacieuse dans votre salon.<\/p>\n<p style=\"user-select: auto;\">\n<div class=\"row\"  id=\"row-1988561703\">\n\n<\/p>\n<p style=\"user-select: auto;\">\n\n\t<div id=\"col-1335421367\" class=\"col small-12 large-12\"  >\n\t\t\t\t<div class=\"col-inner\"  >\n\t\t\t\n\t\t\t\n\n<h3>Une mini for\u00eat tropicale<\/h3>\n<p>Plantes feuillues de style tropical soigneusement s\u00e9lectionn\u00e9es combin\u00e9es pour donner une apparence r\u00e9aliste. Les panneaux de jardin verticaux sont constitu\u00e9s de plusieurs types de plantes \u00e0 diff\u00e9rentes profondeurs, assembl\u00e9es \u00e0 haute densit\u00e9, ressemblant \u00e0 une mini for\u00eat tropicale. Chaque feuille est moul\u00e9e individuellement pour fournir une haie indiscernable de la vraie chose.<\/p>\n<h3 style=\"user-select: auto;\">Taille et emballage:<\/h3>\n<p style=\"user-select: auto;\">Taille standard du panneau: 100 cm x 100 cm par pi\u00e8ce;<br \/>Taille du carton: 102 cm * 52 cm * 40 cm<br style=\"user-select: auto;\" \/>Quantit\u00e9: 5 pi\u00e8ces \/ carton<\/p>\n<p style=\"user-select: auto;\"><img loading=\"lazy\" decoding=\"async\" class=\"alignnone wp-image-350 size-full\" style=\"user-select: auto;\" src=\"https:\/\/pandagreens.com\/wp-content\/uploads\/2020\/12\/Artificial-Hedge-Packing.jpg\" alt=\"\" width=\"750\" height=\"804\" srcset=\"https:\/\/pandagreens.com\/wp-content\/uploads\/2020\/12\/Artificial-Hedge-Packing.jpg 750w, https:\/\/pandagreens.com\/wp-content\/uploads\/2020\/12\/Artificial-Hedge-Packing-560x600.jpg 560w, https:\/\/pandagreens.com\/wp-content\/uploads\/2020\/12\/Artificial-Hedge-Packing-510x547.jpg 510w\" sizes=\"auto, (max-width: 750px) 100vw, 750px\" \/><\/p>\n<p style=\"user-select: auto;\">\u00a0<\/p>\n\n\t\t<\/div>\n\t\t\t\t\t<\/div>\n\n\t\n<\/p>\n<p style=\"user-select: auto;\">\n\n<\/div>\n<\/p>\n<div class=\"row\"  id=\"row-535854572\">\n\n\n\t<div id=\"col-1770269757\" class=\"col small-12 large-12\"  >\n\t\t\t\t<div class=\"col-inner\"  >\n\t\t\t\n\t\t\t\n\n<h3>Pourquoi les panneaux de haie artificiels PandaGreens?<\/h3>\n<p><strong>100% PE frais<br \/><\/strong>PandaGreens utilise du poly\u00e9thyl\u00e8ne frais 100% pour fabriquer les feuilles, les fleurs et la grille. Cela garantit la longue dur\u00e9e de vie de nos produits de haies artificielles. Contrairement \u00e0 certains fournisseurs qui vendent de fausses haies bon march\u00e9 faites de mat\u00e9riaux recycl\u00e9s, qui vieilliront et dispara\u00eetront rapidement.<\/p>\n<p><strong>R\u00e9sistance aux UV \/ r\u00e9sistance au feu (en option)<br \/><\/strong>La r\u00e9sistance aux UV est une caract\u00e9ristique obligatoire pour les haies artificielles d&#039;ext\u00e9rieur. Nous offrons une garantie de 3 ans pour les haies r\u00e9sistantes aux UV. La dur\u00e9e de vie pr\u00e9vue peut \u00eatre de 5 ans pour l&#039;ext\u00e9rieur et de 8 ans pour une utilisation int\u00e9rieure. Des panneaux de haie artificiels r\u00e9sistants au feu sont \u00e9galement disponibles.<\/p>\n<p><strong>Couleur r\u00e9aliste et brillante<br \/><\/strong>PandaGreens fournit presque les haies artificielles les plus r\u00e9alistes du march\u00e9. Nous avons une gamme compl\u00e8te de produits comprenant des nattes artificielles, des panneaux de jardin verticaux vivants, des feuilles artificielles s\u00e9par\u00e9es, des fleurs ... Toutes ces verdures sont aussi bonnes que naturelles, sans entretien.<\/p>\n\n\t\t<\/div>\n\t\t\t\t\t<\/div>\n\n\t\n\n<\/div>","protected":false},"excerpt":{"rendered":"<p>Le feuillage riche de ce jardin vertical artificiel est stabilis\u00e9 aux UV et peut \u00eatre utilis\u00e9 pour la d\u00e9coration ext\u00e9rieure. Vous pouvez certainement l&#039;utiliser \u00e9galement \u00e0 l&#039;int\u00e9rieur. Il n&#039;est limit\u00e9 que par votre imagination.<\/p>\n<p>CODE DE L&#039;ARTICLE: X98<br \/>\nMAT\u00c9RIEL: 100% nouveau PE frais<br \/>\nTAILLE R\u00c9GULI\u00c8RE: 100 cm x 100 cm (40 \u2033 * 40 \u2033)<br \/>\nUV STABLE \/ R\u00c9SISTANT AU FEU: Oui ou en option<br \/>\nOCCASION: Ext\u00e9rieur; int\u00e9rieur<br \/>\nGARANTIE: Ext\u00e9rieur 3 ans; indoor 5 ans<br \/>\nMOQ: 100 m2<\/p>","protected":false},"featured_media":500,"comment_status":"closed","ping_status":"closed","template":"","meta":[],"product_brand":[],"product_cat":[18],"product_tag":[],"class_list":{"0":"post-499","1":"product","2":"type-product","3":"status-publish","4":"has-post-thumbnail","6":"product_cat-vertical-garden-panel","8":"first","9":"instock","10":"shipping-taxable","11":"product-type-simple"},"_links":{"self":[{"href":"https:\/\/pandagreens.com\/fr\/wp-json\/wp\/v2\/product\/499","targetHints":{"allow":["GET"]}}],"collection":[{"href":"https:\/\/pandagreens.com\/fr\/wp-json\/wp\/v2\/product"}],"about":[{"href":"https:\/\/pandagreens.com\/fr\/wp-json\/wp\/v2\/types\/product"}],"replies":[{"embeddable":true,"href":"https:\/\/pandagreens.com\/fr\/wp-json\/wp\/v2\/comments?post=499"}],"wp:featuredmedia":[{"embeddable":true,"href":"https:\/\/pandagreens.com\/fr\/wp-json\/wp\/v2\/media\/500"}],"wp:attachment":[{"href":"https:\/\/pandagreens.com\/fr\/wp-json\/wp\/v2\/media?parent=499"}],"wp:term":[{"taxonomy":"product_brand","embeddable":true,"href":"https:\/\/pandagreens.com\/fr\/wp-json\/wp\/v2\/product_brand?post=499"},{"taxonomy":"product_cat","embeddable":true,"href":"https:\/\/pandagreens.com\/fr\/wp-json\/wp\/v2\/product_cat?post=499"},{"taxonomy":"product_tag","embeddable":true,"href":"https:\/\/pandagreens.com\/fr\/wp-json\/wp\/v2\/product_tag?post=499"}],"curies":[{"name":"wp","href":"https:\/\/api.w.org\/{rel}","templated":true}]}}