{"id":676,"date":"2021-02-22T12:11:52","date_gmt":"2021-02-22T12:11:52","guid":{"rendered":"https:\/\/pandagreens.com\/?post_type=product&#038;p=676"},"modified":"2021-02-22T12:11:52","modified_gmt":"2021-02-22T12:11:52","slug":"artificial-ivy-screening-roll","status":"publish","type":"product","link":"https:\/\/pandagreens.com\/fr\/produit\/artificial-ivy-screening-roll\/","title":{"rendered":"Rouleau de criblage de lierre artificiel"},"content":{"rendered":"<p>Cette cl\u00f4ture de lierre artificiel est une excellente solution pour les zones avec des cl\u00f4tures disgracieuses, de vieux murs de briques ou m\u00eame des voisins curieux. Rapide et facile \u00e0 mettre en place, ce criblage peut cr\u00e9er l&#039;illusion d&#039;une haie enti\u00e8rement d\u00e9velopp\u00e9e en quelques heures seulement.<\/p>\n<p><strong>Caract\u00e9ristiques<\/strong><br \/>\nTaille: 3 m (largeur) x 1 m (hauteur)<br \/>\nLivr\u00e9 en rouleau<\/p>","protected":false},"excerpt":{"rendered":"<p>Parfait pour embellir les murs et cl\u00f4tures disgracieux. Cette alternative r\u00e9aliste \u00e0 la couverture cultiv\u00e9e traditionnelle est un excellent moyen de d\u00e9guiser les cl\u00f4tures et les murs ou d&#039;ajouter un peu plus d&#039;intimit\u00e9 \u00e0 vos installations. Les rouleaux de cl\u00f4ture en lierre artificiel sont rapides et faciles \u00e0 installer, ne n\u00e9cessitent aucun entretien et durent des ann\u00e9es. Ils peuvent \u00e9galement \u00eatre utilis\u00e9s sur des tonnelles et des pergolas, cr\u00e9ant une zone douce et ombrag\u00e9e en dessous.<\/p>","protected":false},"featured_media":677,"comment_status":"closed","ping_status":"closed","template":"","meta":[],"product_brand":[],"product_cat":[48],"product_tag":[],"class_list":{"0":"post-676","1":"product","2":"type-product","3":"status-publish","4":"has-post-thumbnail","6":"product_cat-fence-screen-roll","8":"first","9":"instock","10":"shipping-taxable","11":"product-type-simple"},"_links":{"self":[{"href":"https:\/\/pandagreens.com\/fr\/wp-json\/wp\/v2\/product\/676","targetHints":{"allow":["GET"]}}],"collection":[{"href":"https:\/\/pandagreens.com\/fr\/wp-json\/wp\/v2\/product"}],"about":[{"href":"https:\/\/pandagreens.com\/fr\/wp-json\/wp\/v2\/types\/product"}],"replies":[{"embeddable":true,"href":"https:\/\/pandagreens.com\/fr\/wp-json\/wp\/v2\/comments?post=676"}],"wp:featuredmedia":[{"embeddable":true,"href":"https:\/\/pandagreens.com\/fr\/wp-json\/wp\/v2\/media\/677"}],"wp:attachment":[{"href":"https:\/\/pandagreens.com\/fr\/wp-json\/wp\/v2\/media?parent=676"}],"wp:term":[{"taxonomy":"product_brand","embeddable":true,"href":"https:\/\/pandagreens.com\/fr\/wp-json\/wp\/v2\/product_brand?post=676"},{"taxonomy":"product_cat","embeddable":true,"href":"https:\/\/pandagreens.com\/fr\/wp-json\/wp\/v2\/product_cat?post=676"},{"taxonomy":"product_tag","embeddable":true,"href":"https:\/\/pandagreens.com\/fr\/wp-json\/wp\/v2\/product_tag?post=676"}],"curies":[{"name":"wp","href":"https:\/\/api.w.org\/{rel}","templated":true}]}}