{"id":679,"date":"2021-02-22T12:17:07","date_gmt":"2021-02-22T12:17:07","guid":{"rendered":"https:\/\/pandagreens.com\/?post_type=product&#038;p=679"},"modified":"2021-02-22T12:21:40","modified_gmt":"2021-02-22T12:21:40","slug":"artificial-ivy-hedge-roll","status":"publish","type":"product","link":"https:\/\/pandagreens.com\/fr\/produit\/artificial-ivy-hedge-roll\/","title":{"rendered":"Rouleau de haie de lierre artificiel"},"content":{"rendered":"<p>Chaque rouleau de notre haie artificielle de lierre couvre une superficie de 3 m\u00e8tres de large x 1 m\u00e8tre de haut offrant un niveau impressionnant de couverture par unit\u00e9. De plus, l&#039;assemblage \u00e0 endos filaire \u00e9conomique des rouleaux est con\u00e7u pour \u00eatre plac\u00e9 \u00e0 l&#039;ext\u00e9rieur, de sorte que leur couleur et leur construction r\u00e9sisteront \u00e0 toutes les conditions m\u00e9t\u00e9orologiques.<\/p>\n<p>Facile \u00e0 installer avec les attaches vertes fournies et parfait pour les cours avant, arri\u00e8re-cours, balcons, terrasses, piscines, bains \u00e0 remous, restaurants, caf\u00e9s, mise en sc\u00e8ne immobili\u00e8re, appartements, locations, \u00e9v\u00e9nements sp\u00e9ciaux et bien d&#039;autres. Les rouleaux de lierre artificiel sont \u00e9galement 100% \u00e9cologiques et durables.<\/p>\n<p><strong>Caract\u00e9ristiques<\/strong><br \/>\nTaille: 3 m (largeur) x 1 m (hauteur)<br \/>\nLivr\u00e9 en rouleau<\/p>","protected":false},"excerpt":{"rendered":"<p>Les rouleaux de lierre artificiels sont le moyen le plus rapide et le moins cher d&#039;apporter la verdure et la couverture d&#039;une haie naturelle \u00e0 toute cl\u00f4ture ext\u00e9rieure, mur ou autre surface.<\/p>","protected":false},"featured_media":680,"comment_status":"closed","ping_status":"closed","template":"","meta":[],"product_brand":[],"product_cat":[48],"product_tag":[],"class_list":{"0":"post-679","1":"product","2":"type-product","3":"status-publish","4":"has-post-thumbnail","6":"product_cat-fence-screen-roll","8":"first","9":"instock","10":"shipping-taxable","11":"product-type-simple"},"_links":{"self":[{"href":"https:\/\/pandagreens.com\/fr\/wp-json\/wp\/v2\/product\/679","targetHints":{"allow":["GET"]}}],"collection":[{"href":"https:\/\/pandagreens.com\/fr\/wp-json\/wp\/v2\/product"}],"about":[{"href":"https:\/\/pandagreens.com\/fr\/wp-json\/wp\/v2\/types\/product"}],"replies":[{"embeddable":true,"href":"https:\/\/pandagreens.com\/fr\/wp-json\/wp\/v2\/comments?post=679"}],"wp:featuredmedia":[{"embeddable":true,"href":"https:\/\/pandagreens.com\/fr\/wp-json\/wp\/v2\/media\/680"}],"wp:attachment":[{"href":"https:\/\/pandagreens.com\/fr\/wp-json\/wp\/v2\/media?parent=679"}],"wp:term":[{"taxonomy":"product_brand","embeddable":true,"href":"https:\/\/pandagreens.com\/fr\/wp-json\/wp\/v2\/product_brand?post=679"},{"taxonomy":"product_cat","embeddable":true,"href":"https:\/\/pandagreens.com\/fr\/wp-json\/wp\/v2\/product_cat?post=679"},{"taxonomy":"product_tag","embeddable":true,"href":"https:\/\/pandagreens.com\/fr\/wp-json\/wp\/v2\/product_tag?post=679"}],"curies":[{"name":"wp","href":"https:\/\/api.w.org\/{rel}","templated":true}]}}