{"id":681,"date":"2021-02-22T12:38:26","date_gmt":"2021-02-22T12:38:26","guid":{"rendered":"https:\/\/pandagreens.com\/?post_type=product&#038;p=681"},"modified":"2021-02-22T12:44:58","modified_gmt":"2021-02-22T12:44:58","slug":"artificial-ivy-grass-roll","status":"publish","type":"product","link":"https:\/\/pandagreens.com\/fr\/produit\/artificial-ivy-grass-roll\/","title":{"rendered":"Rouleau d&#039;herbe de lierre artificiel"},"content":{"rendered":"<p>Utilisez des serre-c\u00e2bles pour le fixer \u00e0 des cl\u00f4tures en treillis ou \u00e0 des agrafes robustes pour cl\u00f4tures en bois. Peut \u00eatre coup\u00e9 \u00e0 la taille pour s&#039;adapter \u00e0 des zones plus petites. Parfait pour les cours avant, les cours arri\u00e8re, les balcons, les terrasses, les piscines, les spas, les restaurants, les caf\u00e9s, la mise en sc\u00e8ne immobili\u00e8re, les appartements, les locations, les \u00e9v\u00e9nements sp\u00e9ciaux et bien d&#039;autres. Les rouleaux de lierre artificiel sont \u00e9galement 100% \u00e9cologiques et durables.<\/p>\n<p><strong>Caract\u00e9ristiques<\/strong><br \/>\nTaille: 3 m (largeur) x 1 m (hauteur)<br \/>\nLivr\u00e9 en rouleau<\/p>","protected":false},"excerpt":{"rendered":"<p>Les rouleaux d&#039;herbe de lierre artificiel sont le moyen le plus rapide et le moins cher de s\u00e9parer diff\u00e9rentes zones de votre jardin et de bloquer la vue de votre jardin des voisins pour cr\u00e9er un espace ext\u00e9rieur plus priv\u00e9.<\/p>","protected":false},"featured_media":682,"comment_status":"closed","ping_status":"closed","template":"","meta":[],"product_brand":[],"product_cat":[48],"product_tag":[],"class_list":{"0":"post-681","1":"product","2":"type-product","3":"status-publish","4":"has-post-thumbnail","6":"product_cat-fence-screen-roll","8":"first","9":"instock","10":"shipping-taxable","11":"product-type-simple"},"_links":{"self":[{"href":"https:\/\/pandagreens.com\/fr\/wp-json\/wp\/v2\/product\/681","targetHints":{"allow":["GET"]}}],"collection":[{"href":"https:\/\/pandagreens.com\/fr\/wp-json\/wp\/v2\/product"}],"about":[{"href":"https:\/\/pandagreens.com\/fr\/wp-json\/wp\/v2\/types\/product"}],"replies":[{"embeddable":true,"href":"https:\/\/pandagreens.com\/fr\/wp-json\/wp\/v2\/comments?post=681"}],"wp:featuredmedia":[{"embeddable":true,"href":"https:\/\/pandagreens.com\/fr\/wp-json\/wp\/v2\/media\/682"}],"wp:attachment":[{"href":"https:\/\/pandagreens.com\/fr\/wp-json\/wp\/v2\/media?parent=681"}],"wp:term":[{"taxonomy":"product_brand","embeddable":true,"href":"https:\/\/pandagreens.com\/fr\/wp-json\/wp\/v2\/product_brand?post=681"},{"taxonomy":"product_cat","embeddable":true,"href":"https:\/\/pandagreens.com\/fr\/wp-json\/wp\/v2\/product_cat?post=681"},{"taxonomy":"product_tag","embeddable":true,"href":"https:\/\/pandagreens.com\/fr\/wp-json\/wp\/v2\/product_tag?post=681"}],"curies":[{"name":"wp","href":"https:\/\/api.w.org\/{rel}","templated":true}]}}