{"id":700,"date":"2021-03-20T06:41:01","date_gmt":"2021-03-20T06:41:01","guid":{"rendered":"https:\/\/pandagreens.com\/?post_type=product&#038;p=700"},"modified":"2021-03-20T07:04:03","modified_gmt":"2021-03-20T07:04:03","slug":"premium-quality-artificial-fence","status":"publish","type":"product","link":"https:\/\/pandagreens.com\/fr\/produit\/premium-quality-artificial-fence\/","title":{"rendered":"Cl\u00f4ture artificielle ext\u00e9rieure \/ int\u00e9rieure de qualit\u00e9 sup\u00e9rieure"},"content":{"rendered":"<p>Cette cl\u00f4ture artificielle de qualit\u00e9 sup\u00e9rieure est parfaite pour cr\u00e9er un mur original et apporter une sensation botanique \u00e0 votre espace. Si vous avez des murs disgracieux, c&#039;est un moyen id\u00e9al de filtrer la zone et de la transformer en spectacle!<\/p>\n<h3>d\u00e9tails du produit<\/h3>\n<p>&nbsp;<\/p>\n\n  \n    <div class=\"row large-columns-2 medium-columns- small-columns-\" >\n  <div class=\"gallery-col col\" >\n          <div class=\"col-inner\">\n            <a class=\"image-lightbox lightbox-gallery\" href=\"https:\/\/pandagreens.com\/wp-content\/uploads\/2021\/03\/Outdoor-Premium-Quality-Artificial-Fence-Pandagreens.jpg\" title=\"\">            <div class=\"box has-hover gallery-box box-overlay dark\">\n              <div class=\"box-image\" >\n                <img loading=\"lazy\" decoding=\"async\" width=\"600\" height=\"386\" src=\"https:\/\/pandagreens.com\/wp-content\/uploads\/2021\/03\/Outdoor-Premium-Quality-Artificial-Fence-Pandagreens-600x386.jpg\" class=\"attachment-medium size-medium\" alt=\"\" ids=\"705\" columns=\"2\" srcset=\"https:\/\/pandagreens.com\/wp-content\/uploads\/2021\/03\/Outdoor-Premium-Quality-Artificial-Fence-Pandagreens-600x386.jpg 600w, https:\/\/pandagreens.com\/wp-content\/uploads\/2021\/03\/Outdoor-Premium-Quality-Artificial-Fence-Pandagreens-768x494.jpg 768w, https:\/\/pandagreens.com\/wp-content\/uploads\/2021\/03\/Outdoor-Premium-Quality-Artificial-Fence-Pandagreens-16x10.jpg 16w, https:\/\/pandagreens.com\/wp-content\/uploads\/2021\/03\/Outdoor-Premium-Quality-Artificial-Fence-Pandagreens-510x328.jpg 510w, https:\/\/pandagreens.com\/wp-content\/uploads\/2021\/03\/Outdoor-Premium-Quality-Artificial-Fence-Pandagreens.jpg 1011w\" sizes=\"auto, (max-width: 600px) 100vw, 600px\" \/>                                  <div class=\"overlay fill\"\n                      style=\"background-color: rgba(0,0,0,.15)\">\n                  <\/div>\n                                                              <\/div>\n              <div class=\"box-text text-left\" >\n                 <p><\/p>\n              <\/div>\n            <\/div>\n            <\/a>          <\/div>\n         <\/div><\/div>\n<div class=\"row\"  id=\"row-1547323003\">\n\n\n\t<div id=\"col-1599908555\" class=\"col small-12 large-12\"  >\n\t\t\t\t<div class=\"col-inner\"  >\n\t\t\t\n\t\t\t\n\n<h3>Taille et emballage:\u00a0<\/h3>\n<p>La taille standard: 50 cm x 50 cm par pi\u00e8ce;<br \/>Taille du carton: 52 cm * 52 cm * 30 cm<br \/>Quantit\u00e9: 12 pi\u00e8ces \/ carton<\/p>\n<p><img loading=\"lazy\" decoding=\"async\" class=\"alignnone wp-image-350 size-full\" src=\"https:\/\/pandagreens.com\/wp-content\/uploads\/2020\/12\/Artificial-Hedge-Packing.jpg\" alt=\"\" width=\"750\" height=\"804\" srcset=\"https:\/\/pandagreens.com\/wp-content\/uploads\/2020\/12\/Artificial-Hedge-Packing.jpg 750w, https:\/\/pandagreens.com\/wp-content\/uploads\/2020\/12\/Artificial-Hedge-Packing-560x600.jpg 560w, https:\/\/pandagreens.com\/wp-content\/uploads\/2020\/12\/Artificial-Hedge-Packing-510x547.jpg 510w\" sizes=\"auto, (max-width: 750px) 100vw, 750px\" \/><\/p>\n\n\t\t<\/div>\n\t\t\t\t\t<\/div>\n\n\t\n\n<\/div>\n<div class=\"row\"  id=\"row-383852222\">\n\n\n\t<div id=\"col-1725014863\" class=\"col small-12 large-12\"  >\n\t\t\t\t<div class=\"col-inner\"  >\n\t\t\t\n\t\t\t\n\n<h3>Pourquoi les panneaux de haie artificiels PandaGreens?<\/h3>\n<p><strong>100% PE frais<br \/><\/strong>PandaGreens utilise du poly\u00e9thyl\u00e8ne frais 100% pour fabriquer les feuilles, les fleurs et la grille. Cela garantit la longue dur\u00e9e de vie de nos produits de haies artificielles. Contrairement \u00e0 certains fournisseurs qui vendent de fausses haies bon march\u00e9 faites de mat\u00e9riaux recycl\u00e9s, qui vieilliront et dispara\u00eetront rapidement.<\/p>\n<p><strong>R\u00e9sistance aux UV \/ r\u00e9sistance au feu (en option)<br \/><\/strong>La r\u00e9sistance aux UV est une caract\u00e9ristique obligatoire pour les haies artificielles d&#039;ext\u00e9rieur. Nous offrons une garantie de 3 ans pour les haies r\u00e9sistantes aux UV. La dur\u00e9e de vie pr\u00e9vue peut \u00eatre de 5 ans pour l&#039;ext\u00e9rieur et de 8 ans pour une utilisation int\u00e9rieure. Des panneaux de haie artificiels r\u00e9sistants au feu sont \u00e9galement disponibles.<\/p>\n<p><strong>Couleur r\u00e9aliste et brillante<br \/><\/strong>PandaGreens fournit presque les haies artificielles les plus r\u00e9alistes du march\u00e9. Nous avons une gamme compl\u00e8te de produits comprenant des nattes artificielles, des panneaux de jardin verticaux vivants, des feuilles artificielles s\u00e9par\u00e9es, des fleurs ... Toutes ces verdures sont aussi bonnes que naturelles, sans entretien.<\/p>\n\n\t\t<\/div>\n\t\t\t\t\t<\/div>\n\n\t\n\n<\/div>","protected":false},"excerpt":{"rendered":"<p>Une haie de buis artificiel d&#039;aspect extr\u00eamement naturel avec des feuilles denses. Il est stable aux UV qui prot\u00e8ge contre toute d\u00e9coloration ou d\u00e9coloration permettant ainsi \u00e0 cette haie de buis artificiel de rester \u00e0 son meilleur \u00e0 l&#039;ext\u00e9rieur comme \u00e0 l&#039;int\u00e9rieur pendant de longues ann\u00e9es.<\/p>\n<p>CODE DE L&#039;ARTICLE: Cl\u00f4ture artificielle ext\u00e9rieure \/ int\u00e9rieure de qualit\u00e9 sup\u00e9rieure<br \/>\nMAT\u00c9RIEL: 100% nouveau PE frais<br \/>\nTAILLE R\u00c9GULI\u00c8RE :: 50 cm x 50 cm (20 \u2033 * 20 \u2033)<br \/>\nUV STABLE \/ R\u00c9SISTANT AU FEU: Oui ou en option<br \/>\nOCCASION: Ext\u00e9rieur; int\u00e9rieur<br \/>\nGARANTIE: Ext\u00e9rieur 3 ans; indoor 5 ans<br \/>\nMOQ: 100 m2<\/p>","protected":false},"featured_media":701,"comment_status":"closed","ping_status":"closed","template":"","meta":[],"product_brand":[],"product_cat":[15],"product_tag":[],"class_list":{"0":"post-700","1":"product","2":"type-product","3":"status-publish","4":"has-post-thumbnail","6":"product_cat-artificial-hedge-mat","8":"first","9":"instock","10":"featured","11":"shipping-taxable","12":"product-type-simple"},"_links":{"self":[{"href":"https:\/\/pandagreens.com\/fr\/wp-json\/wp\/v2\/product\/700","targetHints":{"allow":["GET"]}}],"collection":[{"href":"https:\/\/pandagreens.com\/fr\/wp-json\/wp\/v2\/product"}],"about":[{"href":"https:\/\/pandagreens.com\/fr\/wp-json\/wp\/v2\/types\/product"}],"replies":[{"embeddable":true,"href":"https:\/\/pandagreens.com\/fr\/wp-json\/wp\/v2\/comments?post=700"}],"wp:featuredmedia":[{"embeddable":true,"href":"https:\/\/pandagreens.com\/fr\/wp-json\/wp\/v2\/media\/701"}],"wp:attachment":[{"href":"https:\/\/pandagreens.com\/fr\/wp-json\/wp\/v2\/media?parent=700"}],"wp:term":[{"taxonomy":"product_brand","embeddable":true,"href":"https:\/\/pandagreens.com\/fr\/wp-json\/wp\/v2\/product_brand?post=700"},{"taxonomy":"product_cat","embeddable":true,"href":"https:\/\/pandagreens.com\/fr\/wp-json\/wp\/v2\/product_cat?post=700"},{"taxonomy":"product_tag","embeddable":true,"href":"https:\/\/pandagreens.com\/fr\/wp-json\/wp\/v2\/product_tag?post=700"}],"curies":[{"name":"wp","href":"https:\/\/api.w.org\/{rel}","templated":true}]}}