{"id":819,"date":"2021-04-10T01:53:29","date_gmt":"2021-04-10T01:53:29","guid":{"rendered":"https:\/\/pandagreens.com\/?post_type=product&#038;p=819"},"modified":"2021-04-10T02:15:47","modified_gmt":"2021-04-10T02:15:47","slug":"artificial-boxwood-hedge-greenery-panels","status":"publish","type":"product","link":"https:\/\/pandagreens.com\/fr\/produit\/artificial-boxwood-hedge-greenery-panels\/","title":{"rendered":"Panneaux de verdure de haie de buis artificiels"},"content":{"rendered":"<div>Savourez l&#039;absence d&#039;entretien, de parage ou de tout autre entretien habituel tel que l&#039;arrosage. Ces panneaux de verdure de haie de buis artificiels peuvent cr\u00e9er un look dramatique tout en aidant \u00e0 r\u00e9duire les niveaux d&#039;\u00e9cho et de bruit dans n&#039;importe quelle pi\u00e8ce de taille.<\/div>\n<div>\u00a0<\/div>\n<div>Ces panneaux de haie artificielle sont assembl\u00e9s avec un feuillage artificiel de la plus haute qualit\u00e9 et le plus r\u00e9aliste et un panneau en plastique solide. Cela \u00e9vite tous les d\u00e9sagr\u00e9ments d&#039;installation. Le propri\u00e9taire \/ installateur peut installer ce panneau \u00e0 l&#039;int\u00e9rieur ou \u00e0 l&#039;ext\u00e9rieur instantan\u00e9ment sans pr\u00e9paration de mur telle que planche de bois, peinture. Il permet aux gens d&#039;utiliser des panneaux pour cr\u00e9er des \u0153uvres d&#039;art ou de la d\u00e9coration int\u00e9rieure \u00e0 l&#039;aide de panneaux de haie artificiels beaucoup plus facilement qu&#039;auparavant.<\/div>\n<div>\u00a0<\/div>\n<div><strong>Applications d\u00e9coratives int\u00e9rieures<\/strong> comprennent un balcon, un salon, un treillis, une salle d&#039;\u00e9tude, une terrasse, une salle de bains, un espace de travail de bureau, des h\u00f4tels, des restaurants, un hall, des mariages, une r\u00e9ception et d&#039;autres lieux, un moyen rentable d&#039;embellir et d&#039;augmenter esth\u00e9tiquement la valeur de votre propri\u00e9t\u00e9, facile mis en place en quelques minutes.<\/div>\n<div>\u00a0<\/div>\n<div><strong>Applications ext\u00e9rieures<\/strong> comprennent une utilisation dans le patio, le porche, les \u00e9crans d&#039;intimit\u00e9, les cl\u00f4tures en bois, la cour, la cour arri\u00e8re, les all\u00e9es, la fa\u00e7ade de la maison et du bureau, la toile de fond de la photographie de mariage, la toile de fond de la sc\u00e8ne, etc.<\/div>\n\t<div id=\"gap-256469297\" class=\"gap-element clearfix\" style=\"display:block; height:auto;\">\n\t\t\n<style>\n#gap-256469297 {\n  padding-top: 30px;\n}\n<\/style>\n\t<\/div>\n\t\n<div class=\"row\"  id=\"row-376435856\">\n\n\n\t<div id=\"col-129765071\" class=\"col small-12 large-12\"  >\n\t\t\t\t<div class=\"col-inner\"  >\n\t\t\t\n\t\t\t\n\n<h3>Taille et emballage:\u00a0<\/h3>\n<p>La taille standard: 50 cm x 50 cm par pi\u00e8ce;<br \/>Taille du carton: 52 cm * 52 cm * 30 cm<br \/>Quantit\u00e9: 12 pi\u00e8ces \/ carton<\/p>\n<p><img loading=\"lazy\" decoding=\"async\" class=\"alignnone wp-image-350 size-full\" src=\"https:\/\/pandagreens.com\/wp-content\/uploads\/2020\/12\/Artificial-Hedge-Packing.jpg\" alt=\"\" width=\"750\" height=\"804\" srcset=\"https:\/\/pandagreens.com\/wp-content\/uploads\/2020\/12\/Artificial-Hedge-Packing.jpg 750w, https:\/\/pandagreens.com\/wp-content\/uploads\/2020\/12\/Artificial-Hedge-Packing-560x600.jpg 560w, https:\/\/pandagreens.com\/wp-content\/uploads\/2020\/12\/Artificial-Hedge-Packing-510x547.jpg 510w\" sizes=\"auto, (max-width: 750px) 100vw, 750px\" \/><\/p>\n\n\t\t<\/div>\n\t\t\t\t\t<\/div>\n\n\t\n\n<\/div>\n<div class=\"row\"  id=\"row-220653779\">\n\n\n\t<div id=\"col-93686136\" class=\"col small-12 large-12\"  >\n\t\t\t\t<div class=\"col-inner\"  >\n\t\t\t\n\t\t\t\n\n<h3>Pourquoi les panneaux de haie artificiels PandaGreens?<\/h3>\n<p><strong>100% PE frais<br \/><\/strong>PandaGreens utilise du poly\u00e9thyl\u00e8ne frais 100% pour fabriquer les feuilles, les fleurs et la grille. Cela garantit la longue dur\u00e9e de vie de nos produits de haies artificielles. Contrairement \u00e0 certains fournisseurs qui vendent de fausses haies bon march\u00e9 faites de mat\u00e9riaux recycl\u00e9s, qui vieilliront et dispara\u00eetront rapidement.<\/p>\n<p><strong>R\u00e9sistance aux UV \/ r\u00e9sistance au feu (en option)<br \/><\/strong>La r\u00e9sistance aux UV est une caract\u00e9ristique obligatoire pour les haies artificielles d&#039;ext\u00e9rieur. Nous offrons une garantie de 3 ans pour les haies r\u00e9sistantes aux UV. La dur\u00e9e de vie pr\u00e9vue peut \u00eatre de 5 ans pour l&#039;ext\u00e9rieur et de 8 ans pour une utilisation int\u00e9rieure. Des panneaux de haie artificiels r\u00e9sistants au feu sont \u00e9galement disponibles.<\/p>\n<p><strong>Couleur r\u00e9aliste et brillante<br \/><\/strong>PandaGreens fournit presque les haies artificielles les plus r\u00e9alistes du march\u00e9. Nous avons une gamme compl\u00e8te de produits comprenant des nattes artificielles, des panneaux de jardin verticaux vivants, des feuilles artificielles s\u00e9par\u00e9es, des fleurs ... Toutes ces verdures sont aussi bonnes que naturelles, sans entretien.<\/p>\n\n\t\t<\/div>\n\t\t\t\t\t<\/div>\n\n\t\n\n<\/div>","protected":false},"excerpt":{"rendered":"<p>Les panneaux de verdure de haie de buis artificiels sont connus pour leur design exceptionnel. Ces panneaux sont parfaits pour ajouter une intimit\u00e9 \u00e9l\u00e9gante \u00e0 un endroit int\u00e9rieur ou ext\u00e9rieur. Install\u00e9e sur un mur ou le long d&#039;une cl\u00f4ture dans votre cour ou sur une balustrade sur votre terrasse, votre propri\u00e9t\u00e9 sera beaucoup plus attrayante.<\/p>\n<p>CODE DE L&#039;ARTICLE: LUCKY GRASS<br \/>\nMAT\u00c9RIEL: 100% nouveau PE frais<br \/>\nTAILLE R\u00c9GULI\u00c8RE :: 50 cm x 50 cm (20 \u2033 * 20 \u2033)<br \/>\nUV STABLE \/ R\u00c9SISTANT AU FEU: Oui ou en option<br \/>\nOCCASION: Ext\u00e9rieur; int\u00e9rieur<br \/>\nGARANTIE: Ext\u00e9rieur 3 ans; indoor 5 ans<br \/>\nMOQ: 100 m2<\/p>","protected":false},"featured_media":821,"comment_status":"closed","ping_status":"closed","template":"","meta":[],"product_brand":[],"product_cat":[15],"product_tag":[],"class_list":{"0":"post-819","1":"product","2":"type-product","3":"status-publish","4":"has-post-thumbnail","6":"product_cat-artificial-hedge-mat","8":"first","9":"instock","10":"featured","11":"shipping-taxable","12":"product-type-simple"},"_links":{"self":[{"href":"https:\/\/pandagreens.com\/fr\/wp-json\/wp\/v2\/product\/819","targetHints":{"allow":["GET"]}}],"collection":[{"href":"https:\/\/pandagreens.com\/fr\/wp-json\/wp\/v2\/product"}],"about":[{"href":"https:\/\/pandagreens.com\/fr\/wp-json\/wp\/v2\/types\/product"}],"replies":[{"embeddable":true,"href":"https:\/\/pandagreens.com\/fr\/wp-json\/wp\/v2\/comments?post=819"}],"wp:featuredmedia":[{"embeddable":true,"href":"https:\/\/pandagreens.com\/fr\/wp-json\/wp\/v2\/media\/821"}],"wp:attachment":[{"href":"https:\/\/pandagreens.com\/fr\/wp-json\/wp\/v2\/media?parent=819"}],"wp:term":[{"taxonomy":"product_brand","embeddable":true,"href":"https:\/\/pandagreens.com\/fr\/wp-json\/wp\/v2\/product_brand?post=819"},{"taxonomy":"product_cat","embeddable":true,"href":"https:\/\/pandagreens.com\/fr\/wp-json\/wp\/v2\/product_cat?post=819"},{"taxonomy":"product_tag","embeddable":true,"href":"https:\/\/pandagreens.com\/fr\/wp-json\/wp\/v2\/product_tag?post=819"}],"curies":[{"name":"wp","href":"https:\/\/api.w.org\/{rel}","templated":true}]}}