{"id":823,"date":"2021-04-10T03:52:27","date_gmt":"2021-04-10T03:52:27","guid":{"rendered":"https:\/\/pandagreens.com\/?post_type=product&#038;p=823"},"modified":"2021-04-11T07:12:14","modified_gmt":"2021-04-11T07:12:14","slug":"cable-ties-for-artificial-hedge-panels-installation","status":"publish","type":"product","link":"https:\/\/pandagreens.com\/fr\/produit\/cable-ties-for-artificial-hedge-panels-installation\/","title":{"rendered":"Attaches de c\u00e2ble pour l&#039;installation de panneaux de haie artificiels"},"content":{"rendered":"<p>Sp\u00e9cification:<br \/>\nNom du produit: cravate zipp\u00e9e \/ attache-c\u00e2ble \/ pince-c\u00e2ble<br \/>\nMat\u00e9riel: plastique de haute qualit\u00e9<br \/>\nLargeur: 3 mm (V\u00e9rifiez avec nous pour d&#039;autres options)<br \/>\nLongueur: 15 mm (V\u00e9rifiez avec nous pour d&#039;autres options)<\/p>\n<p>Chaque morceau de panneau de haie artificielle a une conception imbriqu\u00e9e, ils peuvent \u00eatre facilement connect\u00e9s par simple match et clic. Mais pour un grand projet, vous devrez peut-\u00eatre utiliser des attaches zip \/ serre-c\u00e2bles pour s\u00e9curiser et am\u00e9liorer la connexion.<\/p>\n<p>Si vous pr\u00e9voyez d&#039;installer les panneaux de haie artificielle sur une grille m\u00e9tallique ou une cl\u00f4ture existante, vous devez utiliser des attaches \u00e0 glissi\u00e8re \/ serre-c\u00e2bles pour attacher les panneaux de haie artificielle \u00e0 la grille m\u00e9tallique \/ \u00e0 la cl\u00f4ture existante.<\/p>\n<p>Fonctionnalit\u00e9:<br \/>\n1. Leur couleur verte rend les serre-c\u00e2bles invisibles apr\u00e8s l&#039;installation.<br \/>\n2. L&#039;attache de fermeture \u00e9clair \/ l&#039;attache de c\u00e2ble \/ l&#039;attache de c\u00e2ble est faite de mati\u00e8re plastique de haute qualit\u00e9 - respectueuse de l&#039;environnement, non toxique et difficile \u00e0 d\u00e9colorer. Le produit est non seulement durable mais \u00e9galement stable \u00e0 utiliser pour une dur\u00e9e de vie durable.<br \/>\n3. Ces serre-c\u00e2bles facilitent grandement l&#039;installation de la haie artificielle. Cela vous co\u00fbte un peu de temps, vous \u00e9conomise de l&#039;\u00e9nergie et du temps.<br \/>\n4. Contr\u00f4le parfait de la qualit\u00e9 et des d\u00e9tails. Excellente finition, performances stables et merveilleuses<\/p>","protected":false},"excerpt":{"rendered":"<p>Quand aurez-vous besoin des attaches zip \/ serre-c\u00e2bles?<br \/>\n1. S\u00e9curisez et am\u00e9liorez la connexion entre les panneaux de haie artificielle.<br \/>\n2. Attach\u00e9 un morceau connect\u00e9 de haies artificielles \u00e0 la grille m\u00e9tallique.<\/p>","protected":false},"featured_media":824,"comment_status":"closed","ping_status":"closed","template":"","meta":[],"product_brand":[],"product_cat":[49],"product_tag":[],"class_list":{"0":"post-823","1":"product","2":"type-product","3":"status-publish","4":"has-post-thumbnail","6":"product_cat-accessories","8":"first","9":"instock","10":"shipping-taxable","11":"product-type-simple"},"_links":{"self":[{"href":"https:\/\/pandagreens.com\/fr\/wp-json\/wp\/v2\/product\/823","targetHints":{"allow":["GET"]}}],"collection":[{"href":"https:\/\/pandagreens.com\/fr\/wp-json\/wp\/v2\/product"}],"about":[{"href":"https:\/\/pandagreens.com\/fr\/wp-json\/wp\/v2\/types\/product"}],"replies":[{"embeddable":true,"href":"https:\/\/pandagreens.com\/fr\/wp-json\/wp\/v2\/comments?post=823"}],"wp:featuredmedia":[{"embeddable":true,"href":"https:\/\/pandagreens.com\/fr\/wp-json\/wp\/v2\/media\/824"}],"wp:attachment":[{"href":"https:\/\/pandagreens.com\/fr\/wp-json\/wp\/v2\/media?parent=823"}],"wp:term":[{"taxonomy":"product_brand","embeddable":true,"href":"https:\/\/pandagreens.com\/fr\/wp-json\/wp\/v2\/product_brand?post=823"},{"taxonomy":"product_cat","embeddable":true,"href":"https:\/\/pandagreens.com\/fr\/wp-json\/wp\/v2\/product_cat?post=823"},{"taxonomy":"product_tag","embeddable":true,"href":"https:\/\/pandagreens.com\/fr\/wp-json\/wp\/v2\/product_tag?post=823"}],"curies":[{"name":"wp","href":"https:\/\/api.w.org\/{rel}","templated":true}]}}