{"id":15,"date":"2018-08-28T14:36:02","date_gmt":"2018-08-28T14:36:02","guid":{"rendered":"https:\/\/pandagreens.com\/?page_id=15"},"modified":"2023-06-16T13:09:33","modified_gmt":"2023-06-16T13:09:33","slug":"about","status":"publish","type":"page","link":"https:\/\/pandagreens.com\/pt\/about\/","title":{"rendered":"Sobre"},"content":{"rendered":"<div class=\"banner has-hover\" id=\"banner-1988155115\">\n          <div class=\"banner-inner fill\">\n        <div class=\"banner-bg fill\" >\n            <div class=\"bg fill bg-fill\"><\/div>\n                                    \n                    <\/div>\n\t\t\n        <div class=\"banner-layers container\">\n            <div class=\"fill banner-link\"><\/div>            \n\n   <div id=\"text-box-1392784954\" class=\"text-box banner-layer x50 md-x50 lg-x50 y50 md-y50 lg-y50 res-text\">\n                                <div class=\"text-box-content text dark\">\n              \n              <div class=\"text-inner text-center\">\n                  \n\n\n              <\/div>\n           <\/div>\n                            \n<style>\n#text-box-1392784954 {\n  width: 60%;\n}\n#text-box-1392784954 .text-box-content {\n  font-size: 100%;\n}\n@media (min-width:550px) {\n  #text-box-1392784954 {\n    width: 60%;\n  }\n}\n<\/style>\n    <\/div>\n \n\n        <\/div>\n      <\/div>\n\n            \n<style>\n#banner-1988155115 {\n  padding-top: 350px;\n}\n#banner-1988155115 .bg.bg-loaded {\n  background-image: url(https:\/\/pandagreens.com\/wp-content\/uploads\/2021\/02\/PandaGreens-Artificial-Hedge-Factory.jpg);\n}\n<\/style>\n  <\/div>\n\n\n\t<section class=\"section\" id=\"section_1072130445\">\n\t\t<div class=\"bg section-bg fill bg-fill  bg-loaded\" >\n\n\t\t\t\n\t\t\t\n\t\t\t\n\n\t\t<\/div>\n\n\t\t\n\n\t\t<div class=\"section-content relative\">\n\t\t\t\n\n<div class=\"row\"  id=\"row-1421766902\">\n\n\n\t<div id=\"col-947577623\" class=\"col medium-4 small-10 large-4\"  >\n\t\t\t\t<div class=\"col-inner\"  >\n\t\t\t\n\t\t\t\n\n<h1 class=\"uppercase\" style=\"user-select: auto;\"><span style=\"font-size: 85%;\">Um fabricante l\u00edder de sebes artificiais na China<\/span><\/h1>\n<a href=\"https:\/\/pandagreens.com\/pt\/contact\/\" target=\"_self\" class=\"button primary is-link\"  >\n    <span>Entre em contato conosco<\/span>\n  <i class=\"icon-angle-right\" aria-hidden=\"true\" ><\/i><\/a>\n\n\n<\/p>\n<p style=\"user-select: auto;\">\n\n\t\t<\/div>\n\t\t\t\t\t<\/div>\n\n\t\n\n\t<div id=\"col-1217520328\" class=\"col medium-8 small-10 large-8\"  >\n\t\t\t\t<div class=\"col-inner\"  >\n\t\t\t\n\t\t\t\n\n<p>PandaGreens \u00e9 um fabricante confi\u00e1vel e l\u00edder com base na China, especializado em sebes artificiais de alta qualidade, grama de parede, pain\u00e9is verticais de jardim, bolas verdes, cercas e produtos relacionados. Com o compromisso de durabilidade e realismo, atendemos o mercado mundial. Nossos servi\u00e7os r\u00e1pidos e \u00fateis garantem a satisfa\u00e7\u00e3o do cliente enquanto trabalhamos juntos para alcan\u00e7ar os resultados desejados. N\u00f3s imaginamos um mundo onde a vegeta\u00e7\u00e3o nunca desaparece.<\/p>\n<p>Nossos produtos s\u00e3o fabricados com materiais premium, totalmente recicl\u00e1veis e projetados para crian\u00e7as e animais de estima\u00e7\u00e3o. Experimente a conveni\u00eancia de plantas artificiais sem manuten\u00e7\u00e3o que atendem \u00e0s necessidades de todos.<\/p>\n<p>Como subsidi\u00e1ria da Team Sports Industry Limited, tamb\u00e9m conhecida como Arturf, nos destacamos em esportes e paisagem <a href=\"https:\/\/arturf.com\/\" target=\"_blank\" rel=\"noopener\">fabrica\u00e7\u00e3o de grama artificial<\/a> por mais de 20 anos. Embora ainda priorizemos a grama artificial, expandimos nossos neg\u00f3cios para incluir solu\u00e7\u00f5es de pisos e coberturas artificiais desde 2016.<\/p>\n\n\t\t<\/div>\n\t\t\t\t\t<\/div>\n\n\t\n\n<\/div>\n\n\t\t<\/div>\n\n\t\t\n<style>\n#section_1072130445 {\n  padding-top: 30px;\n  padding-bottom: 30px;\n}\n<\/style>\n\t<\/section>","protected":false},"excerpt":{"rendered":"","protected":false},"author":1,"featured_media":0,"parent":0,"menu_order":0,"comment_status":"closed","ping_status":"closed","template":"page-blank.php","meta":{"footnotes":""},"class_list":["post-15","page","type-page","status-publish","hentry"],"_links":{"self":[{"href":"https:\/\/pandagreens.com\/pt\/wp-json\/wp\/v2\/pages\/15","targetHints":{"allow":["GET"]}}],"collection":[{"href":"https:\/\/pandagreens.com\/pt\/wp-json\/wp\/v2\/pages"}],"about":[{"href":"https:\/\/pandagreens.com\/pt\/wp-json\/wp\/v2\/types\/page"}],"author":[{"embeddable":true,"href":"https:\/\/pandagreens.com\/pt\/wp-json\/wp\/v2\/users\/1"}],"replies":[{"embeddable":true,"href":"https:\/\/pandagreens.com\/pt\/wp-json\/wp\/v2\/comments?post=15"}],"version-history":[{"count":4,"href":"https:\/\/pandagreens.com\/pt\/wp-json\/wp\/v2\/pages\/15\/revisions"}],"predecessor-version":[{"id":1474,"href":"https:\/\/pandagreens.com\/pt\/wp-json\/wp\/v2\/pages\/15\/revisions\/1474"}],"wp:attachment":[{"href":"https:\/\/pandagreens.com\/pt\/wp-json\/wp\/v2\/media?parent=15"}],"curies":[{"name":"wp","href":"https:\/\/api.w.org\/{rel}","templated":true}]}}