{"id":18,"date":"2018-08-28T14:37:46","date_gmt":"2018-08-28T14:37:46","guid":{"rendered":"https:\/\/pandagreens.com\/?page_id=18"},"modified":"2023-06-16T12:32:52","modified_gmt":"2023-06-16T12:32:52","slug":"contact","status":"publish","type":"page","link":"https:\/\/pandagreens.com\/pt\/contact\/","title":{"rendered":"Contato"},"content":{"rendered":"<section class=\"section PandaGreensBG\" id=\"section_1977992456\">\n\t\t<div class=\"bg section-bg fill bg-fill  bg-loaded\" >\n\n\t\t\t\n\t\t\t\n\t\t\t\n\n\t\t<\/div>\n\n\t\t\n\n\t\t<div class=\"section-content relative\">\n\t\t\t\n\n<div class=\"row align-equal\"  id=\"row-988113195\">\n\n\n\t<div id=\"col-2073649899\" class=\"col medium-6 small-12 large-6\"  >\n\t\t\t\t<div class=\"col-inner box-shadow-3\"  >\n\t\t\t\n\t\t\t\n\n<h3 class=\"uppercase\"><span style=\"font-size: 90%;\"><strong>ENTRAR EM CONTATO<\/strong><\/span><\/h3>\n<p>Entre em contato conosco para solicitar amostras gr\u00e1tis de nossas sebes artificiais e receber or\u00e7amentos.<\/p>\n<p>Tamb\u00e9m aceitamos consultas para se tornar um revendedor em seu pa\u00eds\/regi\u00e3o, oferecendo nossos produtos de qualidade premium e suporte abrangente.<\/p>\n<p><strong>PandaGreens<br>Endere\u00e7o:<\/strong> &nbsp;<em>No.5 Chengnan 1st Road, South District, Zhongshan, Guangdong, China<\/em><br><strong>Telefone:<\/strong><em> (+86) 760 87994998<\/em><br><strong>O email:<\/strong><em> info@PandaGreens.com<\/em><\/p>\n\n\t\t<\/div>\n\t\t\t\t\t<\/div>\n\n\t\n\n\t<div id=\"col-650350239\" class=\"col medium-6 small-12 large-6\"  >\n\t\t\t\t<div class=\"col-inner box-shadow-3\"  >\n\t\t\t\n\t\t\t\n\n\t<div id=\"gap-759003287\" class=\"gap-element clearfix\" style=\"display:block; height:auto;\">\n\t\t\n<style>\n#gap-759003287 {\n  padding-top: 35px;\n}\n<\/style>\n\t<\/div>\n\t\n\n<p>Preencha o formul\u00e1rio abaixo para entrar em contato conosco para d\u00favidas ou assist\u00eancia.<\/p>\n<form id=\"forminator-module-927\" class=\"forminator-custom-form forminator-custom-form-927\" method=\"post\" data-forminator-render=\"0\" data-uid=\"69d53ccce7e7d\" action=\"\"><div role=\"alert\" aria-live=\"polite\" class=\"forminator-response-message forminator-error\" aria-hidden=\"true\"><\/div><input type=\"hidden\" name=\"trp-form-language\" value=\"pt\"\/><\/form>\n\n\n\t\t<\/div>\n\t\t\t\t\t<\/div>\n\n\t\n\n\n<style>\n#row-988113195 > .col > .col-inner {\n  padding: 40px 80px 0px 40px;\n  background-color: rgb(253, 253, 253);\n}\n<\/style>\n<\/div>\n\n\t\t<\/div>\n\n\t\t\n<style>\n#section_1977992456 {\n  padding-top: 30px;\n  padding-bottom: 30px;\n}\n<\/style>\n\t<\/section>","protected":false},"excerpt":{"rendered":"","protected":false},"author":1,"featured_media":0,"parent":0,"menu_order":0,"comment_status":"closed","ping_status":"closed","template":"page-blank.php","meta":{"footnotes":""},"class_list":["post-18","page","type-page","status-publish","hentry"],"_links":{"self":[{"href":"https:\/\/pandagreens.com\/pt\/wp-json\/wp\/v2\/pages\/18","targetHints":{"allow":["GET"]}}],"collection":[{"href":"https:\/\/pandagreens.com\/pt\/wp-json\/wp\/v2\/pages"}],"about":[{"href":"https:\/\/pandagreens.com\/pt\/wp-json\/wp\/v2\/types\/page"}],"author":[{"embeddable":true,"href":"https:\/\/pandagreens.com\/pt\/wp-json\/wp\/v2\/users\/1"}],"replies":[{"embeddable":true,"href":"https:\/\/pandagreens.com\/pt\/wp-json\/wp\/v2\/comments?post=18"}],"version-history":[{"count":6,"href":"https:\/\/pandagreens.com\/pt\/wp-json\/wp\/v2\/pages\/18\/revisions"}],"predecessor-version":[{"id":1466,"href":"https:\/\/pandagreens.com\/pt\/wp-json\/wp\/v2\/pages\/18\/revisions\/1466"}],"wp:attachment":[{"href":"https:\/\/pandagreens.com\/pt\/wp-json\/wp\/v2\/media?parent=18"}],"curies":[{"name":"wp","href":"https:\/\/api.w.org\/{rel}","templated":true}]}}