{"id":332,"date":"2020-12-27T13:40:49","date_gmt":"2020-12-27T13:40:49","guid":{"rendered":"https:\/\/pandagreens.com\/?post_type=product&#038;p=332"},"modified":"2021-02-23T01:04:24","modified_gmt":"2021-02-23T01:04:24","slug":"artificial-boxwood-hedges-milan","status":"publish","type":"product","link":"https:\/\/pandagreens.com\/pt\/produto\/artificial-boxwood-hedges-milan\/","title":{"rendered":"Artificial Boxwood Hedges-Milan"},"content":{"rendered":"<p>As nossas esteiras para sebes artificiais de buxo t\u00eam um tamanho normal de 50cm x 50cm que podem ser personalizadas. Revestido das folhas em um painel de pl\u00e1stico resistente, flex\u00edvel para voc\u00ea criar curvas e cantos de formato natural.<\/p>\n<p>Todos os pain\u00e9is de sebes artificiais que fornecemos s\u00e3o feitos de polietileno bruto n\u00e3o t\u00f3xico. \u00c9 totalmente recicl\u00e1vel e aceita crian\u00e7as e animais de estima\u00e7\u00e3o.<\/p>\n<h3>Detalhes do produto<\/h3>\n<p><img loading=\"lazy\" decoding=\"async\" class=\"wp-image-346 size-full alignnone\" src=\"https:\/\/pandagreens.com\/wp-content\/uploads\/2020\/12\/Artificial-hedge-Mat-Milan-Details-01.jpg\" alt=\"\" width=\"652\" height=\"828\" srcset=\"https:\/\/pandagreens.com\/wp-content\/uploads\/2020\/12\/Artificial-hedge-Mat-Milan-Details-01.jpg 652w, https:\/\/pandagreens.com\/wp-content\/uploads\/2020\/12\/Artificial-hedge-Mat-Milan-Details-01-472x600.jpg 472w, https:\/\/pandagreens.com\/wp-content\/uploads\/2020\/12\/Artificial-hedge-Mat-Milan-Details-01-510x648.jpg 510w\" sizes=\"auto, (max-width: 652px) 100vw, 652px\" \/><\/p>\n<div class=\"row\"  id=\"row-1564881326\">\n\n\n\t<div id=\"col-435429179\" class=\"col small-12 large-12\"  >\n\t\t\t\t<div class=\"col-inner\"  >\n\t\t\t\n\t\t\t\n\n<h3>Tamanho e embalagem:\u00a0<\/h3>\n<p>O tamanho padr\u00e3o: 50 cm x 50 cm por pe\u00e7a;<br \/>Tamanho da caixa: 52 cm * 52 cm * 30 cm<br \/>Quantidade: 12 unidades \/ caixa<\/p>\n<p><img loading=\"lazy\" decoding=\"async\" class=\"alignnone wp-image-350 size-full\" src=\"https:\/\/pandagreens.com\/wp-content\/uploads\/2020\/12\/Artificial-Hedge-Packing.jpg\" alt=\"\" width=\"750\" height=\"804\" srcset=\"https:\/\/pandagreens.com\/wp-content\/uploads\/2020\/12\/Artificial-Hedge-Packing.jpg 750w, https:\/\/pandagreens.com\/wp-content\/uploads\/2020\/12\/Artificial-Hedge-Packing-560x600.jpg 560w, https:\/\/pandagreens.com\/wp-content\/uploads\/2020\/12\/Artificial-Hedge-Packing-510x547.jpg 510w\" sizes=\"auto, (max-width: 750px) 100vw, 750px\" \/><\/p>\n\n\t\t<\/div>\n\t\t\t\t\t<\/div>\n\n\t\n\n<\/div>\n<div class=\"row\"  id=\"row-1917719701\">\n\n\n\t<div id=\"col-1473748397\" class=\"col small-12 large-12\"  >\n\t\t\t\t<div class=\"col-inner\"  >\n\t\t\t\n\t\t\t\n\n<h3>Por que pain\u00e9is de hedge artificial PandaGreens?<\/h3>\n<p><strong>100% PE fresco<br \/><\/strong>PandaGreens usa polietileno 100% fresco para fazer as folhas, flores e grade de volta. Isso garante a longa vida \u00fatil de nossos produtos de hedge artificial. Ao contr\u00e1rio de alguns fornecedores que vendem sebes falsas baratas feitas com materiais reciclados, que envelhecem e desbotam rapidamente.<\/p>\n<p><strong>Resist\u00eancia a UV \/ resist\u00eancia ao fogo (opcional)<br \/><\/strong>A resist\u00eancia aos raios ultravioleta \u00e9 um recurso obrigat\u00f3rio para sebes artificiais ao ar livre. Oferecemos 3 anos de garantia para sebes com classifica\u00e7\u00e3o UV. A expectativa de vida pode ser de 5 anos para uso externo e 8 anos para uso interno. Pain\u00e9is de sebes artificiais com resist\u00eancia ao fogo personalizados tamb\u00e9m est\u00e3o dispon\u00edveis.<\/p>\n<p><strong>Realistas e brilhantes em cores<br \/><\/strong>PandaGreens fornece quase as coberturas artificiais mais realistas do mercado. Temos uma linha completa de produtos que inclui esteiras artificiais, pain\u00e9is de jardim verticais vivos, folhas artificiais separadas, flores ... Todas essas hortali\u00e7as s\u00e3o t\u00e3o boas quanto as naturais, sem manuten\u00e7\u00e3o.<\/p>\n\n\t\t<\/div>\n\t\t\t\t\t<\/div>\n\n\t\n\n<\/div>","protected":false},"excerpt":{"rendered":"<p>\u00c9 um dos nossos pain\u00e9is de sebe artificial mais populares, a sebe artificial de buxo PandaGreen Milan \u00e9 um excelente produto para adicionar beleza natural a qualquer projeto. Com os pain\u00e9is de sebes artificiais Milan, voc\u00ea pode facilmente adicionar uma vegeta\u00e7\u00e3o luxuriante dentro de sua casa ou empresa, ou para uso externo.<\/p>\n<p>C\u00d3DIGO DO ITEM: M4P \/ M4F<br \/>\nMATERIAL: 100% PE novo<br \/>\nTAMANHO REGULAR: 50 cm x 50 cm (20 \u2033 * 20 \u2033)<br \/>\nEST\u00c1VEL UV \/ RESISTENTE AO FOGO: Sim ou opcional<br \/>\nOCASI\u00c3O: Ao ar livre; interior<br \/>\nGARANTIA: Outdoor 3 anos; interno 5 anos<br \/>\nMOQ: 100 m\u00b2<\/p>","protected":false},"featured_media":329,"comment_status":"closed","ping_status":"closed","template":"","meta":[],"product_brand":[],"product_cat":[15],"product_tag":[],"class_list":{"0":"post-332","1":"product","2":"type-product","3":"status-publish","4":"has-post-thumbnail","6":"product_cat-artificial-hedge-mat","8":"first","9":"instock","10":"featured","11":"shipping-taxable","12":"product-type-simple"},"_links":{"self":[{"href":"https:\/\/pandagreens.com\/pt\/wp-json\/wp\/v2\/product\/332","targetHints":{"allow":["GET"]}}],"collection":[{"href":"https:\/\/pandagreens.com\/pt\/wp-json\/wp\/v2\/product"}],"about":[{"href":"https:\/\/pandagreens.com\/pt\/wp-json\/wp\/v2\/types\/product"}],"replies":[{"embeddable":true,"href":"https:\/\/pandagreens.com\/pt\/wp-json\/wp\/v2\/comments?post=332"}],"wp:featuredmedia":[{"embeddable":true,"href":"https:\/\/pandagreens.com\/pt\/wp-json\/wp\/v2\/media\/329"}],"wp:attachment":[{"href":"https:\/\/pandagreens.com\/pt\/wp-json\/wp\/v2\/media?parent=332"}],"wp:term":[{"taxonomy":"product_brand","embeddable":true,"href":"https:\/\/pandagreens.com\/pt\/wp-json\/wp\/v2\/product_brand?post=332"},{"taxonomy":"product_cat","embeddable":true,"href":"https:\/\/pandagreens.com\/pt\/wp-json\/wp\/v2\/product_cat?post=332"},{"taxonomy":"product_tag","embeddable":true,"href":"https:\/\/pandagreens.com\/pt\/wp-json\/wp\/v2\/product_tag?post=332"}],"curies":[{"name":"wp","href":"https:\/\/api.w.org\/{rel}","templated":true}]}}