{"id":482,"date":"2021-01-14T09:23:55","date_gmt":"2021-01-14T09:23:55","guid":{"rendered":"https:\/\/pandagreens.com\/?post_type=product&#038;p=482"},"modified":"2021-01-20T08:56:08","modified_gmt":"2021-01-20T08:56:08","slug":"eucalyptus-artificial-hedge","status":"publish","type":"product","link":"https:\/\/pandagreens.com\/pt\/produto\/eucalyptus-artificial-hedge\/","title":{"rendered":"Sebe Artificial de Eucalipto"},"content":{"rendered":"<p>O tamanho normal das nossas esteiras sebes artificiais \u00e9 50 cm * 50 cm. Eles podem ser facilmente conectados uns aos outros com seguran\u00e7a e podem ser flexionados ou aparados para se ajustar a formas ou superf\u00edcies irregulares. N\u00e3o importa o tamanho, formato ou escala do seu projeto, nossos tapetes de grama s\u00e3o a melhor maneira de trazer o verde exuberante de uma sebe luxuosa para qualquer espa\u00e7o.<\/p>\n<div class=\"row\"  id=\"row-482757059\">\n\n\n\t<div id=\"col-1368502496\" class=\"col small-12 large-12\"  >\n\t\t\t\t<div class=\"col-inner\"  >\n\t\t\t\n\t\t\t\n\n<h3>Tamanho e embalagem:\u00a0<\/h3>\n<p>O tamanho padr\u00e3o: 50 cm x 50 cm por pe\u00e7a;<br \/>Tamanho da caixa: 52 cm * 52 cm * 30 cm<br \/>Quantidade: 12 unidades \/ caixa<\/p>\n<p><img loading=\"lazy\" decoding=\"async\" class=\"alignnone wp-image-350 size-full\" src=\"https:\/\/pandagreens.com\/wp-content\/uploads\/2020\/12\/Artificial-Hedge-Packing.jpg\" alt=\"\" width=\"750\" height=\"804\" srcset=\"https:\/\/pandagreens.com\/wp-content\/uploads\/2020\/12\/Artificial-Hedge-Packing.jpg 750w, https:\/\/pandagreens.com\/wp-content\/uploads\/2020\/12\/Artificial-Hedge-Packing-560x600.jpg 560w, https:\/\/pandagreens.com\/wp-content\/uploads\/2020\/12\/Artificial-Hedge-Packing-510x547.jpg 510w\" sizes=\"auto, (max-width: 750px) 100vw, 750px\" \/><\/p>\n\n\t\t<\/div>\n\t\t\t\t\t<\/div>\n\n\t\n\n<\/div>\n<div class=\"row\"  id=\"row-2034355569\">\n\n\n\t<div id=\"col-599278500\" class=\"col small-12 large-12\"  >\n\t\t\t\t<div class=\"col-inner\"  >\n\t\t\t\n\t\t\t\n\n<h3>Por que pain\u00e9is de hedge artificial PandaGreens?<\/h3>\n<p><strong>100% PE fresco<br \/><\/strong>PandaGreens usa polietileno 100% fresco para fazer as folhas, flores e grade de volta. Isso garante a longa vida \u00fatil de nossos produtos de hedge artificial. Ao contr\u00e1rio de alguns fornecedores que vendem sebes falsas baratas feitas com materiais reciclados, que envelhecem e desbotam rapidamente.<\/p>\n<p><strong>Resist\u00eancia a UV \/ resist\u00eancia ao fogo (opcional)<br \/><\/strong>A resist\u00eancia aos raios ultravioleta \u00e9 um recurso obrigat\u00f3rio para sebes artificiais ao ar livre. Oferecemos 3 anos de garantia para sebes com classifica\u00e7\u00e3o UV. A expectativa de vida pode ser de 5 anos para uso externo e 8 anos para uso interno. Pain\u00e9is de sebes artificiais com resist\u00eancia ao fogo personalizados tamb\u00e9m est\u00e3o dispon\u00edveis.<\/p>\n<p><strong>Realistas e brilhantes em cores<br \/><\/strong>PandaGreens fornece quase as coberturas artificiais mais realistas do mercado. Temos uma linha completa de produtos que inclui esteiras artificiais, pain\u00e9is de jardim verticais vivos, folhas artificiais separadas, flores ... Todas essas hortali\u00e7as s\u00e3o t\u00e3o boas quanto as naturais, sem manuten\u00e7\u00e3o.<\/p>\n\n\t\t<\/div>\n\t\t\t\t\t<\/div>\n\n\t\n\n<\/div>","protected":false},"excerpt":{"rendered":"<p>Esta sebe artificial de eucalipto traz um toque vivo de toque bot\u00e2nico a qualquer espa\u00e7o. Suas folhas verdes suaves s\u00e3o aparadas com perfei\u00e7\u00e3o e nunca ultrapassar\u00e3o seu formato.<\/p>\n<p>C\u00d3DIGO DO ITEM: M7-3<br \/>\nMATERIAL: 100% PE novo<br \/>\nTAMANHO REGULAR: 50 cm x 50 cm (20 \u2033 * 20 \u2033)<br \/>\nEST\u00c1VEL UV \/ RESISTENTE AO FOGO: Sim ou opcional<br \/>\nOCASI\u00c3O: Ao ar livre; interior<br \/>\nGARANTIA: Outdoor 3 anos; interno 5 anos<br \/>\nMOQ: 100 m\u00b2<\/p>","protected":false},"featured_media":485,"comment_status":"closed","ping_status":"closed","template":"","meta":[],"product_brand":[],"product_cat":[15],"product_tag":[],"class_list":{"0":"post-482","1":"product","2":"type-product","3":"status-publish","4":"has-post-thumbnail","6":"product_cat-artificial-hedge-mat","8":"first","9":"instock","10":"shipping-taxable","11":"product-type-simple"},"_links":{"self":[{"href":"https:\/\/pandagreens.com\/pt\/wp-json\/wp\/v2\/product\/482","targetHints":{"allow":["GET"]}}],"collection":[{"href":"https:\/\/pandagreens.com\/pt\/wp-json\/wp\/v2\/product"}],"about":[{"href":"https:\/\/pandagreens.com\/pt\/wp-json\/wp\/v2\/types\/product"}],"replies":[{"embeddable":true,"href":"https:\/\/pandagreens.com\/pt\/wp-json\/wp\/v2\/comments?post=482"}],"wp:featuredmedia":[{"embeddable":true,"href":"https:\/\/pandagreens.com\/pt\/wp-json\/wp\/v2\/media\/485"}],"wp:attachment":[{"href":"https:\/\/pandagreens.com\/pt\/wp-json\/wp\/v2\/media?parent=482"}],"wp:term":[{"taxonomy":"product_brand","embeddable":true,"href":"https:\/\/pandagreens.com\/pt\/wp-json\/wp\/v2\/product_brand?post=482"},{"taxonomy":"product_cat","embeddable":true,"href":"https:\/\/pandagreens.com\/pt\/wp-json\/wp\/v2\/product_cat?post=482"},{"taxonomy":"product_tag","embeddable":true,"href":"https:\/\/pandagreens.com\/pt\/wp-json\/wp\/v2\/product_tag?post=482"}],"curies":[{"name":"wp","href":"https:\/\/api.w.org\/{rel}","templated":true}]}}