{"id":502,"date":"2021-01-14T12:45:46","date_gmt":"2021-01-14T12:45:46","guid":{"rendered":"https:\/\/pandagreens.com\/?post_type=product&#038;p=502"},"modified":"2021-01-20T09:14:09","modified_gmt":"2021-01-20T09:14:09","slug":"artificial-green-wall-living-wall-panels-x03","status":"publish","type":"product","link":"https:\/\/pandagreens.com\/pt\/produto\/artificial-green-wall-living-wall-panels-x03\/","title":{"rendered":"Parede verde artificial, pain\u00e9is de parede vivos-X03"},"content":{"rendered":"<p>Um painel de parede vivo artificial vers\u00e1til. Cada painel de 100 cm por 100 cm \u00e9 uma obra de arte perene que cria uma tela brilhante. As aplica\u00e7\u00f5es s\u00e3o infinitas. Algumas aplica\u00e7\u00f5es internas s\u00e3o: sala de estar, sala de estudo, espa\u00e7o de escrit\u00f3rio, sagu\u00e3o de casamento, balc\u00e3o de recep\u00e7\u00e3o, varanda, terra\u00e7o e muito mais. Algumas aplica\u00e7\u00f5es externas incluem: jardim, p\u00e1tio, cerca, passarela, cen\u00e1rio de sess\u00e3o de fotos, cen\u00e1rio de palco, varanda e muito mais.<\/p>\n<p style=\"user-select: auto;\">\n<div class=\"row\"  id=\"row-136025495\">\n\n<\/p>\n<p style=\"user-select: auto;\">\n\n\t<div id=\"col-30961126\" class=\"col small-12 large-12\"  >\n\t\t\t\t<div class=\"col-inner\"  >\n\t\t\t\n\t\t\t\n\n<h3>Uma Mini Floresta Tropical<\/h3>\n<p>Plantas com folhas de estilo tropical cuidadosamente selecionadas combinadas para fornecer uma apar\u00eancia natural. Os pain\u00e9is verticais do jardim s\u00e3o feitos com v\u00e1rios tipos de plantas em v\u00e1rias profundidades, montadas em alta densidade, parecendo uma mini floresta tropical. Cada folha \u00e9 moldada individualmente para fornecer uma sebe indistingu\u00edvel da coisa real.<\/p>\n<h3 style=\"user-select: auto;\">Tamanho e embalagem:<\/h3>\n<p style=\"user-select: auto;\">Tamanho padr\u00e3o do painel: 100 cm x 100 cm por pe\u00e7a;<br \/>Tamanho da caixa: 102 cm * 52 cm * 40 cm<br style=\"user-select: auto;\" \/>Quantidade: 5 unidades \/ caixa<\/p>\n<p style=\"user-select: auto;\"><img loading=\"lazy\" decoding=\"async\" class=\"alignnone wp-image-350 size-full\" style=\"user-select: auto;\" src=\"https:\/\/pandagreens.com\/wp-content\/uploads\/2020\/12\/Artificial-Hedge-Packing.jpg\" alt=\"\" width=\"750\" height=\"804\" srcset=\"https:\/\/pandagreens.com\/wp-content\/uploads\/2020\/12\/Artificial-Hedge-Packing.jpg 750w, https:\/\/pandagreens.com\/wp-content\/uploads\/2020\/12\/Artificial-Hedge-Packing-560x600.jpg 560w, https:\/\/pandagreens.com\/wp-content\/uploads\/2020\/12\/Artificial-Hedge-Packing-510x547.jpg 510w\" sizes=\"auto, (max-width: 750px) 100vw, 750px\" \/><\/p>\n<p style=\"user-select: auto;\">\u00a0<\/p>\n\n\t\t<\/div>\n\t\t\t\t\t<\/div>\n\n\t\n<\/p>\n<p style=\"user-select: auto;\">\n\n<\/div>\n<\/p>\n<div class=\"row\"  id=\"row-224010726\">\n\n\n\t<div id=\"col-306942879\" class=\"col small-12 large-12\"  >\n\t\t\t\t<div class=\"col-inner\"  >\n\t\t\t\n\t\t\t\n\n<h3>Por que pain\u00e9is de hedge artificial PandaGreens?<\/h3>\n<p><strong>100% PE fresco<br \/><\/strong>PandaGreens usa polietileno 100% fresco para fazer as folhas, flores e grade de volta. Isso garante a longa vida \u00fatil de nossos produtos de hedge artificial. Ao contr\u00e1rio de alguns fornecedores que vendem sebes falsas baratas feitas com materiais reciclados, que envelhecem e desbotam rapidamente.<\/p>\n<p><strong>Resist\u00eancia a UV \/ resist\u00eancia ao fogo (opcional)<br \/><\/strong>A resist\u00eancia aos raios ultravioleta \u00e9 um recurso obrigat\u00f3rio para sebes artificiais ao ar livre. Oferecemos 3 anos de garantia para sebes com classifica\u00e7\u00e3o UV. A expectativa de vida pode ser de 5 anos para uso externo e 8 anos para uso interno. Pain\u00e9is de sebes artificiais com resist\u00eancia ao fogo personalizados tamb\u00e9m est\u00e3o dispon\u00edveis.<\/p>\n<p><strong>Realistas e brilhantes em cores<br \/><\/strong>PandaGreens fornece quase as coberturas artificiais mais realistas do mercado. Temos uma linha completa de produtos que inclui esteiras artificiais, pain\u00e9is de jardim verticais vivos, folhas artificiais separadas, flores ... Todas essas hortali\u00e7as s\u00e3o t\u00e3o boas quanto as naturais, sem manuten\u00e7\u00e3o.<\/p>\n\n\t\t<\/div>\n\t\t\t\t\t<\/div>\n\n\t\n\n<\/div>","protected":false},"excerpt":{"rendered":"<p>Este painel de parede verde artificial \u00e9 fant\u00e1stico. \u00c9 muito bem feito e espesso o suficiente com v\u00e1rias plantas realistas. Eles t\u00eam encaixes para coloc\u00e1-los juntos, muito f\u00e1ceis e r\u00e1pidos de instalar.<\/p>\n<p>C\u00d3DIGO DO ITEM: X03<br \/>\nMATERIAL: 100% PE novo<br \/>\nTAMANHO REGULAR: 100 cm x 100 cm (40 \u2033 * 40 \u2033)<br \/>\nEST\u00c1VEL UV \/ RESISTENTE AO FOGO: Sim ou opcional<br \/>\nOCASI\u00c3O: Ao ar livre; interior<br \/>\nGARANTIA: Outdoor 3 anos; interno 5 anos<br \/>\nMOQ: 100 m\u00b2<\/p>","protected":false},"featured_media":503,"comment_status":"closed","ping_status":"closed","template":"","meta":[],"product_brand":[],"product_cat":[18],"product_tag":[],"class_list":{"0":"post-502","1":"product","2":"type-product","3":"status-publish","4":"has-post-thumbnail","6":"product_cat-vertical-garden-panel","8":"first","9":"instock","10":"shipping-taxable","11":"product-type-simple"},"_links":{"self":[{"href":"https:\/\/pandagreens.com\/pt\/wp-json\/wp\/v2\/product\/502","targetHints":{"allow":["GET"]}}],"collection":[{"href":"https:\/\/pandagreens.com\/pt\/wp-json\/wp\/v2\/product"}],"about":[{"href":"https:\/\/pandagreens.com\/pt\/wp-json\/wp\/v2\/types\/product"}],"replies":[{"embeddable":true,"href":"https:\/\/pandagreens.com\/pt\/wp-json\/wp\/v2\/comments?post=502"}],"wp:featuredmedia":[{"embeddable":true,"href":"https:\/\/pandagreens.com\/pt\/wp-json\/wp\/v2\/media\/503"}],"wp:attachment":[{"href":"https:\/\/pandagreens.com\/pt\/wp-json\/wp\/v2\/media?parent=502"}],"wp:term":[{"taxonomy":"product_brand","embeddable":true,"href":"https:\/\/pandagreens.com\/pt\/wp-json\/wp\/v2\/product_brand?post=502"},{"taxonomy":"product_cat","embeddable":true,"href":"https:\/\/pandagreens.com\/pt\/wp-json\/wp\/v2\/product_cat?post=502"},{"taxonomy":"product_tag","embeddable":true,"href":"https:\/\/pandagreens.com\/pt\/wp-json\/wp\/v2\/product_tag?post=502"}],"curies":[{"name":"wp","href":"https:\/\/api.w.org\/{rel}","templated":true}]}}