{"id":505,"date":"2021-01-14T13:21:51","date_gmt":"2021-01-14T13:21:51","guid":{"rendered":"https:\/\/pandagreens.com\/?post_type=product&#038;p=505"},"modified":"2021-01-14T14:00:11","modified_gmt":"2021-01-14T14:00:11","slug":"artificial-hedge-greenery-panels-m32","status":"publish","type":"product","link":"https:\/\/pandagreens.com\/pt\/produto\/artificial-hedge-greenery-panels-m32\/","title":{"rendered":"Pain\u00e9is de vegeta\u00e7\u00e3o de sebe artificial-M32"},"content":{"rendered":"<p>Esses pain\u00e9is de sebes de buxo artificiais podem transformar uma parede ins\u00edpida, caixa el\u00e9trica, cerca de corrente e in\u00fameras outras \u00e1reas feias em uma vista exuberante. Crie uma parede verde viva, enfeite seu port\u00e3o de entrada, monte um cen\u00e1rio fotogr\u00e1fico, cubra sua varanda p\u00fablica; as aplica\u00e7\u00f5es s\u00e3o ilimitadas em ambientes internos e externos, pois voc\u00ea n\u00e3o experimentar\u00e1 nenhum desbotamento ou murcha, mesmo em condi\u00e7\u00f5es clim\u00e1ticas adversas. \u00d3timo para uso residencial e comercial.<\/p>\n<div class=\"row\"  id=\"row-549453462\">\n\n\n\t<div id=\"col-3563287\" class=\"col small-12 large-12\"  >\n\t\t\t\t<div class=\"col-inner\"  >\n\t\t\t\n\t\t\t\n\n<h3>Tamanho e embalagem:\u00a0<\/h3>\n<p>O tamanho padr\u00e3o: 50 cm x 50 cm por pe\u00e7a;<br \/>Tamanho da caixa: 52 cm * 52 cm * 30 cm<br \/>Quantidade: 12 unidades \/ caixa<\/p>\n<p><img loading=\"lazy\" decoding=\"async\" class=\"alignnone wp-image-350 size-full\" src=\"https:\/\/pandagreens.com\/wp-content\/uploads\/2020\/12\/Artificial-Hedge-Packing.jpg\" alt=\"\" width=\"750\" height=\"804\" srcset=\"https:\/\/pandagreens.com\/wp-content\/uploads\/2020\/12\/Artificial-Hedge-Packing.jpg 750w, https:\/\/pandagreens.com\/wp-content\/uploads\/2020\/12\/Artificial-Hedge-Packing-560x600.jpg 560w, https:\/\/pandagreens.com\/wp-content\/uploads\/2020\/12\/Artificial-Hedge-Packing-510x547.jpg 510w\" sizes=\"auto, (max-width: 750px) 100vw, 750px\" \/><\/p>\n\n\t\t<\/div>\n\t\t\t\t\t<\/div>\n\n\t\n\n<\/div>\n<div class=\"row\"  id=\"row-1681031453\">\n\n\n\t<div id=\"col-1798041101\" class=\"col small-12 large-12\"  >\n\t\t\t\t<div class=\"col-inner\"  >\n\t\t\t\n\t\t\t\n\n<h3>Por que pain\u00e9is de hedge artificial PandaGreens?<\/h3>\n<p><strong>100% PE fresco<br \/><\/strong>PandaGreens usa polietileno 100% fresco para fazer as folhas, flores e grade de volta. Isso garante a longa vida \u00fatil de nossos produtos de hedge artificial. Ao contr\u00e1rio de alguns fornecedores que vendem sebes falsas baratas feitas com materiais reciclados, que envelhecem e desbotam rapidamente.<\/p>\n<p><strong>Resist\u00eancia a UV \/ resist\u00eancia ao fogo (opcional)<br \/><\/strong>A resist\u00eancia aos raios ultravioleta \u00e9 um recurso obrigat\u00f3rio para sebes artificiais ao ar livre. Oferecemos 3 anos de garantia para sebes com classifica\u00e7\u00e3o UV. A expectativa de vida pode ser de 5 anos para uso externo e 8 anos para uso interno. Pain\u00e9is de sebes artificiais com resist\u00eancia ao fogo personalizados tamb\u00e9m est\u00e3o dispon\u00edveis.<\/p>\n<p><strong>Realistas e brilhantes em cores<br \/><\/strong>PandaGreens fornece quase as coberturas artificiais mais realistas do mercado. Temos uma linha completa de produtos que inclui esteiras artificiais, pain\u00e9is de jardim verticais vivos, folhas artificiais separadas, flores ... Todas essas hortali\u00e7as s\u00e3o t\u00e3o boas quanto as naturais, sem manuten\u00e7\u00e3o.<\/p>\n\n\t\t<\/div>\n\t\t\t\t\t<\/div>\n\n\t\n\n<\/div>","protected":false},"excerpt":{"rendered":"<p>Os pain\u00e9is de vegeta\u00e7\u00e3o de sebe artificial de buxo s\u00e3o feitos com cuidado com os melhores materiais, ideais para aplica\u00e7\u00f5es em paredes verdes internas e externas - limitadas apenas pela sua imagina\u00e7\u00e3o.<\/p>\n<p>C\u00d3DIGO DO ITEM: M32<br \/>\nMATERIAL: 100% PE novo<br \/>\nTAMANHO REGULAR: 50 cm x 50 cm (20 \u2033 * 20 \u2033)<br \/>\nEST\u00c1VEL UV \/ RESISTENTE AO FOGO: Sim ou opcional<br \/>\nOCASI\u00c3O: Ao ar livre; interior<br \/>\nGARANTIA: Outdoor 3 anos; interno 5 anos<br \/>\nMOQ: 100 m\u00b2<\/p>","protected":false},"featured_media":506,"comment_status":"closed","ping_status":"closed","template":"","meta":[],"product_brand":[],"product_cat":[15],"product_tag":[],"class_list":{"0":"post-505","1":"product","2":"type-product","3":"status-publish","4":"has-post-thumbnail","6":"product_cat-artificial-hedge-mat","8":"first","9":"instock","10":"shipping-taxable","11":"product-type-simple"},"_links":{"self":[{"href":"https:\/\/pandagreens.com\/pt\/wp-json\/wp\/v2\/product\/505","targetHints":{"allow":["GET"]}}],"collection":[{"href":"https:\/\/pandagreens.com\/pt\/wp-json\/wp\/v2\/product"}],"about":[{"href":"https:\/\/pandagreens.com\/pt\/wp-json\/wp\/v2\/types\/product"}],"replies":[{"embeddable":true,"href":"https:\/\/pandagreens.com\/pt\/wp-json\/wp\/v2\/comments?post=505"}],"wp:featuredmedia":[{"embeddable":true,"href":"https:\/\/pandagreens.com\/pt\/wp-json\/wp\/v2\/media\/506"}],"wp:attachment":[{"href":"https:\/\/pandagreens.com\/pt\/wp-json\/wp\/v2\/media?parent=505"}],"wp:term":[{"taxonomy":"product_brand","embeddable":true,"href":"https:\/\/pandagreens.com\/pt\/wp-json\/wp\/v2\/product_brand?post=505"},{"taxonomy":"product_cat","embeddable":true,"href":"https:\/\/pandagreens.com\/pt\/wp-json\/wp\/v2\/product_cat?post=505"},{"taxonomy":"product_tag","embeddable":true,"href":"https:\/\/pandagreens.com\/pt\/wp-json\/wp\/v2\/product_tag?post=505"}],"curies":[{"name":"wp","href":"https:\/\/api.w.org\/{rel}","templated":true}]}}