{"id":533,"date":"2021-01-16T03:04:17","date_gmt":"2021-01-16T03:04:17","guid":{"rendered":"https:\/\/pandagreens.com\/?post_type=product&#038;p=533"},"modified":"2021-01-16T03:21:42","modified_gmt":"2021-01-16T03:21:42","slug":"indoor-and-outdoor-artificial-vertical-garden-grass-x07","status":"publish","type":"product","link":"https:\/\/pandagreens.com\/pt\/produto\/indoor-and-outdoor-artificial-vertical-garden-grass-x07\/","title":{"rendered":"Jardim vertical artificial interno e externo Grass-X07"},"content":{"rendered":"<p>A grama de jardim vertical artificial \u00e9 f\u00e1cil de cortar para moldar e manipular sob medida, facilmente instal\u00e1vel em qualquer parede, interna ou externa, sem as limita\u00e7\u00f5es da luz solar ou os confins do espa\u00e7o. Nossos pain\u00e9is de grama de parede de jardim verticais artificiais fornecem a apar\u00eancia perfeita de imagem que voc\u00ea deseja sem qualquer problema. Sem necessidade de manuten\u00e7\u00e3o.<\/p>\n<p style=\"user-select: auto;\">\n<div class=\"row\"  id=\"row-1770701263\">\n\n<\/p>\n<p style=\"user-select: auto;\">\n\n\t<div id=\"col-518928421\" class=\"col small-12 large-12\"  >\n\t\t\t\t<div class=\"col-inner\"  >\n\t\t\t\n\t\t\t\n\n<h3>Uma Mini Floresta Tropical<\/h3>\n<p>Plantas com folhas de estilo tropical cuidadosamente selecionadas combinadas para fornecer uma apar\u00eancia natural. Os pain\u00e9is verticais do jardim s\u00e3o feitos com v\u00e1rios tipos de plantas em v\u00e1rias profundidades, montadas em alta densidade, parecendo uma mini floresta tropical. Cada folha \u00e9 moldada individualmente para fornecer uma sebe indistingu\u00edvel da coisa real.<\/p>\n<h3 style=\"user-select: auto;\">Tamanho e embalagem:<\/h3>\n<p style=\"user-select: auto;\">Tamanho padr\u00e3o do painel: 100 cm x 100 cm por pe\u00e7a;<br \/>Tamanho da caixa: 102 cm * 52 cm * 40 cm<br style=\"user-select: auto;\" \/>Quantidade: 5 unidades \/ caixa<\/p>\n<p style=\"user-select: auto;\"><img loading=\"lazy\" decoding=\"async\" class=\"alignnone wp-image-350 size-full\" style=\"user-select: auto;\" src=\"https:\/\/pandagreens.com\/wp-content\/uploads\/2020\/12\/Artificial-Hedge-Packing.jpg\" alt=\"\" width=\"750\" height=\"804\" srcset=\"https:\/\/pandagreens.com\/wp-content\/uploads\/2020\/12\/Artificial-Hedge-Packing.jpg 750w, https:\/\/pandagreens.com\/wp-content\/uploads\/2020\/12\/Artificial-Hedge-Packing-560x600.jpg 560w, https:\/\/pandagreens.com\/wp-content\/uploads\/2020\/12\/Artificial-Hedge-Packing-510x547.jpg 510w\" sizes=\"auto, (max-width: 750px) 100vw, 750px\" \/><\/p>\n<p style=\"user-select: auto;\">\u00a0<\/p>\n\n\t\t<\/div>\n\t\t\t\t\t<\/div>\n\n\t\n<\/p>\n<p style=\"user-select: auto;\">\n\n<\/div>\n<\/p>\n<div class=\"row\"  id=\"row-1777233130\">\n\n\n\t<div id=\"col-718504695\" class=\"col small-12 large-12\"  >\n\t\t\t\t<div class=\"col-inner\"  >\n\t\t\t\n\t\t\t\n\n<h3>Por que pain\u00e9is de hedge artificial PandaGreens?<\/h3>\n<p><strong>100% PE fresco<br \/><\/strong>PandaGreens usa polietileno 100% fresco para fazer as folhas, flores e grade de volta. Isso garante a longa vida \u00fatil de nossos produtos de hedge artificial. Ao contr\u00e1rio de alguns fornecedores que vendem sebes falsas baratas feitas com materiais reciclados, que envelhecem e desbotam rapidamente.<\/p>\n<p><strong>Resist\u00eancia a UV \/ resist\u00eancia ao fogo (opcional)<br \/><\/strong>A resist\u00eancia aos raios ultravioleta \u00e9 um recurso obrigat\u00f3rio para sebes artificiais ao ar livre. Oferecemos 3 anos de garantia para sebes com classifica\u00e7\u00e3o UV. A expectativa de vida pode ser de 5 anos para uso externo e 8 anos para uso interno. Pain\u00e9is de sebes artificiais com resist\u00eancia ao fogo personalizados tamb\u00e9m est\u00e3o dispon\u00edveis.<\/p>\n<p><strong>Realistas e brilhantes em cores<br \/><\/strong>PandaGreens fornece quase as coberturas artificiais mais realistas do mercado. Temos uma linha completa de produtos que inclui esteiras artificiais, pain\u00e9is de jardim verticais vivos, folhas artificiais separadas, flores ... Todas essas hortali\u00e7as s\u00e3o t\u00e3o boas quanto as naturais, sem manuten\u00e7\u00e3o.<\/p>\n\n\t\t<\/div>\n\t\t\t\t\t<\/div>\n\n\t\n\n<\/div>","protected":false},"excerpt":{"rendered":"<p>Grama de jardim vertical artificial com apar\u00eancia extremamente densa e natural. O mecanismo de bloqueio torna-o muito simples e f\u00e1cil de instalar. Eles s\u00e3o estabilizados contra raios ultravioleta, portanto, podem ser usados tanto em ambientes internos quanto externos.<\/p>\n<p>C\u00d3DIGO DO ITEM: X07<br \/>\nMATERIAL: 100% PE novo<br \/>\nTAMANHO REGULAR: 100 cm x 100 cm (40 \u2033 * 40 \u2033)<br \/>\nEST\u00c1VEL UV \/ RESISTENTE AO FOGO: Sim ou opcional<br \/>\nOCASI\u00c3O: Ao ar livre; interior<br \/>\nGARANTIA: Outdoor 3 anos; interno 5 anos<br \/>\nMOQ: 100 m\u00b2<\/p>","protected":false},"featured_media":534,"comment_status":"closed","ping_status":"closed","template":"","meta":[],"product_brand":[],"product_cat":[18],"product_tag":[],"class_list":{"0":"post-533","1":"product","2":"type-product","3":"status-publish","4":"has-post-thumbnail","6":"product_cat-vertical-garden-panel","8":"first","9":"instock","10":"shipping-taxable","11":"product-type-simple"},"_links":{"self":[{"href":"https:\/\/pandagreens.com\/pt\/wp-json\/wp\/v2\/product\/533","targetHints":{"allow":["GET"]}}],"collection":[{"href":"https:\/\/pandagreens.com\/pt\/wp-json\/wp\/v2\/product"}],"about":[{"href":"https:\/\/pandagreens.com\/pt\/wp-json\/wp\/v2\/types\/product"}],"replies":[{"embeddable":true,"href":"https:\/\/pandagreens.com\/pt\/wp-json\/wp\/v2\/comments?post=533"}],"wp:featuredmedia":[{"embeddable":true,"href":"https:\/\/pandagreens.com\/pt\/wp-json\/wp\/v2\/media\/534"}],"wp:attachment":[{"href":"https:\/\/pandagreens.com\/pt\/wp-json\/wp\/v2\/media?parent=533"}],"wp:term":[{"taxonomy":"product_brand","embeddable":true,"href":"https:\/\/pandagreens.com\/pt\/wp-json\/wp\/v2\/product_brand?post=533"},{"taxonomy":"product_cat","embeddable":true,"href":"https:\/\/pandagreens.com\/pt\/wp-json\/wp\/v2\/product_cat?post=533"},{"taxonomy":"product_tag","embeddable":true,"href":"https:\/\/pandagreens.com\/pt\/wp-json\/wp\/v2\/product_tag?post=533"}],"curies":[{"name":"wp","href":"https:\/\/api.w.org\/{rel}","templated":true}]}}