{"id":676,"date":"2021-02-22T12:11:52","date_gmt":"2021-02-22T12:11:52","guid":{"rendered":"https:\/\/pandagreens.com\/?post_type=product&#038;p=676"},"modified":"2021-02-22T12:11:52","modified_gmt":"2021-02-22T12:11:52","slug":"artificial-ivy-screening-roll","status":"publish","type":"product","link":"https:\/\/pandagreens.com\/pt\/produto\/artificial-ivy-screening-roll\/","title":{"rendered":"Rolo de triagem de hera artificial"},"content":{"rendered":"<p>Esta cerca de hera artificial \u00e9 uma \u00f3tima solu\u00e7\u00e3o para \u00e1reas com cercas feias, paredes de tijolo antigas ou at\u00e9 mesmo vizinhos intrometidos. R\u00e1pida e f\u00e1cil de configurar, esta tela pode criar a ilus\u00e3o de uma cerca viva totalmente crescida em apenas algumas horas.<\/p>\n<p><strong>Especifica\u00e7\u00f5es<\/strong><br \/>\nTamanho: 3m (largura) x 1m (altura)<br \/>\nFornecido em rolo<\/p>","protected":false},"excerpt":{"rendered":"<p>Perfeito para embelezar paredes e cercas feias. Esta alternativa realista \u00e0 cobertura tradicional \u00e9 uma \u00f3tima maneira de disfar\u00e7ar cercas e paredes ou adicionar um pouco de privacidade extra \u00e0s suas instala\u00e7\u00f5es. Os rolos de veda\u00e7\u00e3o de hera artificial s\u00e3o r\u00e1pidos e f\u00e1ceis de instalar, n\u00e3o requerem manuten\u00e7\u00e3o e duram anos. Eles tamb\u00e9m podem ser usados sobre mandris e p\u00e9rgulas, criando uma \u00e1rea sombreada suave abaixo.<\/p>","protected":false},"featured_media":677,"comment_status":"closed","ping_status":"closed","template":"","meta":[],"product_brand":[],"product_cat":[48],"product_tag":[],"class_list":{"0":"post-676","1":"product","2":"type-product","3":"status-publish","4":"has-post-thumbnail","6":"product_cat-fence-screen-roll","8":"first","9":"instock","10":"shipping-taxable","11":"product-type-simple"},"_links":{"self":[{"href":"https:\/\/pandagreens.com\/pt\/wp-json\/wp\/v2\/product\/676","targetHints":{"allow":["GET"]}}],"collection":[{"href":"https:\/\/pandagreens.com\/pt\/wp-json\/wp\/v2\/product"}],"about":[{"href":"https:\/\/pandagreens.com\/pt\/wp-json\/wp\/v2\/types\/product"}],"replies":[{"embeddable":true,"href":"https:\/\/pandagreens.com\/pt\/wp-json\/wp\/v2\/comments?post=676"}],"wp:featuredmedia":[{"embeddable":true,"href":"https:\/\/pandagreens.com\/pt\/wp-json\/wp\/v2\/media\/677"}],"wp:attachment":[{"href":"https:\/\/pandagreens.com\/pt\/wp-json\/wp\/v2\/media?parent=676"}],"wp:term":[{"taxonomy":"product_brand","embeddable":true,"href":"https:\/\/pandagreens.com\/pt\/wp-json\/wp\/v2\/product_brand?post=676"},{"taxonomy":"product_cat","embeddable":true,"href":"https:\/\/pandagreens.com\/pt\/wp-json\/wp\/v2\/product_cat?post=676"},{"taxonomy":"product_tag","embeddable":true,"href":"https:\/\/pandagreens.com\/pt\/wp-json\/wp\/v2\/product_tag?post=676"}],"curies":[{"name":"wp","href":"https:\/\/api.w.org\/{rel}","templated":true}]}}