{"id":679,"date":"2021-02-22T12:17:07","date_gmt":"2021-02-22T12:17:07","guid":{"rendered":"https:\/\/pandagreens.com\/?post_type=product&#038;p=679"},"modified":"2021-02-22T12:21:40","modified_gmt":"2021-02-22T12:21:40","slug":"artificial-ivy-hedge-roll","status":"publish","type":"product","link":"https:\/\/pandagreens.com\/pt\/produto\/artificial-ivy-hedge-roll\/","title":{"rendered":"Rolo de Hedge de Ivy Artificial"},"content":{"rendered":"<p>Cada rolo de nossa sebe artificial Ivy cobre uma \u00e1rea de 3 metros de largura x 1 metro de altura, proporcionando um n\u00edvel impressionante de cobertura por unidade. Al\u00e9m do mais, a montagem de wirebacked econ\u00f4mica dos rolos \u00e9 projetada para coloca\u00e7\u00e3o ao ar livre, de forma que sua cor e constru\u00e7\u00e3o resistam a qualquer clima.<\/p>\n<p>F\u00e1cil de instalar com os lacres verdes fornecidos e perfeito para p\u00e1tios frontais, quintais, varandas, decks, piscinas, banheiras de hidromassagem, restaurantes, caf\u00e9s, eventos imobili\u00e1rios, apartamentos, alugu\u00e9is, eventos especiais e muito mais. Os rolos de ivy artificial tamb\u00e9m s\u00e3o 100% ECO amig\u00e1veis e sustent\u00e1veis.<\/p>\n<p><strong>Especifica\u00e7\u00f5es<\/strong><br \/>\nTamanho: 3m (largura) x 1m (altura)<br \/>\nFornecido em rolo<\/p>","protected":false},"excerpt":{"rendered":"<p>Os rolos de Ivy artificiais s\u00e3o a maneira mais r\u00e1pida e econ\u00f4mica de trazer a vegeta\u00e7\u00e3o e a cobertura de uma cerca viva natural para qualquer cerca externa, parede ou outras superf\u00edcies.<\/p>","protected":false},"featured_media":680,"comment_status":"closed","ping_status":"closed","template":"","meta":[],"product_brand":[],"product_cat":[48],"product_tag":[],"class_list":{"0":"post-679","1":"product","2":"type-product","3":"status-publish","4":"has-post-thumbnail","6":"product_cat-fence-screen-roll","8":"first","9":"instock","10":"shipping-taxable","11":"product-type-simple"},"_links":{"self":[{"href":"https:\/\/pandagreens.com\/pt\/wp-json\/wp\/v2\/product\/679","targetHints":{"allow":["GET"]}}],"collection":[{"href":"https:\/\/pandagreens.com\/pt\/wp-json\/wp\/v2\/product"}],"about":[{"href":"https:\/\/pandagreens.com\/pt\/wp-json\/wp\/v2\/types\/product"}],"replies":[{"embeddable":true,"href":"https:\/\/pandagreens.com\/pt\/wp-json\/wp\/v2\/comments?post=679"}],"wp:featuredmedia":[{"embeddable":true,"href":"https:\/\/pandagreens.com\/pt\/wp-json\/wp\/v2\/media\/680"}],"wp:attachment":[{"href":"https:\/\/pandagreens.com\/pt\/wp-json\/wp\/v2\/media?parent=679"}],"wp:term":[{"taxonomy":"product_brand","embeddable":true,"href":"https:\/\/pandagreens.com\/pt\/wp-json\/wp\/v2\/product_brand?post=679"},{"taxonomy":"product_cat","embeddable":true,"href":"https:\/\/pandagreens.com\/pt\/wp-json\/wp\/v2\/product_cat?post=679"},{"taxonomy":"product_tag","embeddable":true,"href":"https:\/\/pandagreens.com\/pt\/wp-json\/wp\/v2\/product_tag?post=679"}],"curies":[{"name":"wp","href":"https:\/\/api.w.org\/{rel}","templated":true}]}}