{"id":681,"date":"2021-02-22T12:38:26","date_gmt":"2021-02-22T12:38:26","guid":{"rendered":"https:\/\/pandagreens.com\/?post_type=product&#038;p=681"},"modified":"2021-02-22T12:44:58","modified_gmt":"2021-02-22T12:44:58","slug":"artificial-ivy-grass-roll","status":"publish","type":"product","link":"https:\/\/pandagreens.com\/pt\/produto\/artificial-ivy-grass-roll\/","title":{"rendered":"Rolo de Erva Artificial"},"content":{"rendered":"<p>Use bra\u00e7adeiras de cabo para prend\u00ea-lo \u00e0 cerca de malha ou grampos pesados para cercas de madeira. Pode ser cortado para caber em \u00e1reas menores. Perfeito para p\u00e1tios frontais, quintais, varandas, decks, piscinas, banheiras de hidromassagem, restaurantes, caf\u00e9s, eventos imobili\u00e1rios, apartamentos, alugu\u00e9is, eventos especiais e muito mais. Rolos de grama de hera artificial tamb\u00e9m s\u00e3o 100% ECO amig\u00e1veis e sustent\u00e1veis.<\/p>\n<p><strong>Especifica\u00e7\u00f5es<\/strong><br \/>\nTamanho: 3m (largura) x 1m (altura)<br \/>\nFornecido em rolo<\/p>","protected":false},"excerpt":{"rendered":"<p>Os Rolinhos de Ivy Grass Artificiais s\u00e3o a maneira mais r\u00e1pida e econ\u00f4mica de separar diferentes \u00e1reas do seu jardim e bloquear a vis\u00e3o dos vizinhos do seu jardim para criar um espa\u00e7o ao ar livre mais privado.<\/p>","protected":false},"featured_media":682,"comment_status":"closed","ping_status":"closed","template":"","meta":[],"product_brand":[],"product_cat":[48],"product_tag":[],"class_list":{"0":"post-681","1":"product","2":"type-product","3":"status-publish","4":"has-post-thumbnail","6":"product_cat-fence-screen-roll","8":"first","9":"instock","10":"shipping-taxable","11":"product-type-simple"},"_links":{"self":[{"href":"https:\/\/pandagreens.com\/pt\/wp-json\/wp\/v2\/product\/681","targetHints":{"allow":["GET"]}}],"collection":[{"href":"https:\/\/pandagreens.com\/pt\/wp-json\/wp\/v2\/product"}],"about":[{"href":"https:\/\/pandagreens.com\/pt\/wp-json\/wp\/v2\/types\/product"}],"replies":[{"embeddable":true,"href":"https:\/\/pandagreens.com\/pt\/wp-json\/wp\/v2\/comments?post=681"}],"wp:featuredmedia":[{"embeddable":true,"href":"https:\/\/pandagreens.com\/pt\/wp-json\/wp\/v2\/media\/682"}],"wp:attachment":[{"href":"https:\/\/pandagreens.com\/pt\/wp-json\/wp\/v2\/media?parent=681"}],"wp:term":[{"taxonomy":"product_brand","embeddable":true,"href":"https:\/\/pandagreens.com\/pt\/wp-json\/wp\/v2\/product_brand?post=681"},{"taxonomy":"product_cat","embeddable":true,"href":"https:\/\/pandagreens.com\/pt\/wp-json\/wp\/v2\/product_cat?post=681"},{"taxonomy":"product_tag","embeddable":true,"href":"https:\/\/pandagreens.com\/pt\/wp-json\/wp\/v2\/product_tag?post=681"}],"curies":[{"name":"wp","href":"https:\/\/api.w.org\/{rel}","templated":true}]}}