{"id":700,"date":"2021-03-20T06:41:01","date_gmt":"2021-03-20T06:41:01","guid":{"rendered":"https:\/\/pandagreens.com\/?post_type=product&#038;p=700"},"modified":"2021-03-20T07:04:03","modified_gmt":"2021-03-20T07:04:03","slug":"premium-quality-artificial-fence","status":"publish","type":"product","link":"https:\/\/pandagreens.com\/pt\/produto\/premium-quality-artificial-fence\/","title":{"rendered":"Cerca artificial externa \/ interna de qualidade premium"},"content":{"rendered":"<p>Esta cerca artificial de qualidade premium \u00e9 perfeita para fazer uma parede peculiar e trazer um toque bot\u00e2nico ao seu espa\u00e7o. Se voc\u00ea tiver paredes feias, esta \u00e9 uma maneira perfeita de filtrar a \u00e1rea e transform\u00e1-la em um espet\u00e1culo!<\/p>\n<h3>Detalhes do produto<\/h3>\n<p>&nbsp;<\/p>\n\n  \n    <div class=\"row large-columns-2 medium-columns- small-columns-\" >\n  <div class=\"gallery-col col\" >\n          <div class=\"col-inner\">\n            <a class=\"image-lightbox lightbox-gallery\" href=\"https:\/\/pandagreens.com\/wp-content\/uploads\/2021\/03\/Outdoor-Premium-Quality-Artificial-Fence-Pandagreens.jpg\" title=\"\">            <div class=\"box has-hover gallery-box box-overlay dark\">\n              <div class=\"box-image\" >\n                <img loading=\"lazy\" decoding=\"async\" width=\"600\" height=\"386\" src=\"https:\/\/pandagreens.com\/wp-content\/uploads\/2021\/03\/Outdoor-Premium-Quality-Artificial-Fence-Pandagreens-600x386.jpg\" class=\"attachment-medium size-medium\" alt=\"\" ids=\"705\" columns=\"2\" srcset=\"https:\/\/pandagreens.com\/wp-content\/uploads\/2021\/03\/Outdoor-Premium-Quality-Artificial-Fence-Pandagreens-600x386.jpg 600w, https:\/\/pandagreens.com\/wp-content\/uploads\/2021\/03\/Outdoor-Premium-Quality-Artificial-Fence-Pandagreens-768x494.jpg 768w, https:\/\/pandagreens.com\/wp-content\/uploads\/2021\/03\/Outdoor-Premium-Quality-Artificial-Fence-Pandagreens-16x10.jpg 16w, https:\/\/pandagreens.com\/wp-content\/uploads\/2021\/03\/Outdoor-Premium-Quality-Artificial-Fence-Pandagreens-510x328.jpg 510w, https:\/\/pandagreens.com\/wp-content\/uploads\/2021\/03\/Outdoor-Premium-Quality-Artificial-Fence-Pandagreens.jpg 1011w\" sizes=\"auto, (max-width: 600px) 100vw, 600px\" \/>                                  <div class=\"overlay fill\"\n                      style=\"background-color: rgba(0,0,0,.15)\">\n                  <\/div>\n                                                              <\/div>\n              <div class=\"box-text text-left\" >\n                 <p><\/p>\n              <\/div>\n            <\/div>\n            <\/a>          <\/div>\n         <\/div><\/div>\n<div class=\"row\"  id=\"row-1786857003\">\n\n\n\t<div id=\"col-1966964988\" class=\"col small-12 large-12\"  >\n\t\t\t\t<div class=\"col-inner\"  >\n\t\t\t\n\t\t\t\n\n<h3>Tamanho e embalagem:\u00a0<\/h3>\n<p>O tamanho padr\u00e3o: 50 cm x 50 cm por pe\u00e7a;<br \/>Tamanho da caixa: 52 cm * 52 cm * 30 cm<br \/>Quantidade: 12 unidades \/ caixa<\/p>\n<p><img loading=\"lazy\" decoding=\"async\" class=\"alignnone wp-image-350 size-full\" src=\"https:\/\/pandagreens.com\/wp-content\/uploads\/2020\/12\/Artificial-Hedge-Packing.jpg\" alt=\"\" width=\"750\" height=\"804\" srcset=\"https:\/\/pandagreens.com\/wp-content\/uploads\/2020\/12\/Artificial-Hedge-Packing.jpg 750w, https:\/\/pandagreens.com\/wp-content\/uploads\/2020\/12\/Artificial-Hedge-Packing-560x600.jpg 560w, https:\/\/pandagreens.com\/wp-content\/uploads\/2020\/12\/Artificial-Hedge-Packing-510x547.jpg 510w\" sizes=\"auto, (max-width: 750px) 100vw, 750px\" \/><\/p>\n\n\t\t<\/div>\n\t\t\t\t\t<\/div>\n\n\t\n\n<\/div>\n<div class=\"row\"  id=\"row-58207100\">\n\n\n\t<div id=\"col-1517761379\" class=\"col small-12 large-12\"  >\n\t\t\t\t<div class=\"col-inner\"  >\n\t\t\t\n\t\t\t\n\n<h3>Por que pain\u00e9is de hedge artificial PandaGreens?<\/h3>\n<p><strong>100% PE fresco<br \/><\/strong>PandaGreens usa polietileno 100% fresco para fazer as folhas, flores e grade de volta. Isso garante a longa vida \u00fatil de nossos produtos de hedge artificial. Ao contr\u00e1rio de alguns fornecedores que vendem sebes falsas baratas feitas com materiais reciclados, que envelhecem e desbotam rapidamente.<\/p>\n<p><strong>Resist\u00eancia a UV \/ resist\u00eancia ao fogo (opcional)<br \/><\/strong>A resist\u00eancia aos raios ultravioleta \u00e9 um recurso obrigat\u00f3rio para sebes artificiais ao ar livre. Oferecemos 3 anos de garantia para sebes com classifica\u00e7\u00e3o UV. A expectativa de vida pode ser de 5 anos para uso externo e 8 anos para uso interno. Pain\u00e9is de sebes artificiais com resist\u00eancia ao fogo personalizados tamb\u00e9m est\u00e3o dispon\u00edveis.<\/p>\n<p><strong>Realistas e brilhantes em cores<br \/><\/strong>PandaGreens fornece quase as coberturas artificiais mais realistas do mercado. Temos uma linha completa de produtos que inclui esteiras artificiais, pain\u00e9is de jardim verticais vivos, folhas artificiais separadas, flores ... Todas essas hortali\u00e7as s\u00e3o t\u00e3o boas quanto as naturais, sem manuten\u00e7\u00e3o.<\/p>\n\n\t\t<\/div>\n\t\t\t\t\t<\/div>\n\n\t\n\n<\/div>","protected":false},"excerpt":{"rendered":"<p>Uma sebe artificial de buxo de aspecto extremamente natural com folhas densas. \u00c9 est\u00e1vel aos raios ultravioleta, o que protege contra qualquer descolora\u00e7\u00e3o ou desbotamento, permitindo que esta sebe de buxo artificial permane\u00e7a com o melhor aspecto ao ar livre e tamb\u00e9m em ambientes fechados por longos anos.<\/p>\n<p>C\u00d3DIGO DO ITEM: Cerca Artificial de Qualidade Premium Exterior \/ Interior<br \/>\nMATERIAL: 100% PE novo<br \/>\nTAMANHO REGULAR: 50 cm x 50 cm (20 \u2033 * 20 \u2033)<br \/>\nEST\u00c1VEL UV \/ RESISTENTE AO FOGO: Sim ou opcional<br \/>\nOCASI\u00c3O: Ao ar livre; interior<br \/>\nGARANTIA: Outdoor 3 anos; interno 5 anos<br \/>\nMOQ: 100 m\u00b2<\/p>","protected":false},"featured_media":701,"comment_status":"closed","ping_status":"closed","template":"","meta":[],"product_brand":[],"product_cat":[15],"product_tag":[],"class_list":{"0":"post-700","1":"product","2":"type-product","3":"status-publish","4":"has-post-thumbnail","6":"product_cat-artificial-hedge-mat","8":"first","9":"instock","10":"featured","11":"shipping-taxable","12":"product-type-simple"},"_links":{"self":[{"href":"https:\/\/pandagreens.com\/pt\/wp-json\/wp\/v2\/product\/700","targetHints":{"allow":["GET"]}}],"collection":[{"href":"https:\/\/pandagreens.com\/pt\/wp-json\/wp\/v2\/product"}],"about":[{"href":"https:\/\/pandagreens.com\/pt\/wp-json\/wp\/v2\/types\/product"}],"replies":[{"embeddable":true,"href":"https:\/\/pandagreens.com\/pt\/wp-json\/wp\/v2\/comments?post=700"}],"wp:featuredmedia":[{"embeddable":true,"href":"https:\/\/pandagreens.com\/pt\/wp-json\/wp\/v2\/media\/701"}],"wp:attachment":[{"href":"https:\/\/pandagreens.com\/pt\/wp-json\/wp\/v2\/media?parent=700"}],"wp:term":[{"taxonomy":"product_brand","embeddable":true,"href":"https:\/\/pandagreens.com\/pt\/wp-json\/wp\/v2\/product_brand?post=700"},{"taxonomy":"product_cat","embeddable":true,"href":"https:\/\/pandagreens.com\/pt\/wp-json\/wp\/v2\/product_cat?post=700"},{"taxonomy":"product_tag","embeddable":true,"href":"https:\/\/pandagreens.com\/pt\/wp-json\/wp\/v2\/product_tag?post=700"}],"curies":[{"name":"wp","href":"https:\/\/api.w.org\/{rel}","templated":true}]}}