{"id":819,"date":"2021-04-10T01:53:29","date_gmt":"2021-04-10T01:53:29","guid":{"rendered":"https:\/\/pandagreens.com\/?post_type=product&#038;p=819"},"modified":"2021-04-10T02:15:47","modified_gmt":"2021-04-10T02:15:47","slug":"artificial-boxwood-hedge-greenery-panels","status":"publish","type":"product","link":"https:\/\/pandagreens.com\/pt\/produto\/artificial-boxwood-hedge-greenery-panels\/","title":{"rendered":"Pain\u00e9is de vegeta\u00e7\u00e3o para sebes artificiais de buxo"},"content":{"rendered":"<div>Aprecie a aus\u00eancia de manuten\u00e7\u00e3o, corte ou qualquer outra manuten\u00e7\u00e3o usual, como regar. Esses pain\u00e9is de vegeta\u00e7\u00e3o de buxo artificial podem criar uma apar\u00eancia dram\u00e1tica, ajudando a reduzir os n\u00edveis de eco e ru\u00eddo em salas de qualquer tamanho.<\/div>\n<div>\u00a0<\/div>\n<div>Esses pain\u00e9is de sebes artificiais s\u00e3o montados com a folhagem artificial mais realista e da mais alta qualidade e uma tabela de pl\u00e1stico resistente. Evita todos os inconvenientes de instala\u00e7\u00e3o. O propriet\u00e1rio \/ instalador pode instalar este painel interno ou externo instantaneamente sem prepara\u00e7\u00e3o da parede, como revestimento de madeira, pintura. Ele permite que as pessoas usem pain\u00e9is para fazer obras de arte ou decora\u00e7\u00e3o de casa usando pain\u00e9is de sebes artificiais com muito mais facilidade do que antes.<\/div>\n<div>\u00a0<\/div>\n<div><strong>Aplica\u00e7\u00f5es decorativas de interiores<\/strong> incluem varanda, sala de estar, treli\u00e7a, sala de estudo, terra\u00e7o, banheiro, \u00e1rea de trabalho de escrit\u00f3rio, hot\u00e9is, restaurantes, sagu\u00e3o, casamentos, recep\u00e7\u00e3o e outros lugares, uma maneira econ\u00f4mica de embelezar e aumentar esteticamente o valor de sua propriedade, f\u00e1cil configurado em minutos.<\/div>\n<div>\u00a0<\/div>\n<div><strong>Aplica\u00e7\u00f5es externas<\/strong> incluem o uso em p\u00e1tio, varanda, telas de privacidade, cercas de madeira, quintal, quintal, cal\u00e7adas, fachada de casa e escrit\u00f3rio, cen\u00e1rio de fotografia de casamento, cen\u00e1rio de palco e muito mais.<\/div>\n\t<div id=\"gap-1353938614\" class=\"gap-element clearfix\" style=\"display:block; height:auto;\">\n\t\t\n<style>\n#gap-1353938614 {\n  padding-top: 30px;\n}\n<\/style>\n\t<\/div>\n\t\n<div class=\"row\"  id=\"row-1514112875\">\n\n\n\t<div id=\"col-1859195197\" class=\"col small-12 large-12\"  >\n\t\t\t\t<div class=\"col-inner\"  >\n\t\t\t\n\t\t\t\n\n<h3>Tamanho e embalagem:\u00a0<\/h3>\n<p>O tamanho padr\u00e3o: 50 cm x 50 cm por pe\u00e7a;<br \/>Tamanho da caixa: 52 cm * 52 cm * 30 cm<br \/>Quantidade: 12 unidades \/ caixa<\/p>\n<p><img loading=\"lazy\" decoding=\"async\" class=\"alignnone wp-image-350 size-full\" src=\"https:\/\/pandagreens.com\/wp-content\/uploads\/2020\/12\/Artificial-Hedge-Packing.jpg\" alt=\"\" width=\"750\" height=\"804\" srcset=\"https:\/\/pandagreens.com\/wp-content\/uploads\/2020\/12\/Artificial-Hedge-Packing.jpg 750w, https:\/\/pandagreens.com\/wp-content\/uploads\/2020\/12\/Artificial-Hedge-Packing-560x600.jpg 560w, https:\/\/pandagreens.com\/wp-content\/uploads\/2020\/12\/Artificial-Hedge-Packing-510x547.jpg 510w\" sizes=\"auto, (max-width: 750px) 100vw, 750px\" \/><\/p>\n\n\t\t<\/div>\n\t\t\t\t\t<\/div>\n\n\t\n\n<\/div>\n<div class=\"row\"  id=\"row-950170606\">\n\n\n\t<div id=\"col-1897365650\" class=\"col small-12 large-12\"  >\n\t\t\t\t<div class=\"col-inner\"  >\n\t\t\t\n\t\t\t\n\n<h3>Por que pain\u00e9is de hedge artificial PandaGreens?<\/h3>\n<p><strong>100% PE fresco<br \/><\/strong>PandaGreens usa polietileno 100% fresco para fazer as folhas, flores e grade de volta. Isso garante a longa vida \u00fatil de nossos produtos de hedge artificial. Ao contr\u00e1rio de alguns fornecedores que vendem sebes falsas baratas feitas com materiais reciclados, que envelhecem e desbotam rapidamente.<\/p>\n<p><strong>Resist\u00eancia a UV \/ resist\u00eancia ao fogo (opcional)<br \/><\/strong>A resist\u00eancia aos raios ultravioleta \u00e9 um recurso obrigat\u00f3rio para sebes artificiais ao ar livre. Oferecemos 3 anos de garantia para sebes com classifica\u00e7\u00e3o UV. A expectativa de vida pode ser de 5 anos para uso externo e 8 anos para uso interno. Pain\u00e9is de sebes artificiais com resist\u00eancia ao fogo personalizados tamb\u00e9m est\u00e3o dispon\u00edveis.<\/p>\n<p><strong>Realistas e brilhantes em cores<br \/><\/strong>PandaGreens fornece quase as coberturas artificiais mais realistas do mercado. Temos uma linha completa de produtos que inclui esteiras artificiais, pain\u00e9is de jardim verticais vivos, folhas artificiais separadas, flores ... Todas essas hortali\u00e7as s\u00e3o t\u00e3o boas quanto as naturais, sem manuten\u00e7\u00e3o.<\/p>\n\n\t\t<\/div>\n\t\t\t\t\t<\/div>\n\n\t\n\n<\/div>","protected":false},"excerpt":{"rendered":"<p>Os pain\u00e9is de vegeta\u00e7\u00e3o para sebes artificiais de buxo s\u00e3o conhecidos pelo seu design excepcional. Esses pain\u00e9is s\u00e3o perfeitos para adicionar privacidade elegante a um local interno ou externo. Instalado em uma parede ou ao longo de uma cerca em seu quintal ou corrim\u00e3o em seu p\u00e1tio, sua casa ser\u00e1 muito mais atraente.<\/p>\n<p>C\u00d3DIGO DO ITEM: GRAMA DA SORTE<br \/>\nMATERIAL: 100% PE novo<br \/>\nTAMANHO REGULAR: 50 cm x 50 cm (20 \u2033 * 20 \u2033)<br \/>\nEST\u00c1VEL UV \/ RESISTENTE AO FOGO: Sim ou opcional<br \/>\nOCASI\u00c3O: Ao ar livre; interior<br \/>\nGARANTIA: Outdoor 3 anos; interno 5 anos<br \/>\nMOQ: 100 m\u00b2<\/p>","protected":false},"featured_media":821,"comment_status":"closed","ping_status":"closed","template":"","meta":[],"product_brand":[],"product_cat":[15],"product_tag":[],"class_list":{"0":"post-819","1":"product","2":"type-product","3":"status-publish","4":"has-post-thumbnail","6":"product_cat-artificial-hedge-mat","8":"first","9":"instock","10":"featured","11":"shipping-taxable","12":"product-type-simple"},"_links":{"self":[{"href":"https:\/\/pandagreens.com\/pt\/wp-json\/wp\/v2\/product\/819","targetHints":{"allow":["GET"]}}],"collection":[{"href":"https:\/\/pandagreens.com\/pt\/wp-json\/wp\/v2\/product"}],"about":[{"href":"https:\/\/pandagreens.com\/pt\/wp-json\/wp\/v2\/types\/product"}],"replies":[{"embeddable":true,"href":"https:\/\/pandagreens.com\/pt\/wp-json\/wp\/v2\/comments?post=819"}],"wp:featuredmedia":[{"embeddable":true,"href":"https:\/\/pandagreens.com\/pt\/wp-json\/wp\/v2\/media\/821"}],"wp:attachment":[{"href":"https:\/\/pandagreens.com\/pt\/wp-json\/wp\/v2\/media?parent=819"}],"wp:term":[{"taxonomy":"product_brand","embeddable":true,"href":"https:\/\/pandagreens.com\/pt\/wp-json\/wp\/v2\/product_brand?post=819"},{"taxonomy":"product_cat","embeddable":true,"href":"https:\/\/pandagreens.com\/pt\/wp-json\/wp\/v2\/product_cat?post=819"},{"taxonomy":"product_tag","embeddable":true,"href":"https:\/\/pandagreens.com\/pt\/wp-json\/wp\/v2\/product_tag?post=819"}],"curies":[{"name":"wp","href":"https:\/\/api.w.org\/{rel}","templated":true}]}}