{"id":823,"date":"2021-04-10T03:52:27","date_gmt":"2021-04-10T03:52:27","guid":{"rendered":"https:\/\/pandagreens.com\/?post_type=product&#038;p=823"},"modified":"2021-04-11T07:12:14","modified_gmt":"2021-04-11T07:12:14","slug":"cable-ties-for-artificial-hedge-panels-installation","status":"publish","type":"product","link":"https:\/\/pandagreens.com\/pt\/produto\/cable-ties-for-artificial-hedge-panels-installation\/","title":{"rendered":"Abra\u00e7adeiras para instala\u00e7\u00e3o de pain\u00e9is de cobertura artificial"},"content":{"rendered":"<p>Especifica\u00e7\u00e3o:<br \/>\nNome do produto: Zip Tie \/ Cable Tie \/ Cable Clipe<br \/>\nMaterial: pl\u00e1stico de alta qualidade<br \/>\nLargura: 3 mm (consulte-nos para outras op\u00e7\u00f5es)<br \/>\nComprimento: 15 mm (consulte-nos para outras op\u00e7\u00f5es)<\/p>\n<p>Cada peda\u00e7o de painel de sebe artificial tem um design intertravado, eles podem ser facilmente conectados simplesmente combinando e clicando. Mas, para um projeto grande, pode ser necess\u00e1rio usar abra\u00e7adeiras \/ abra\u00e7adeiras para proteger e melhorar a conex\u00e3o.<\/p>\n<p>Se voc\u00ea vai instalar os pain\u00e9is de sebe artificial em uma grade de arame ou uma cerca existente, voc\u00ea precisa usar bra\u00e7adeiras \/ abra\u00e7adeiras para prender os pain\u00e9is de sebe artificial \u00e0 grade de arame \/ cerca existente.<\/p>\n<p>Caracter\u00edstica:<br \/>\n1. A cor verde torna as abra\u00e7adeiras invis\u00edveis ap\u00f3s a instala\u00e7\u00e3o.<br \/>\n2. O Zip Tie \/ Cable Tie \/ Cable Clip \u00e9 feito de material pl\u00e1stico de alta qualidade - favor\u00e1vel ao meio ambiente, n\u00e3o t\u00f3xico e dif\u00edcil de desbotar. O produto n\u00e3o \u00e9 apenas dur\u00e1vel, mas tamb\u00e9m est\u00e1vel para uso para uma vida longa.<br \/>\n3. Estas bra\u00e7adeiras tornam a instala\u00e7\u00e3o da sebe artificial muito mais f\u00e1cil. Custando um pouco de tempo, economizando energia e tempo.<br \/>\n4. Qualidade perfeita e controle de detalhes. Excelente acabamento, desempenho est\u00e1vel e maravilhoso<\/p>","protected":false},"excerpt":{"rendered":"<p>Quando voc\u00ea vai precisar das abra\u00e7adeiras \/ abra\u00e7adeiras?<br \/>\n1. Fixe e melhore a conex\u00e3o entre os pain\u00e9is de sebes artificiais.<br \/>\n2. Fixe uma pe\u00e7a conectada de sebes artificiais \u00e0 grade de arame.<\/p>","protected":false},"featured_media":824,"comment_status":"closed","ping_status":"closed","template":"","meta":[],"product_brand":[],"product_cat":[49],"product_tag":[],"class_list":{"0":"post-823","1":"product","2":"type-product","3":"status-publish","4":"has-post-thumbnail","6":"product_cat-accessories","8":"first","9":"instock","10":"shipping-taxable","11":"product-type-simple"},"_links":{"self":[{"href":"https:\/\/pandagreens.com\/pt\/wp-json\/wp\/v2\/product\/823","targetHints":{"allow":["GET"]}}],"collection":[{"href":"https:\/\/pandagreens.com\/pt\/wp-json\/wp\/v2\/product"}],"about":[{"href":"https:\/\/pandagreens.com\/pt\/wp-json\/wp\/v2\/types\/product"}],"replies":[{"embeddable":true,"href":"https:\/\/pandagreens.com\/pt\/wp-json\/wp\/v2\/comments?post=823"}],"wp:featuredmedia":[{"embeddable":true,"href":"https:\/\/pandagreens.com\/pt\/wp-json\/wp\/v2\/media\/824"}],"wp:attachment":[{"href":"https:\/\/pandagreens.com\/pt\/wp-json\/wp\/v2\/media?parent=823"}],"wp:term":[{"taxonomy":"product_brand","embeddable":true,"href":"https:\/\/pandagreens.com\/pt\/wp-json\/wp\/v2\/product_brand?post=823"},{"taxonomy":"product_cat","embeddable":true,"href":"https:\/\/pandagreens.com\/pt\/wp-json\/wp\/v2\/product_cat?post=823"},{"taxonomy":"product_tag","embeddable":true,"href":"https:\/\/pandagreens.com\/pt\/wp-json\/wp\/v2\/product_tag?post=823"}],"curies":[{"name":"wp","href":"https:\/\/api.w.org\/{rel}","templated":true}]}}